{"id":2622,"date":"2025-05-10T19:23:31","date_gmt":"2025-05-10T19:23:31","guid":{"rendered":"https:\/\/mxysport.com\/?page_id=2622"},"modified":"2025-05-29T19:25:44","modified_gmt":"2025-05-29T19:25:44","slug":"datenschutzbestimmungen","status":"publish","type":"page","link":"https:\/\/mxysport.com\/de\/datenschutzbestimmungen\/","title":{"rendered":"Datenschutzbestimmungen"},"content":{"rendered":"<div data-elementor-type=\"wp-page\" data-elementor-id=\"2622\" class=\"elementor elementor-2622\" data-elementor-post-type=\"page\">\n\t\t\t\t<div class=\"elementor-element elementor-element-bb3e154 e-flex e-con-boxed e-con e-parent\" data-id=\"bb3e154\" data-element_type=\"container\" data-e-type=\"container\" data-settings=\"{&quot;background_background&quot;:&quot;classic&quot;,&quot;ekit_has_onepagescroll_dot&quot;:&quot;yes&quot;}\">\n\t\t\t\t\t<div class=\"e-con-inner\">\n\t\t\t\t<div class=\"elementor-element elementor-element-c8343c6 elementor-widget elementor-widget-breadcrumbs\" data-id=\"c8343c6\" data-element_type=\"widget\" data-e-type=\"widget\" data-settings=\"{&quot;ekit_we_effect_on&quot;:&quot;none&quot;}\" data-widget_type=\"breadcrumbs.default\">\n\t\t\t\t<div class=\"elementor-widget-container\">\n\t\t\t\t\t<div><span class=\"last\">Startseite<\/span><\/div>\t\t\t\t<\/div>\n\t\t\t\t<\/div>\n\t\t\t\t<div class=\"elementor-element elementor-element-c924e3d elementor-widget elementor-widget-heading\" data-id=\"c924e3d\" data-element_type=\"widget\" data-e-type=\"widget\" data-settings=\"{&quot;ekit_we_effect_on&quot;:&quot;none&quot;}\" data-widget_type=\"heading.default\">\n\t\t\t\t<div class=\"elementor-widget-container\">\n\t\t\t\t\t<h1 class=\"elementor-heading-title elementor-size-default\">Datenschutzbestimmungen<\/h1>\t\t\t\t<\/div>\n\t\t\t\t<\/div>\n\t\t\t\t<div class=\"elementor-element elementor-element-86d497a elementor-widget elementor-widget-text-editor\" data-id=\"86d497a\" data-element_type=\"widget\" data-e-type=\"widget\" data-settings=\"{&quot;ekit_we_effect_on&quot;:&quot;none&quot;}\" data-widget_type=\"text-editor.default\">\n\t\t\t\t<div class=\"elementor-widget-container\">\n\t\t\t\t\t\t\t\t\tWir sch\u00e4tzen Ihre Privatsph\u00e4re. Unsere Richtlinie beschreibt, wie wir Ihre pers\u00f6nlichen Daten erfassen, verwenden und sch\u00fctzen, um eine sichere und transparente Erfahrung bei der Nutzung unserer Dienste zu gew\u00e4hrleisten.\t\t\t\t\t\t\t\t<\/div>\n\t\t\t\t<\/div>\n\t\t<div class=\"elementor-element elementor-element-ebccec1 e-con-full e-flex e-con e-child\" data-id=\"ebccec1\" data-element_type=\"container\" data-e-type=\"container\" data-settings=\"{&quot;ekit_has_onepagescroll_dot&quot;:&quot;yes&quot;}\">\n\t\t\t\t<div class=\"elementor-element elementor-element-e17064b elementor-widget elementor-widget-shortcode\" data-id=\"e17064b\" data-element_type=\"widget\" data-e-type=\"widget\" data-settings=\"{&quot;ekit_we_effect_on&quot;:&quot;none&quot;}\" data-widget_type=\"shortcode.default\">\n\t\t\t\t<div class=\"elementor-widget-container\">\n\t\t\t\t\t\t\t<div class=\"elementor-shortcode\">\t\t<div data-elementor-type=\"container\" data-elementor-id=\"3255\" class=\"elementor elementor-3255\" data-elementor-post-type=\"elementor_library\">\n\t\t\t\t<div class=\"elementor-element elementor-element-600a766 e-con-full e-flex e-con e-child\" data-id=\"600a766\" data-element_type=\"container\" data-e-type=\"container\" data-settings=\"{&quot;ekit_has_onepagescroll_dot&quot;:&quot;yes&quot;}\">\n\t\t\t\t<div class=\"elementor-element elementor-element-ac0d404 elementor-widget elementor-widget-button\" data-id=\"ac0d404\" data-element_type=\"widget\" data-e-type=\"widget\" data-settings=\"{&quot;ekit_we_effect_on&quot;:&quot;none&quot;}\" data-widget_type=\"button.default\">\n\t\t\t\t<div class=\"elementor-widget-container\">\n\t\t\t\t\t\t\t\t\t<div class=\"elementor-button-wrapper\">\n\t\t\t\t\t<a class=\"elementor-button elementor-button-link elementor-size-sm\" href=\"#elementor-action%3Aaction%3Dpopup%3Aopen%26settings%3DeyJpZCI6IjMyNDYiLCJ0b2dnbGUiOmZhbHNlfQ%3D%3D\">\n\t\t\t\t\t\t<span class=\"elementor-button-content-wrapper\">\n\t\t\t\t\t\t\t\t\t<span class=\"elementor-button-text\">Sofortiges Angebot einholen<\/span>\n\t\t\t\t\t<\/span>\n\t\t\t\t\t<\/a>\n\t\t\t\t<\/div>\n\t\t\t\t\t\t\t\t<\/div>\n\t\t\t\t<\/div>\n\t\t\t\t<div class=\"elementor-element elementor-element-b2bf82f elementor-icon-list--layout-traditional elementor-list-item-link-full_width elementor-widget elementor-widget-icon-list\" data-id=\"b2bf82f\" data-element_type=\"widget\" data-e-type=\"widget\" data-settings=\"{&quot;ekit_we_effect_on&quot;:&quot;none&quot;}\" data-widget_type=\"icon-list.default\">\n\t\t\t\t<div class=\"elementor-widget-container\">\n\t\t\t\t\t\t\t<ul class=\"elementor-icon-list-items\">\n\t\t\t\t\t\t\t<li class=\"elementor-icon-list-item\">\n\t\t\t\t\t\t\t\t\t\t\t<span class=\"elementor-icon-list-icon\">\n\t\t\t\t\t\t\t<svg aria-hidden=\"true\" class=\"e-font-icon-svg e-fas-lock\" viewbox=\"0 0 448 512\" xmlns=\"http:\/\/www.w3.org\/2000\/svg\"><path d=\"M400 224h-24v-72C376 68.2 307.8 0 224 0S72 68.2 72 152v72H48c-26.5 0-48 21.5-48 48v192c0 26.5 21.5 48 48 48h352c26.5 0 48-21.5 48-48V272c0-26.5-21.5-48-48-48zm-104 0H152v-72c0-39.7 32.3-72 72-72s72 32.3 72 72v72z\"><\/path><\/svg>\t\t\t\t\t\t<\/span>\n\t\t\t\t\t\t\t\t\t\t<span class=\"elementor-icon-list-text\">Alle Uploads sind sicher und vertraulich<\/span>\n\t\t\t\t\t\t\t\t\t<\/li>\n\t\t\t\t\t\t<\/ul>\n\t\t\t\t\t\t<\/div>\n\t\t\t\t<\/div>\n\t\t\t\t<\/div>\n\t\t\t\t<\/div>\n\t\t<\/div>\n\t\t\t\t\t\t<\/div>\n\t\t\t\t<\/div>\n\t\t\t\t<\/div>\n\t\t\t\t\t<\/div>\n\t\t\t\t<\/div>\n\t\t<div class=\"elementor-element elementor-element-a0bd9e1 e-flex e-con-boxed e-con e-parent\" data-id=\"a0bd9e1\" data-element_type=\"container\" data-e-type=\"container\" data-settings=\"{&quot;ekit_has_onepagescroll_dot&quot;:&quot;yes&quot;}\">\n\t\t\t\t\t<div class=\"e-con-inner\">\n\t\t\t\t<div class=\"elementor-element elementor-element-0defa53 elementor-widget elementor-widget-text-editor\" data-id=\"0defa53\" data-element_type=\"widget\" data-e-type=\"widget\" data-settings=\"{&quot;ekit_we_effect_on&quot;:&quot;none&quot;}\" data-widget_type=\"text-editor.default\">\n\t\t\t\t<div class=\"elementor-widget-container\">\n\t\t\t\t\t\t\t\t\t<div class=\"elementor-element elementor-element-92fceaf elementor-widget elementor-widget-heading\" data-id=\"92fceaf\" data-element_type=\"widget\" data-settings=\"{&quot;ekit_we_effect_on&quot;:&quot;none&quot;}\" data-widget_type=\"heading.default\"><div class=\"elementor-widget-container\"><h2 class=\"elementor-heading-title elementor-size-default\"><span style=\"color: #000000;\">Datenschutzbestimmungen<\/span><\/h2><\/div><\/div><div class=\"elementor-element elementor-element-028b6dd elementor-widget elementor-widget-text-editor\" data-id=\"028b6dd\" data-element_type=\"widget\" data-settings=\"{&quot;ekit_we_effect_on&quot;:&quot;none&quot;}\" data-widget_type=\"text-editor.default\"><div class=\"elementor-widget-container\"><span style=\"color: #000000;\">Dongguan Xinyang Sporting Goods Co., Ltd. (\"wir\", \"unser\" oder \"uns\") sch\u00e4tzt Ihre Privatsph\u00e4re und verpflichtet sich, Ihre pers\u00f6nlichen Daten zu sch\u00fctzen. In dieser Datenschutzrichtlinie wird erl\u00e4utert, wie wir Ihre Daten erfassen, verwenden, weitergeben und sch\u00fctzen, wenn Sie unsere Website besuchen und unsere Dienste in Anspruch nehmen.<\/span><\/div><\/div><div class=\"elementor-element elementor-element-95ce025 elementor-widget elementor-widget-heading\" data-id=\"95ce025\" data-element_type=\"widget\" data-settings=\"{&quot;ekit_we_effect_on&quot;:&quot;none&quot;}\" data-widget_type=\"heading.default\"><div class=\"elementor-widget-container\"><h3 class=\"elementor-heading-title elementor-size-default\"><span style=\"color: #000000;\">1. Informationen, die wir sammeln<\/span><\/h3><\/div><\/div><div class=\"elementor-element elementor-element-d510fc6 elementor-widget elementor-widget-text-editor\" data-id=\"d510fc6\" data-element_type=\"widget\" data-settings=\"{&quot;ekit_we_effect_on&quot;:&quot;none&quot;}\" data-widget_type=\"text-editor.default\"><div class=\"elementor-widget-container\"><p><span style=\"color: #000000;\">Wir k\u00f6nnen die folgenden Arten von personenbezogenen Daten erfassen:<\/span><\/p><ul><li><span style=\"color: #000000;\"><strong>Informationen zur pers\u00f6nlichen Identifizierung:<\/strong>\u00a0Name, E-Mail-Adresse, Telefonnummer, Postanschrift.<\/span><\/li><li><span style=\"color: #000000;\"><strong>Informationen zur Bestellung:<\/strong>\u00a0Bestelldaten, Zahlungsinformationen, Rechnungs- und Lieferadresse.<\/span><\/li><li><span style=\"color: #000000;\"><strong>Technische Informationen:<\/strong>\u00a0IP-Adresse, Browser-Typ, Ger\u00e4teinformationen und Browsing-Aktivit\u00e4ten auf unserer Website.<\/span><\/li><li><span style=\"color: #000000;\"><strong>Weitere Informationen:<\/strong>\u00a0Alle zus\u00e4tzlichen Informationen, die Sie bei Kundenanfragen, Umfragen oder Feedback-Formularen angeben.<\/span><\/li><\/ul><\/div><\/div><div class=\"elementor-element elementor-element-d344302 elementor-widget elementor-widget-heading\" data-id=\"d344302\" data-element_type=\"widget\" data-settings=\"{&quot;ekit_we_effect_on&quot;:&quot;none&quot;}\" data-widget_type=\"heading.default\"><div class=\"elementor-widget-container\"><h3 class=\"elementor-heading-title elementor-size-default\"><span style=\"color: #000000;\">2. Wie wir Ihre Informationen verwenden<\/span><\/h3><\/div><\/div><div class=\"elementor-element elementor-element-6ceea7b elementor-widget elementor-widget-text-editor\" data-id=\"6ceea7b\" data-element_type=\"widget\" data-settings=\"{&quot;ekit_we_effect_on&quot;:&quot;none&quot;}\" data-widget_type=\"text-editor.default\"><div class=\"elementor-widget-container\"><p><span style=\"color: #000000;\">Wir verwenden die gesammelten Informationen, um:<\/span><\/p><ul><li><span style=\"color: #000000;\">Bearbeitung von Bestellungen und Bereitstellung von Produkten oder Dienstleistungen.<\/span><\/li><li><span style=\"color: #000000;\">mit Ihnen \u00fcber Ihre Bestellungen, Anfragen oder Support-Anforderungen zu kommunizieren.<\/span><\/li><li><span style=\"color: #000000;\">Verbesserung unserer Website, Produkte und Dienstleistungen auf der Grundlage von Kundenfeedback.<\/span><\/li><li><span style=\"color: #000000;\">Durchf\u00fchrung von Marktanalysen zum besseren Verst\u00e4ndnis der Kundenpr\u00e4ferenzen.<\/span><\/li><li><span style=\"color: #000000;\">Einhaltung rechtlicher Verpflichtungen und Schutz vor m\u00f6glichem Betrug.<\/span><\/li><\/ul><\/div><\/div><div class=\"elementor-element elementor-element-6102571 elementor-widget elementor-widget-heading\" data-id=\"6102571\" data-element_type=\"widget\" data-settings=\"{&quot;ekit_we_effect_on&quot;:&quot;none&quot;}\" data-widget_type=\"heading.default\"><div class=\"elementor-widget-container\"><h3 class=\"elementor-heading-title elementor-size-default\"><span style=\"color: #000000;\">3. Informationsaustausch und Offenlegung<\/span><\/h3><\/div><\/div><div class=\"elementor-element elementor-element-88d72bb elementor-widget elementor-widget-text-editor\" data-id=\"88d72bb\" data-element_type=\"widget\" data-settings=\"{&quot;ekit_we_effect_on&quot;:&quot;none&quot;}\" data-widget_type=\"text-editor.default\"><div class=\"elementor-widget-container\"><p><span style=\"color: #000000;\">Wir k\u00f6nnen Ihre Daten unter bestimmten Umst\u00e4nden weitergeben, wie zum Beispiel:<\/span><\/p><ul><li><span style=\"color: #000000;\"><strong>Anbieter von Dienstleistungen:<\/strong>\u00a0Mit vertrauensw\u00fcrdigen Drittanbietern, die uns beim Betrieb unserer Website, bei der Ausf\u00fchrung von Bestellungen und bei der Durchf\u00fchrung von Gesch\u00e4ftsfunktionen in unserem Namen unterst\u00fctzen.<\/span><\/li><li><span style=\"color: #000000;\"><strong>Rechtliche Anforderungen:<\/strong>\u00a0Wenn dies gesetzlich vorgeschrieben ist oder um die Rechte, die Sicherheit und das Eigentum unseres Unternehmens, unserer Mitarbeiter oder unserer Kunden zu sch\u00fctzen.<\/span><\/li><\/ul><\/div><\/div><div class=\"elementor-element elementor-element-0bd784e elementor-widget elementor-widget-text-editor\" data-id=\"0bd784e\" data-element_type=\"widget\" data-settings=\"{&quot;ekit_we_effect_on&quot;:&quot;none&quot;}\" data-widget_type=\"text-editor.default\"><div class=\"elementor-widget-container\"><span style=\"color: #000000;\">Wir werden Ihre pers\u00f6nlichen Daten nicht verkaufen, tauschen oder anderweitig ohne Ihre Zustimmung an Dritte weitergeben, au\u00dfer wie in dieser Datenschutzrichtlinie beschrieben.<\/span><\/div><\/div><div class=\"elementor-element elementor-element-2c426f6 elementor-widget elementor-widget-heading\" data-id=\"2c426f6\" data-element_type=\"widget\" data-settings=\"{&quot;ekit_we_effect_on&quot;:&quot;none&quot;}\" data-widget_type=\"heading.default\"><div class=\"elementor-widget-container\"><h3 class=\"elementor-heading-title elementor-size-default\"><span style=\"color: #000000;\">4. Datensicherheit<\/span><\/h3><\/div><\/div><div class=\"elementor-element elementor-element-0f9c7e1 elementor-widget elementor-widget-text-editor\" data-id=\"0f9c7e1\" data-element_type=\"widget\" data-settings=\"{&quot;ekit_we_effect_on&quot;:&quot;none&quot;}\" data-widget_type=\"text-editor.default\"><div class=\"elementor-widget-container\"><span style=\"color: #000000;\">Wir ergreifen geeignete technische und organisatorische Ma\u00dfnahmen, um Ihre Daten vor unbefugtem Zugriff, Verlust oder Missbrauch zu sch\u00fctzen. Bitte beachten Sie jedoch, dass keine Methode der Daten\u00fcbertragung oder -speicherung als 100% sicher garantiert werden kann.<\/span><\/div><\/div><div class=\"elementor-element elementor-element-7a381db elementor-widget elementor-widget-heading\" data-id=\"7a381db\" data-element_type=\"widget\" data-settings=\"{&quot;ekit_we_effect_on&quot;:&quot;none&quot;}\" data-widget_type=\"heading.default\"><div class=\"elementor-widget-container\"><h3 class=\"elementor-heading-title elementor-size-default\"><span style=\"color: #000000;\">5. Deine Rechte<\/span><\/h3><\/div><\/div><div class=\"elementor-element elementor-element-abb9127 elementor-widget elementor-widget-text-editor\" data-id=\"abb9127\" data-element_type=\"widget\" data-settings=\"{&quot;ekit_we_effect_on&quot;:&quot;none&quot;}\" data-widget_type=\"text-editor.default\"><div class=\"elementor-widget-container\"><p><span style=\"color: #000000;\">Je nach Ihrem Wohnort haben Sie m\u00f6glicherweise Rechte in Bezug auf Ihre pers\u00f6nlichen Daten, wie z. B.:<\/span><\/p><ul><li><span style=\"color: #000000;\">Zugriff, Aktualisierung oder L\u00f6schung Ihrer pers\u00f6nlichen Daten.<\/span><\/li><li><span style=\"color: #000000;\">Widerruf der Zustimmung zur Datenverarbeitung, sofern zutreffend.<\/span><\/li><li><span style=\"color: #000000;\">Abmeldung von Marketingmitteilungen.<\/span><\/li><\/ul><\/div><\/div><div class=\"elementor-element elementor-element-4b9089f elementor-widget elementor-widget-text-editor\" data-id=\"4b9089f\" data-element_type=\"widget\" data-settings=\"{&quot;ekit_we_effect_on&quot;:&quot;none&quot;}\" data-widget_type=\"text-editor.default\"><div class=\"elementor-widget-container\"><span style=\"color: #000000;\">Wenn Sie diese Rechte aus\u00fcben m\u00f6chten, wenden Sie sich bitte an die nachstehenden Kontaktangaben.<\/span><\/div><\/div><div class=\"elementor-element elementor-element-a5baaa7 elementor-widget elementor-widget-heading\" data-id=\"a5baaa7\" data-element_type=\"widget\" data-settings=\"{&quot;ekit_we_effect_on&quot;:&quot;none&quot;}\" data-widget_type=\"heading.default\"><div class=\"elementor-widget-container\"><h3 class=\"elementor-heading-title elementor-size-default\"><span style=\"color: #000000;\">6. Cookies<\/span><\/h3><\/div><\/div><div class=\"elementor-element elementor-element-4e9e80c elementor-widget elementor-widget-text-editor\" data-id=\"4e9e80c\" data-element_type=\"widget\" data-settings=\"{&quot;ekit_we_effect_on&quot;:&quot;none&quot;}\" data-widget_type=\"text-editor.default\"><div class=\"elementor-widget-container\"><span style=\"color: #000000;\">Wir verwenden Cookies und \u00e4hnliche Technologien, um Ihre Erfahrung auf unserer Website zu verbessern. Cookies erm\u00f6glichen es uns, das Nutzerverhalten zu verstehen, die Leistung der Website zu verbessern und Inhalte zu personalisieren. Sie k\u00f6nnen Ihre Cookie-Pr\u00e4ferenzen \u00fcber Ihre Browser-Einstellungen verwalten.<\/span><\/div><\/div><div class=\"elementor-element elementor-element-56f8c27 elementor-widget elementor-widget-heading\" data-id=\"56f8c27\" data-element_type=\"widget\" data-settings=\"{&quot;ekit_we_effect_on&quot;:&quot;none&quot;}\" data-widget_type=\"heading.default\"><div class=\"elementor-widget-container\"><h3 class=\"elementor-heading-title elementor-size-default\"><span style=\"color: #000000;\">7. \u00c4nderungen an dieser Datenschutzrichtlinie<\/span><\/h3><\/div><\/div><div class=\"elementor-element elementor-element-b7c0e54 elementor-widget elementor-widget-text-editor\" data-id=\"b7c0e54\" data-element_type=\"widget\" data-settings=\"{&quot;ekit_we_effect_on&quot;:&quot;none&quot;}\" data-widget_type=\"text-editor.default\"><div class=\"elementor-widget-container\"><span style=\"color: #000000;\">Wir behalten uns vor, diese Datenschutzrichtlinie von Zeit zu Zeit zu aktualisieren, um \u00c4nderungen in unseren Praktiken oder gesetzlichen Anforderungen Rechnung zu tragen. Wir werden Sie \u00fcber alle wesentlichen \u00c4nderungen informieren, indem wir die aktualisierte Richtlinie auf unserer Website ver\u00f6ffentlichen.<\/span><\/div><\/div><div class=\"elementor-element elementor-element-821db01 elementor-widget elementor-widget-heading\" data-id=\"821db01\" data-element_type=\"widget\" data-settings=\"{&quot;ekit_we_effect_on&quot;:&quot;none&quot;}\" data-widget_type=\"heading.default\"><div class=\"elementor-widget-container\"><h3 class=\"elementor-heading-title elementor-size-default\"><span style=\"color: #000000;\">8. Kontakt<\/span><\/h3><\/div><\/div><div class=\"elementor-element elementor-element-60b1056 elementor-widget elementor-widget-text-editor\" data-id=\"60b1056\" data-element_type=\"widget\" data-settings=\"{&quot;ekit_we_effect_on&quot;:&quot;none&quot;}\" data-widget_type=\"text-editor.default\"><div class=\"elementor-widget-container\"><span style=\"color: #000000;\">Wenn Sie Fragen zu dieser Datenschutzrichtlinie oder unseren Datenpraktiken haben, wenden Sie sich bitte an uns:<\/span><br \/><span style=\"color: #000000;\"><strong>Dongguan Xinyang Sporting Goods Co., Ltd.<\/strong><\/span><br \/><span style=\"color: #000000;\">Adresse:<strong>\u00a01319 Zhongzheng Building, No.82 Dongmen Middle Road, Changan Town, Dongguan City, Provinz Guangdong<\/strong><\/span><br \/><span style=\"color: #000000;\">E-Mail:\u00a0<strong>mxysports@gmail.com<\/strong><\/span><br \/><span style=\"color: #000000;\">Telefon:<strong>+86-13267261491<\/strong><\/span><\/div><\/div>\t\t\t\t\t\t\t\t<\/div>\n\t\t\t\t<\/div>\n\t\t\t\t\t<\/div>\n\t\t\t\t<\/div>\n\t\t\t\t<\/div>","protected":false},"excerpt":{"rendered":"<p>Home Wir sch\u00e4tzen Ihre Privatsph\u00e4re. Unsere Richtlinie beschreibt, wie wir Ihre pers\u00f6nlichen Daten sammeln, verwenden und sch\u00fctzen, um eine sichere und transparente Erfahrung bei der Nutzung unserer Dienste zu gew\u00e4hrleisten. Datenschutzerkl\u00e4rung Dongguan Xinyang Sporting Goods Co., Ltd. (\"wir\", \"unser\" oder \"uns\") sch\u00e4tzt Ihre Privatsph\u00e4re und verpflichtet sich, Ihre pers\u00f6nlichen Daten zu sch\u00fctzen. Diese Datenschutzrichtlinie erkl\u00e4rt [...]<\/p>","protected":false},"author":2,"featured_media":0,"parent":0,"menu_order":0,"comment_status":"closed","ping_status":"closed","template":"","meta":{"_acf_changed":false,"footnotes":""},"class_list":["post-2622","page","type-page","status-publish","hentry"],"acf":[],"_links":{"self":[{"href":"https:\/\/mxysport.com\/de\/wp-json\/wp\/v2\/pages\/2622","targetHints":{"allow":["GET"]}}],"collection":[{"href":"https:\/\/mxysport.com\/de\/wp-json\/wp\/v2\/pages"}],"about":[{"href":"https:\/\/mxysport.com\/de\/wp-json\/wp\/v2\/types\/page"}],"author":[{"embeddable":true,"href":"https:\/\/mxysport.com\/de\/wp-json\/wp\/v2\/users\/2"}],"replies":[{"embeddable":true,"href":"https:\/\/mxysport.com\/de\/wp-json\/wp\/v2\/comments?post=2622"}],"version-history":[{"count":34,"href":"https:\/\/mxysport.com\/de\/wp-json\/wp\/v2\/pages\/2622\/revisions"}],"predecessor-version":[{"id":3355,"href":"https:\/\/mxysport.com\/de\/wp-json\/wp\/v2\/pages\/2622\/revisions\/3355"}],"wp:attachment":[{"href":"https:\/\/mxysport.com\/de\/wp-json\/wp\/v2\/media?parent=2622"}],"curies":[{"name":"wp","href":"https:\/\/api.w.org\/{rel}","templated":true}]}}