{"id":2624,"date":"2025-05-10T19:24:06","date_gmt":"2025-05-10T19:24:06","guid":{"rendered":"https:\/\/mxysport.com\/?page_id=2624"},"modified":"2025-05-29T19:25:00","modified_gmt":"2025-05-29T19:25:00","slug":"retouren-erstattungen","status":"publish","type":"page","link":"https:\/\/mxysport.com\/de\/retouren-erstattungen\/","title":{"rendered":"R\u00fcckgabe und R\u00fcckerstattung"},"content":{"rendered":"<div data-elementor-type=\"wp-page\" data-elementor-id=\"2624\" class=\"elementor elementor-2624\" data-elementor-post-type=\"page\">\n\t\t\t\t<div class=\"elementor-element elementor-element-120376f e-flex e-con-boxed e-con e-parent\" data-id=\"120376f\" data-element_type=\"container\" data-settings=\"{&quot;background_background&quot;:&quot;classic&quot;,&quot;ekit_has_onepagescroll_dot&quot;:&quot;yes&quot;}\">\n\t\t\t\t\t<div class=\"e-con-inner\">\n\t\t\t\t<div class=\"elementor-element elementor-element-d2b4052 elementor-widget elementor-widget-breadcrumbs\" data-id=\"d2b4052\" data-element_type=\"widget\" data-settings=\"{&quot;ekit_we_effect_on&quot;:&quot;none&quot;}\" data-widget_type=\"breadcrumbs.default\">\n\t\t\t\t<div class=\"elementor-widget-container\">\n\t\t\t\t\t<div><span class=\"last\">Startseite<\/span><\/div>\t\t\t\t<\/div>\n\t\t\t\t<\/div>\n\t\t\t\t<div class=\"elementor-element elementor-element-e5cfec2 elementor-widget elementor-widget-heading\" data-id=\"e5cfec2\" data-element_type=\"widget\" data-settings=\"{&quot;ekit_we_effect_on&quot;:&quot;none&quot;}\" data-widget_type=\"heading.default\">\n\t\t\t\t<div class=\"elementor-widget-container\">\n\t\t\t\t\t<h1 class=\"elementor-heading-title elementor-size-default\">R\u00fcckgabe und R\u00fcckerstattung<\/h1>\t\t\t\t<\/div>\n\t\t\t\t<\/div>\n\t\t\t\t<div class=\"elementor-element elementor-element-e2c407c elementor-widget elementor-widget-text-editor\" data-id=\"e2c407c\" data-element_type=\"widget\" data-settings=\"{&quot;ekit_we_effect_on&quot;:&quot;none&quot;}\" data-widget_type=\"text-editor.default\">\n\t\t\t\t<div class=\"elementor-widget-container\">\n\t\t\t\t\t\t\t\t\tUnsere Richtlinien f\u00fcr R\u00fccksendungen und R\u00fcckerstattungen gew\u00e4hrleisten einen reibungslosen Ablauf f\u00fcr berechtigte Artikel. Lesen Sie unsere Richtlinien, um den Zeitrahmen, die Bedingungen und die Schritte f\u00fcr die R\u00fcckgabe von Produkten oder die Beantragung von R\u00fcckerstattungen zu verstehen.\t\t\t\t\t\t\t\t<\/div>\n\t\t\t\t<\/div>\n\t\t<div class=\"elementor-element elementor-element-760593a e-con-full e-flex e-con e-child\" data-id=\"760593a\" data-element_type=\"container\" data-settings=\"{&quot;ekit_has_onepagescroll_dot&quot;:&quot;yes&quot;}\">\n\t\t\t\t<div class=\"elementor-element elementor-element-15ec568 elementor-widget elementor-widget-shortcode\" data-id=\"15ec568\" data-element_type=\"widget\" data-settings=\"{&quot;ekit_we_effect_on&quot;:&quot;none&quot;}\" data-widget_type=\"shortcode.default\">\n\t\t\t\t<div class=\"elementor-widget-container\">\n\t\t\t\t\t\t\t<div class=\"elementor-shortcode\">\t\t<div data-elementor-type=\"container\" data-elementor-id=\"3255\" class=\"elementor elementor-3255\" data-elementor-post-type=\"elementor_library\">\n\t\t\t\t<div class=\"elementor-element elementor-element-600a766 e-con-full e-flex e-con e-child\" data-id=\"600a766\" data-element_type=\"container\" data-settings=\"{&quot;ekit_has_onepagescroll_dot&quot;:&quot;yes&quot;}\">\n\t\t\t\t<div class=\"elementor-element elementor-element-ac0d404 elementor-widget elementor-widget-button\" data-id=\"ac0d404\" data-element_type=\"widget\" data-settings=\"{&quot;ekit_we_effect_on&quot;:&quot;none&quot;}\" data-widget_type=\"button.default\">\n\t\t\t\t<div class=\"elementor-widget-container\">\n\t\t\t\t\t\t\t\t\t<div class=\"elementor-button-wrapper\">\n\t\t\t\t\t<a class=\"elementor-button elementor-button-link elementor-size-sm\" href=\"#elementor-action%3Aaction%3Dpopup%3Aopen%26settings%3DeyJpZCI6IjMyNDYiLCJ0b2dnbGUiOmZhbHNlfQ%3D%3D\">\n\t\t\t\t\t\t<span class=\"elementor-button-content-wrapper\">\n\t\t\t\t\t\t\t\t\t<span class=\"elementor-button-text\">Sofortiges Angebot einholen<\/span>\n\t\t\t\t\t<\/span>\n\t\t\t\t\t<\/a>\n\t\t\t\t<\/div>\n\t\t\t\t\t\t\t\t<\/div>\n\t\t\t\t<\/div>\n\t\t\t\t<div class=\"elementor-element elementor-element-b2bf82f elementor-icon-list--layout-traditional elementor-list-item-link-full_width elementor-widget elementor-widget-icon-list\" data-id=\"b2bf82f\" data-element_type=\"widget\" data-settings=\"{&quot;ekit_we_effect_on&quot;:&quot;none&quot;}\" data-widget_type=\"icon-list.default\">\n\t\t\t\t<div class=\"elementor-widget-container\">\n\t\t\t\t\t\t\t<ul class=\"elementor-icon-list-items\">\n\t\t\t\t\t\t\t<li class=\"elementor-icon-list-item\">\n\t\t\t\t\t\t\t\t\t\t\t<span class=\"elementor-icon-list-icon\">\n\t\t\t\t\t\t\t<svg aria-hidden=\"true\" class=\"e-font-icon-svg e-fas-lock\" viewbox=\"0 0 448 512\" xmlns=\"http:\/\/www.w3.org\/2000\/svg\"><path d=\"M400 224h-24v-72C376 68.2 307.8 0 224 0S72 68.2 72 152v72H48c-26.5 0-48 21.5-48 48v192c0 26.5 21.5 48 48 48h352c26.5 0 48-21.5 48-48V272c0-26.5-21.5-48-48-48zm-104 0H152v-72c0-39.7 32.3-72 72-72s72 32.3 72 72v72z\"><\/path><\/svg>\t\t\t\t\t\t<\/span>\n\t\t\t\t\t\t\t\t\t\t<span class=\"elementor-icon-list-text\">Alle Uploads sind sicher und vertraulich<\/span>\n\t\t\t\t\t\t\t\t\t<\/li>\n\t\t\t\t\t\t<\/ul>\n\t\t\t\t\t\t<\/div>\n\t\t\t\t<\/div>\n\t\t\t\t<\/div>\n\t\t\t\t<\/div>\n\t\t<\/div>\n\t\t\t\t\t\t<\/div>\n\t\t\t\t<\/div>\n\t\t\t\t<\/div>\n\t\t\t\t\t<\/div>\n\t\t\t\t<\/div>\n\t\t<div class=\"elementor-element elementor-element-34d3542 e-flex e-con-boxed e-con e-parent\" data-id=\"34d3542\" data-element_type=\"container\" data-settings=\"{&quot;ekit_has_onepagescroll_dot&quot;:&quot;yes&quot;}\">\n\t\t\t\t\t<div class=\"e-con-inner\">\n\t\t\t\t<div class=\"elementor-element elementor-element-1668b85 elementor-widget elementor-widget-text-editor\" data-id=\"1668b85\" data-element_type=\"widget\" data-settings=\"{&quot;ekit_we_effect_on&quot;:&quot;none&quot;}\" data-widget_type=\"text-editor.default\">\n\t\t\t\t<div class=\"elementor-widget-container\">\n\t\t\t\t\t\t\t\t\t<div class=\"elementor-element elementor-element-73668eb elementor-widget elementor-widget-heading\" data-id=\"73668eb\" data-element_type=\"widget\" data-settings=\"{&quot;ekit_we_effect_on&quot;:&quot;none&quot;}\" data-widget_type=\"heading.default\"><div class=\"elementor-widget-container\"><h2 class=\"elementor-heading-title elementor-size-default\"><span style=\"color: #000000;\">R\u00fcckgabe und R\u00fcckerstattung<\/span><\/h2><\/div><\/div><div class=\"elementor-element elementor-element-a2f183c elementor-widget elementor-widget-text-editor\" data-id=\"a2f183c\" data-element_type=\"widget\" data-settings=\"{&quot;ekit_we_effect_on&quot;:&quot;none&quot;}\" data-widget_type=\"text-editor.default\"><div class=\"elementor-widget-container\"><span style=\"color: #000000;\">Bei Dongguan Xinyang Sporting Goods Co., Ltd. sind wir bestrebt sicherzustellen, dass unsere Kunden mit ihren Eink\u00e4ufen zufrieden sind. Wenn Sie mit Ihrem Produkt nicht zufrieden sind, lesen Sie bitte unsere R\u00fcckgabe- und Erstattungsrichtlinien unten.<\/span><\/div><\/div><div class=\"elementor-element elementor-element-50e9cd0 elementor-widget elementor-widget-heading\" data-id=\"50e9cd0\" data-element_type=\"widget\" data-settings=\"{&quot;ekit_we_effect_on&quot;:&quot;none&quot;}\" data-widget_type=\"heading.default\"><div class=\"elementor-widget-container\"><h3 class=\"elementor-heading-title elementor-size-default\"><span style=\"color: #000000;\">1. Zul\u00e4ssigkeit von R\u00fccksendungen<\/span><\/h3><\/div><\/div><div class=\"elementor-element elementor-element-02c409e elementor-widget elementor-widget-text-editor\" data-id=\"02c409e\" data-element_type=\"widget\" data-settings=\"{&quot;ekit_we_effect_on&quot;:&quot;none&quot;}\" data-widget_type=\"text-editor.default\"><div class=\"elementor-widget-container\"><p><span style=\"color: #000000;\">Um f\u00fcr eine R\u00fcckgabe in Frage zu kommen, muss der Artikel die folgenden Bedingungen erf\u00fcllen:<\/span><\/p><ul><li><span style=\"color: #000000;\"><strong>Zustand:<\/strong>\u00a0Die Artikel m\u00fcssen unbenutzt, in ihrem urspr\u00fcnglichen Zustand und in der Originalverpackung sein.<\/span><\/li><li><span style=\"color: #000000;\"><strong>Zeitrahmen:<\/strong>\u00a0Die R\u00fccksendung muss innerhalb von [Anzahl einf\u00fcgen] Tagen nach Erhalt des Produkts erfolgen.<\/span><\/li><li><span style=\"color: #000000;\"><strong>Kaufnachweis:<\/strong>\u00a0F\u00fcr alle R\u00fccksendungen ist eine g\u00fcltige Quittung oder ein Kaufbeleg erforderlich.<\/span><\/li><\/ul><p><span style=\"color: #000000;\">Bestimmte Artikel, einschlie\u00dflich kundenspezifischer oder personalisierter Bestellungen, k\u00f6nnen unter Umst\u00e4nden nicht zur\u00fcckgegeben werden. Bitte wenden Sie sich an unseren Kundenservice, wenn Sie Fragen zu bestimmten Produkten haben.<\/span><\/p><\/div><\/div><div class=\"elementor-element elementor-element-c217c72 elementor-widget elementor-widget-heading\" data-id=\"c217c72\" data-element_type=\"widget\" data-settings=\"{&quot;ekit_we_effect_on&quot;:&quot;none&quot;}\" data-widget_type=\"heading.default\"><div class=\"elementor-widget-container\"><h3 class=\"elementor-heading-title elementor-size-default\"><span style=\"color: #000000;\">2. Nicht zur\u00fccknehmbare Artikel<\/span><\/h3><\/div><\/div><div class=\"elementor-element elementor-element-9a99a4b elementor-widget elementor-widget-text-editor\" data-id=\"9a99a4b\" data-element_type=\"widget\" data-settings=\"{&quot;ekit_we_effect_on&quot;:&quot;none&quot;}\" data-widget_type=\"text-editor.default\"><div class=\"elementor-widget-container\"><p><span style=\"color: #000000;\">Wir akzeptieren keine R\u00fccksendungen f\u00fcr bestimmte Artikel, einschlie\u00dflich, aber nicht beschr\u00e4nkt auf:<\/span><\/p><ul><li><span style=\"color: #000000;\">Ma\u00dfgeschneiderte oder personalisierte Produkte<\/span><\/li><li><span style=\"color: #000000;\">Erm\u00e4\u00dfigte Artikel oder Schlussverkauf<\/span><\/li><li><span style=\"color: #000000;\">Artikel, die vom Kunden benutzt oder besch\u00e4digt wurden<\/span><\/li><\/ul><\/div><\/div><div class=\"elementor-element elementor-element-39f3a6c elementor-widget elementor-widget-heading\" data-id=\"39f3a6c\" data-element_type=\"widget\" data-settings=\"{&quot;ekit_we_effect_on&quot;:&quot;none&quot;}\" data-widget_type=\"heading.default\"><div class=\"elementor-widget-container\"><h3 class=\"elementor-heading-title elementor-size-default\"><span style=\"color: #000000;\">3. R\u00fcckgabeprozess<\/span><\/h3><\/div><\/div><div class=\"elementor-element elementor-element-0349f74 elementor-widget elementor-widget-text-editor\" data-id=\"0349f74\" data-element_type=\"widget\" data-settings=\"{&quot;ekit_we_effect_on&quot;:&quot;none&quot;}\" data-widget_type=\"text-editor.default\"><div class=\"elementor-widget-container\"><p><span style=\"color: #000000;\">Um eine R\u00fccksendung einzuleiten, gehen Sie bitte wie folgt vor:<\/span><\/p><ol><li><span style=\"color: #000000;\"><strong>Kontaktieren Sie den Kundendienst:<\/strong>\u00a0Senden Sie uns eine E-Mail an [Kundendienst-E-Mail] oder rufen Sie uns unter [Kundendienst-Telefonnummer] an, um eine R\u00fcckgabegenehmigung anzufordern.<\/span><\/li><li><span style=\"color: #000000;\"><strong>Verpacken Sie Ihren Artikel:<\/strong>\u00a0Verpacken Sie den Artikel sicher in seiner Originalverpackung, einschlie\u00dflich aller Zubeh\u00f6rteile und Unterlagen.<\/span><\/li><li><span style=\"color: #000000;\"><strong>R\u00fccksendung:<\/strong>\u00a0Sie sind f\u00fcr die Kosten der R\u00fccksendung verantwortlich, es sei denn, der Artikel wurde besch\u00e4digt oder defekt empfangen. Wir empfehlen die Verwendung einer verfolgbaren Versandmethode, um sicherzustellen, dass der Artikel sicher an uns zur\u00fcckgeschickt wird.<\/span><\/li><\/ol><\/div><\/div><div class=\"elementor-element elementor-element-1578885 elementor-widget elementor-widget-heading\" data-id=\"1578885\" data-element_type=\"widget\" data-settings=\"{&quot;ekit_we_effect_on&quot;:&quot;none&quot;}\" data-widget_type=\"heading.default\"><div class=\"elementor-widget-container\"><h3 class=\"elementor-heading-title elementor-size-default\"><span style=\"color: #000000;\">4. Erstattungen<\/span><\/h3><\/div><\/div><div class=\"elementor-element elementor-element-d0de458 elementor-widget elementor-widget-text-editor\" data-id=\"d0de458\" data-element_type=\"widget\" data-settings=\"{&quot;ekit_we_effect_on&quot;:&quot;none&quot;}\" data-widget_type=\"text-editor.default\"><div class=\"elementor-widget-container\"><p><span style=\"color: #000000;\">Sobald wir Ihre R\u00fccksendung erhalten und gepr\u00fcft haben, werden wir Sie \u00fcber die Genehmigung oder Ablehnung Ihrer R\u00fcckerstattung informieren:<\/span><\/p><ul><li><span style=\"color: #000000;\"><strong>Genehmigte Erstattungen:<\/strong>\u00a0R\u00fcckerstattungen f\u00fcr genehmigte R\u00fccksendungen werden innerhalb von [Anzahl einf\u00fcgen] Werktagen auf Ihre urspr\u00fcngliche Zahlungsmethode bearbeitet. Die Bearbeitungszeiten k\u00f6nnen je nach Ihrer Bank oder Ihrem Zahlungsanbieter variieren.<\/span><\/li><li><span style=\"color: #000000;\"><strong>Teilweise R\u00fcckerstattung:<\/strong>\u00a0In bestimmten F\u00e4llen kann f\u00fcr Artikel, die Gebrauchsspuren oder Besch\u00e4digungen durch den Kunden aufweisen, nur eine teilweise R\u00fcckerstattung erfolgen.<\/span><\/li><\/ul><\/div><\/div><div class=\"elementor-element elementor-element-27005fc elementor-widget elementor-widget-heading\" data-id=\"27005fc\" data-element_type=\"widget\" data-settings=\"{&quot;ekit_we_effect_on&quot;:&quot;none&quot;}\" data-widget_type=\"heading.default\"><div class=\"elementor-widget-container\"><h3 class=\"elementor-heading-title elementor-size-default\"><span style=\"color: #000000;\">5. Tauscht  aus.<\/span><\/h3><\/div><\/div><div class=\"elementor-element elementor-element-af1400b elementor-widget elementor-widget-text-editor\" data-id=\"af1400b\" data-element_type=\"widget\" data-settings=\"{&quot;ekit_we_effect_on&quot;:&quot;none&quot;}\" data-widget_type=\"text-editor.default\"><div class=\"elementor-widget-container\"><p><span style=\"color: #000000;\">Wir ersetzen nur Artikel, wenn sie defekt oder besch\u00e4digt sind. Wenn Sie einen defekten Artikel gegen das gleiche Produkt umtauschen m\u00f6chten, wenden Sie sich bitte an unseren Kundenservice.<\/span><\/p><\/div><\/div><div class=\"elementor-element elementor-element-7c745fe elementor-widget elementor-widget-heading\" data-id=\"7c745fe\" data-element_type=\"widget\" data-settings=\"{&quot;ekit_we_effect_on&quot;:&quot;none&quot;}\" data-widget_type=\"heading.default\"><div class=\"elementor-widget-container\"><h3 class=\"elementor-heading-title elementor-size-default\"><span style=\"color: #000000;\">6. Besch\u00e4digte oder mangelhafte Artikel<\/span><\/h3><\/div><\/div><div class=\"elementor-element elementor-element-4d92a53 elementor-widget elementor-widget-text-editor\" data-id=\"4d92a53\" data-element_type=\"widget\" data-settings=\"{&quot;ekit_we_effect_on&quot;:&quot;none&quot;}\" data-widget_type=\"text-editor.default\"><div class=\"elementor-widget-container\"><span style=\"color: #000000;\">Wenn Sie einen Artikel erhalten, der besch\u00e4digt oder defekt ist, kontaktieren Sie uns bitte innerhalb von [Anzahl einf\u00fcgen] Tagen nach Erhalt des Artikels. Wir werden Ihnen Anweisungen geben, wie Sie den Artikel zur\u00fcckschicken und einen Ersatz oder eine R\u00fcckerstattung erhalten k\u00f6nnen.<\/span><\/div><\/div><div class=\"elementor-element elementor-element-f2644a0 elementor-widget elementor-widget-heading\" data-id=\"f2644a0\" data-element_type=\"widget\" data-settings=\"{&quot;ekit_we_effect_on&quot;:&quot;none&quot;}\" data-widget_type=\"heading.default\"><div class=\"elementor-widget-container\"><h3 class=\"elementor-heading-title elementor-size-default\"><span style=\"color: #000000;\">7. Kontakt<\/span><\/h3><\/div><\/div><div class=\"elementor-element elementor-element-a24b5b3 elementor-widget elementor-widget-text-editor\" data-id=\"a24b5b3\" data-element_type=\"widget\" data-settings=\"{&quot;ekit_we_effect_on&quot;:&quot;none&quot;}\" data-widget_type=\"text-editor.default\"><div class=\"elementor-widget-container\"><span style=\"color: #000000;\">Wenn Sie Fragen zu dieser Datenschutzrichtlinie oder unseren Datenpraktiken haben, wenden Sie sich bitte an uns:<\/span><br \/><span style=\"color: #000000;\"><strong>Dongguan Xinyang Sporting Goods Co., Ltd.<\/strong><\/span><br \/><span style=\"color: #000000;\">Adresse:<strong>\u00a01319 Zhongzheng Building, No.82 Dongmen Middle Road, Changan Town, Dongguan City, Provinz Guangdong<\/strong><\/span><br \/><span style=\"color: #000000;\">E-Mail:\u00a0<strong>mxysports@gmail.com<\/strong><\/span><br \/><span style=\"color: #000000;\">Telefon:<strong>+86-13267261491<\/strong><\/span><\/div><\/div>\t\t\t\t\t\t\t\t<\/div>\n\t\t\t\t<\/div>\n\t\t\t\t\t<\/div>\n\t\t\t\t<\/div>\n\t\t\t\t<\/div>","protected":false},"excerpt":{"rendered":"<p>Home Unsere R\u00fcckgabe- und R\u00fcckerstattungsrichtlinien gew\u00e4hrleisten einen reibungslosen Ablauf f\u00fcr berechtigte Artikel. Lesen Sie unsere Richtlinien, um den Zeitrahmen, die Bedingungen und die Schritte f\u00fcr die R\u00fcckgabe von Produkten oder die Beantragung von R\u00fcckerstattungen zu verstehen. R\u00fcckgabe und R\u00fcckerstattung Bei Dongguan Xinyang Sporting Goods Co., Ltd. sind wir bestrebt sicherzustellen, dass unsere Kunden mit ihren Eink\u00e4ufen zufrieden sind. Wenn Sie nicht zufrieden sind [...]<\/p>","protected":false},"author":2,"featured_media":0,"parent":0,"menu_order":0,"comment_status":"closed","ping_status":"closed","template":"","meta":{"_acf_changed":false,"footnotes":""},"class_list":["post-2624","page","type-page","status-publish","hentry"],"acf":[],"_links":{"self":[{"href":"https:\/\/mxysport.com\/de\/wp-json\/wp\/v2\/pages\/2624","targetHints":{"allow":["GET"]}}],"collection":[{"href":"https:\/\/mxysport.com\/de\/wp-json\/wp\/v2\/pages"}],"about":[{"href":"https:\/\/mxysport.com\/de\/wp-json\/wp\/v2\/types\/page"}],"author":[{"embeddable":true,"href":"https:\/\/mxysport.com\/de\/wp-json\/wp\/v2\/users\/2"}],"replies":[{"embeddable":true,"href":"https:\/\/mxysport.com\/de\/wp-json\/wp\/v2\/comments?post=2624"}],"version-history":[{"count":22,"href":"https:\/\/mxysport.com\/de\/wp-json\/wp\/v2\/pages\/2624\/revisions"}],"predecessor-version":[{"id":3349,"href":"https:\/\/mxysport.com\/de\/wp-json\/wp\/v2\/pages\/2624\/revisions\/3349"}],"wp:attachment":[{"href":"https:\/\/mxysport.com\/de\/wp-json\/wp\/v2\/media?parent=2624"}],"curies":[{"name":"wp","href":"https:\/\/api.w.org\/{rel}","templated":true}]}}