{"id":2625,"date":"2025-05-10T19:24:26","date_gmt":"2025-05-10T19:24:26","guid":{"rendered":"https:\/\/mxysport.com\/?page_id=2625"},"modified":"2025-05-29T19:25:07","modified_gmt":"2025-05-29T19:25:07","slug":"leistungsbedingungen","status":"publish","type":"page","link":"https:\/\/mxysport.com\/de\/leistungsbedingungen\/","title":{"rendered":"Bedingungen f\u00fcr Dienstleistungen"},"content":{"rendered":"<div data-elementor-type=\"wp-page\" data-elementor-id=\"2625\" class=\"elementor elementor-2625\" data-elementor-post-type=\"page\">\n\t\t\t\t<div class=\"elementor-element elementor-element-75915f6 e-flex e-con-boxed e-con e-parent\" data-id=\"75915f6\" data-element_type=\"container\" data-settings=\"{&quot;background_background&quot;:&quot;classic&quot;,&quot;ekit_has_onepagescroll_dot&quot;:&quot;yes&quot;}\">\n\t\t\t\t\t<div class=\"e-con-inner\">\n\t\t\t\t<div class=\"elementor-element elementor-element-0a02605 elementor-widget elementor-widget-breadcrumbs\" data-id=\"0a02605\" data-element_type=\"widget\" data-settings=\"{&quot;ekit_we_effect_on&quot;:&quot;none&quot;}\" data-widget_type=\"breadcrumbs.default\">\n\t\t\t\t<div class=\"elementor-widget-container\">\n\t\t\t\t\t<div><span class=\"last\">Startseite<\/span><\/div>\t\t\t\t<\/div>\n\t\t\t\t<\/div>\n\t\t\t\t<div class=\"elementor-element elementor-element-aa6bf86 elementor-widget elementor-widget-heading\" data-id=\"aa6bf86\" data-element_type=\"widget\" data-settings=\"{&quot;ekit_we_effect_on&quot;:&quot;none&quot;}\" data-widget_type=\"heading.default\">\n\t\t\t\t<div class=\"elementor-widget-container\">\n\t\t\t\t\t<h1 class=\"elementor-heading-title elementor-size-default\">Bedingungen f\u00fcr Dienstleistungen<\/h1>\t\t\t\t<\/div>\n\t\t\t\t<\/div>\n\t\t\t\t<div class=\"elementor-element elementor-element-fe3de77 elementor-widget elementor-widget-text-editor\" data-id=\"fe3de77\" data-element_type=\"widget\" data-settings=\"{&quot;ekit_we_effect_on&quot;:&quot;none&quot;}\" data-widget_type=\"text-editor.default\">\n\t\t\t\t<div class=\"elementor-widget-container\">\n\t\t\t\t\t\t\t\t\tLesen Sie unsere Nutzungsbedingungen, um sich mit den Regeln, Vorschriften und Verantwortlichkeiten bei der Nutzung unserer Plattform vertraut zu machen und ein sicheres und reibungsloses Erlebnis f\u00fcr alle Nutzer zu gew\u00e4hrleisten.\t\t\t\t\t\t\t\t<\/div>\n\t\t\t\t<\/div>\n\t\t<div class=\"elementor-element elementor-element-7e75141 e-con-full e-flex e-con e-child\" data-id=\"7e75141\" data-element_type=\"container\" data-settings=\"{&quot;ekit_has_onepagescroll_dot&quot;:&quot;yes&quot;}\">\n\t\t\t\t<div class=\"elementor-element elementor-element-1be6e55 elementor-widget elementor-widget-shortcode\" data-id=\"1be6e55\" data-element_type=\"widget\" data-settings=\"{&quot;ekit_we_effect_on&quot;:&quot;none&quot;}\" data-widget_type=\"shortcode.default\">\n\t\t\t\t<div class=\"elementor-widget-container\">\n\t\t\t\t\t\t\t<div class=\"elementor-shortcode\">\t\t<div data-elementor-type=\"container\" data-elementor-id=\"3255\" class=\"elementor elementor-3255\" data-elementor-post-type=\"elementor_library\">\n\t\t\t\t<div class=\"elementor-element elementor-element-600a766 e-con-full e-flex e-con e-child\" data-id=\"600a766\" data-element_type=\"container\" data-settings=\"{&quot;ekit_has_onepagescroll_dot&quot;:&quot;yes&quot;}\">\n\t\t\t\t<div class=\"elementor-element elementor-element-ac0d404 elementor-widget elementor-widget-button\" data-id=\"ac0d404\" data-element_type=\"widget\" data-settings=\"{&quot;ekit_we_effect_on&quot;:&quot;none&quot;}\" data-widget_type=\"button.default\">\n\t\t\t\t<div class=\"elementor-widget-container\">\n\t\t\t\t\t\t\t\t\t<div class=\"elementor-button-wrapper\">\n\t\t\t\t\t<a class=\"elementor-button elementor-button-link elementor-size-sm\" href=\"#elementor-action%3Aaction%3Dpopup%3Aopen%26settings%3DeyJpZCI6IjMyNDYiLCJ0b2dnbGUiOmZhbHNlfQ%3D%3D\">\n\t\t\t\t\t\t<span class=\"elementor-button-content-wrapper\">\n\t\t\t\t\t\t\t\t\t<span class=\"elementor-button-text\">Sofortiges Angebot einholen<\/span>\n\t\t\t\t\t<\/span>\n\t\t\t\t\t<\/a>\n\t\t\t\t<\/div>\n\t\t\t\t\t\t\t\t<\/div>\n\t\t\t\t<\/div>\n\t\t\t\t<div class=\"elementor-element elementor-element-b2bf82f elementor-icon-list--layout-traditional elementor-list-item-link-full_width elementor-widget elementor-widget-icon-list\" data-id=\"b2bf82f\" data-element_type=\"widget\" data-settings=\"{&quot;ekit_we_effect_on&quot;:&quot;none&quot;}\" data-widget_type=\"icon-list.default\">\n\t\t\t\t<div class=\"elementor-widget-container\">\n\t\t\t\t\t\t\t<ul class=\"elementor-icon-list-items\">\n\t\t\t\t\t\t\t<li class=\"elementor-icon-list-item\">\n\t\t\t\t\t\t\t\t\t\t\t<span class=\"elementor-icon-list-icon\">\n\t\t\t\t\t\t\t<svg aria-hidden=\"true\" class=\"e-font-icon-svg e-fas-lock\" viewbox=\"0 0 448 512\" xmlns=\"http:\/\/www.w3.org\/2000\/svg\"><path d=\"M400 224h-24v-72C376 68.2 307.8 0 224 0S72 68.2 72 152v72H48c-26.5 0-48 21.5-48 48v192c0 26.5 21.5 48 48 48h352c26.5 0 48-21.5 48-48V272c0-26.5-21.5-48-48-48zm-104 0H152v-72c0-39.7 32.3-72 72-72s72 32.3 72 72v72z\"><\/path><\/svg>\t\t\t\t\t\t<\/span>\n\t\t\t\t\t\t\t\t\t\t<span class=\"elementor-icon-list-text\">Alle Uploads sind sicher und vertraulich<\/span>\n\t\t\t\t\t\t\t\t\t<\/li>\n\t\t\t\t\t\t<\/ul>\n\t\t\t\t\t\t<\/div>\n\t\t\t\t<\/div>\n\t\t\t\t<\/div>\n\t\t\t\t<\/div>\n\t\t<\/div>\n\t\t\t\t\t\t<\/div>\n\t\t\t\t<\/div>\n\t\t\t\t<\/div>\n\t\t\t\t\t<\/div>\n\t\t\t\t<\/div>\n\t\t<div class=\"elementor-element elementor-element-a17f8d2 e-flex e-con-boxed e-con e-parent\" data-id=\"a17f8d2\" data-element_type=\"container\" data-settings=\"{&quot;ekit_has_onepagescroll_dot&quot;:&quot;yes&quot;}\">\n\t\t\t\t\t<div class=\"e-con-inner\">\n\t\t\t\t<div class=\"elementor-element elementor-element-c3d47e4 elementor-widget elementor-widget-text-editor\" data-id=\"c3d47e4\" data-element_type=\"widget\" data-settings=\"{&quot;ekit_we_effect_on&quot;:&quot;none&quot;}\" data-widget_type=\"text-editor.default\">\n\t\t\t\t<div class=\"elementor-widget-container\">\n\t\t\t\t\t\t\t\t\t<div class=\"elementor-element elementor-element-cde08bc elementor-widget elementor-widget-heading\" data-id=\"cde08bc\" data-element_type=\"widget\" data-settings=\"{&quot;ekit_we_effect_on&quot;:&quot;none&quot;}\" data-widget_type=\"heading.default\"><div class=\"elementor-widget-container\"><h2 class=\"elementor-heading-title elementor-size-default\"><span style=\"color: #000000;\">Bedingungen f\u00fcr Dienstleistungen<\/span><\/h2><\/div><\/div><div class=\"elementor-element elementor-element-72d0de1 elementor-widget elementor-widget-text-editor\" data-id=\"72d0de1\" data-element_type=\"widget\" data-settings=\"{&quot;ekit_we_effect_on&quot;:&quot;none&quot;}\" data-widget_type=\"text-editor.default\"><div class=\"elementor-widget-container\"><span style=\"color: #000000;\">Willkommen bei Dongguan Xinyang Sporting Goods Co., Ltd. (\"wir\", \"unser\", oder \"uns\"). Durch den Zugriff auf unsere Website und unsere Dienstleistungen erkl\u00e4ren Sie sich mit diesen Nutzungsbedingungen (\"Bedingungen\") einverstanden. Wenn Sie mit diesen Bedingungen nicht einverstanden sind, nutzen Sie bitte unsere Dienste nicht.<\/span><\/div><\/div><div class=\"elementor-element elementor-element-566fd5d elementor-widget elementor-widget-heading\" data-id=\"566fd5d\" data-element_type=\"widget\" data-settings=\"{&quot;ekit_we_effect_on&quot;:&quot;none&quot;}\" data-widget_type=\"heading.default\"><div class=\"elementor-widget-container\"><h3 class=\"elementor-heading-title elementor-size-default\"><span style=\"color: #000000;\">1. Nutzung unserer Website<\/span><\/h3><\/div><\/div><div class=\"elementor-element elementor-element-527730e elementor-widget elementor-widget-text-editor\" data-id=\"527730e\" data-element_type=\"widget\" data-settings=\"{&quot;ekit_we_effect_on&quot;:&quot;none&quot;}\" data-widget_type=\"text-editor.default\"><div class=\"elementor-widget-container\"><p><span style=\"color: #000000;\">Unsere Website bietet Informationen \u00fcber unsere Produkte und Dienstleistungen, einschlie\u00dflich der M\u00f6glichkeit, Eink\u00e4ufe zu t\u00e4tigen, auf den Kundendienst zuzugreifen und mehr \u00fcber Dongguan Xinyang Sporting Goods Co. zu erfahren.<\/span><\/p><ul><li><span style=\"color: #000000;\"><strong>Zuschussf\u00e4higkeit:<\/strong>\u00a0Sie m\u00fcssen mindestens 18 Jahre alt sein oder die Zustimmung Ihrer Eltern oder Ihres Vormunds haben, um unsere Dienste zu nutzen.<\/span><\/li><li><span style=\"color: #000000;\"><strong>Kontoerstellung:<\/strong>\u00a0Um auf bestimmte Funktionen zugreifen zu k\u00f6nnen, m\u00fcssen Sie m\u00f6glicherweise ein Konto einrichten. Sie sind daf\u00fcr verantwortlich, die Vertraulichkeit Ihrer Kontoinformationen zu wahren und f\u00fcr alle Aktivit\u00e4ten, die unter Ihrem Konto stattfinden.<\/span><\/li><\/ul><\/div><\/div><div class=\"elementor-element elementor-element-1071be2 elementor-widget elementor-widget-heading\" data-id=\"1071be2\" data-element_type=\"widget\" data-settings=\"{&quot;ekit_we_effect_on&quot;:&quot;none&quot;}\" data-widget_type=\"heading.default\"><div class=\"elementor-widget-container\"><h3 class=\"elementor-heading-title elementor-size-default\"><span style=\"color: #000000;\">2. Bestellungen und Eink\u00e4ufe<\/span><\/h3><\/div><\/div><div class=\"elementor-element elementor-element-368718e elementor-widget elementor-widget-text-editor\" data-id=\"368718e\" data-element_type=\"widget\" data-settings=\"{&quot;ekit_we_effect_on&quot;:&quot;none&quot;}\" data-widget_type=\"text-editor.default\"><div class=\"elementor-widget-container\"><p><span style=\"color: #000000;\">Wenn Sie eine Bestellung \u00fcber unsere Website aufgeben, verpflichten Sie sich, genaue und vollst\u00e4ndige Angaben zu machen. Wir behalten uns das Recht vor, Bestellungen abzulehnen oder zu stornieren, wenn es ein Problem mit der Zahlung gibt oder wenn die Produkte nicht verf\u00fcgbar sind.<\/span><\/p><ul><li><span style=\"color: #000000;\"><strong>Preisgestaltung:<\/strong>\u00a0Die Preise sind auf unserer Website aufgef\u00fchrt und k\u00f6nnen sich ohne vorherige Ank\u00fcndigung \u00e4ndern.<\/span><\/li><li><span style=\"color: #000000;\"><strong>Zahlungsbedingungen:<\/strong>\u00a0Alle Zahlungen sind zum Zeitpunkt des Kaufs f\u00e4llig, und wir akzeptieren die auf unserer Website aufgef\u00fchrten Zahlungsarten.<\/span><\/li><li><span style=\"color: #000000;\"><strong>Stornierungen von Bestellungen:<\/strong>\u00a0Wir behalten uns das Recht vor, jede Bestellung zu stornieren, wenn wir Betrug, unbefugte Aktivit\u00e4ten oder andere Gr\u00fcnde vermuten, die wir f\u00fcr notwendig halten.<\/span><\/li><\/ul><\/div><\/div><div class=\"elementor-element elementor-element-84a7554 elementor-widget elementor-widget-heading\" data-id=\"84a7554\" data-element_type=\"widget\" data-settings=\"{&quot;ekit_we_effect_on&quot;:&quot;none&quot;}\" data-widget_type=\"heading.default\"><div class=\"elementor-widget-container\"><h3 class=\"elementor-heading-title elementor-size-default\"><span style=\"color: #000000;\">3. Versand und Lieferung<\/span><\/h3><\/div><\/div><div class=\"elementor-element elementor-element-d40c8ec elementor-widget elementor-widget-text-editor\" data-id=\"d40c8ec\" data-element_type=\"widget\" data-settings=\"{&quot;ekit_we_effect_on&quot;:&quot;none&quot;}\" data-widget_type=\"text-editor.default\"><div class=\"elementor-widget-container\"><p><span style=\"color: #000000;\">Wir bem\u00fchen uns, Bestellungen umgehend zu bearbeiten und zu versenden. Die Lieferzeiten k\u00f6nnen je nach Standort variieren und sind abh\u00e4ngig von Drittanbietern.<\/span><\/p><ul><li><span style=\"color: #000000;\"><strong>Versandkosten:<\/strong>\u00a0Die Versandgeb\u00fchren werden an der Kasse berechnet und k\u00f6nnen je nach Bestellumfang und Standort variieren.<\/span><\/li><li><span style=\"color: #000000;\"><strong>Zoll- und Einfuhrgeb\u00fchren:<\/strong>\u00a0Bei internationalen Bestellungen k\u00f6nnen Z\u00f6lle, Steuern und Geb\u00fchren anfallen, die in der Verantwortung des Kunden liegen.<\/span><\/li><\/ul><\/div><\/div><div class=\"elementor-element elementor-element-c5cd1a1 elementor-widget elementor-widget-heading\" data-id=\"c5cd1a1\" data-element_type=\"widget\" data-settings=\"{&quot;ekit_we_effect_on&quot;:&quot;none&quot;}\" data-widget_type=\"heading.default\"><div class=\"elementor-widget-container\"><h3 class=\"elementor-heading-title elementor-size-default\"><span style=\"color: #000000;\">4. R\u00fccksendungen und Erstattungen<\/span><\/h3><\/div><\/div><div class=\"elementor-element elementor-element-542f591 elementor-widget elementor-widget-text-editor\" data-id=\"542f591\" data-element_type=\"widget\" data-settings=\"{&quot;ekit_we_effect_on&quot;:&quot;none&quot;}\" data-widget_type=\"text-editor.default\"><div class=\"elementor-widget-container\"><p><span style=\"color: #000000;\">Unsere R\u00fcckgabepolitik erlaubt es Kunden, unter bestimmten Bedingungen eine R\u00fcckgabe oder Erstattung zu beantragen. Weitere Einzelheiten finden Sie auf unserer Seite R\u00fcckgaberecht.<\/span><\/p><ul><li><span style=\"color: #000000;\"><strong>Zuschussf\u00e4higkeit:<\/strong>\u00a0Nur Produkte in unbenutztem Originalzustand k\u00f6nnen zur\u00fcckgegeben werden.<\/span><\/li><li><span style=\"color: #000000;\"><strong>Erstattungsverfahren:<\/strong>\u00a0R\u00fcckerstattungen werden innerhalb eines bestimmten Zeitrahmens bearbeitet, nachdem das zur\u00fcckgesandte Produkt gepr\u00fcft und genehmigt wurde.<\/span><\/li><\/ul><h3>\u00a0<\/h3><\/div><\/div><div class=\"elementor-element elementor-element-fe1a46d elementor-widget elementor-widget-heading\" data-id=\"fe1a46d\" data-element_type=\"widget\" data-settings=\"{&quot;ekit_we_effect_on&quot;:&quot;none&quot;}\" data-widget_type=\"heading.default\"><div class=\"elementor-widget-container\"><h3 class=\"elementor-heading-title elementor-size-default\"><span style=\"color: #000000;\">5. Geistiges Eigentum<\/span><\/h3><\/div><\/div><div class=\"elementor-element elementor-element-af157a0 elementor-widget elementor-widget-text-editor\" data-id=\"af157a0\" data-element_type=\"widget\" data-settings=\"{&quot;ekit_we_effect_on&quot;:&quot;none&quot;}\" data-widget_type=\"text-editor.default\"><div class=\"elementor-widget-container\"><span style=\"color: #000000;\">Der gesamte Inhalt unserer Website, einschlie\u00dflich der Texte, Bilder, Logos und Designs, ist Eigentum der Dongguan Xinyang Sporting Goods Co., Ltd. oder ihrer Inhaltslieferanten und ist durch Urheberrecht, Markenrecht und andere Gesetze zum Schutz geistigen Eigentums gesch\u00fctzt. Es ist nicht gestattet, Inhalte ohne unsere schriftliche Genehmigung zu vervielf\u00e4ltigen, zu verbreiten oder zu nutzen.<\/span><\/div><\/div><div class=\"elementor-element elementor-element-2222092 elementor-widget elementor-widget-heading\" data-id=\"2222092\" data-element_type=\"widget\" data-settings=\"{&quot;ekit_we_effect_on&quot;:&quot;none&quot;}\" data-widget_type=\"heading.default\"><div class=\"elementor-widget-container\"><h3 class=\"elementor-heading-title elementor-size-default\"><span style=\"color: #000000;\">6. Begrenzung der Haftung<\/span><\/h3><\/div><\/div><div class=\"elementor-element elementor-element-99303b4 elementor-widget elementor-widget-text-editor\" data-id=\"99303b4\" data-element_type=\"widget\" data-settings=\"{&quot;ekit_we_effect_on&quot;:&quot;none&quot;}\" data-widget_type=\"text-editor.default\"><div class=\"elementor-widget-container\"><span style=\"color: #000000;\">Soweit gesetzlich zul\u00e4ssig, haftet Dongguan Xinyang Sporting Goods Co., Ltd. nicht f\u00fcr direkte, indirekte, zuf\u00e4llige, besondere oder Folgesch\u00e4den, die aus der Nutzung unserer Website oder unserer Dienstleistungen entstehen. Dies gilt unter anderem f\u00fcr Fehler oder Auslassungen im Inhalt oder f\u00fcr Verluste oder Sch\u00e4den, die durch die Nutzung unserer Produkte entstehen.<\/span><\/div><\/div><div class=\"elementor-element elementor-element-637c9fb elementor-widget elementor-widget-heading\" data-id=\"637c9fb\" data-element_type=\"widget\" data-settings=\"{&quot;ekit_we_effect_on&quot;:&quot;none&quot;}\" data-widget_type=\"heading.default\"><div class=\"elementor-widget-container\"><h3 class=\"elementor-heading-title elementor-size-default\"><span style=\"color: #000000;\">7. Entsch\u00e4digung<\/span><\/h3><\/div><\/div><div class=\"elementor-element elementor-element-26363fb elementor-widget elementor-widget-text-editor\" data-id=\"26363fb\" data-element_type=\"widget\" data-settings=\"{&quot;ekit_we_effect_on&quot;:&quot;none&quot;}\" data-widget_type=\"text-editor.default\"><div class=\"elementor-widget-container\"><span style=\"color: #000000;\">Sie erkl\u00e4ren sich damit einverstanden, Dongguan Xinyang Sporting Goods Co., Ltd. und seine Mitarbeiter, Tochtergesellschaften und Partner von allen Anspr\u00fcchen, Sch\u00e4den, Haftungen oder Ausgaben (einschlie\u00dflich Anwaltskosten) freizustellen, die sich aus Ihrer Nutzung unserer Website, Ihrer Verletzung dieser Bedingungen oder Ihrer Verletzung von Rechten Dritter ergeben.<\/span><\/div><\/div><div class=\"elementor-element elementor-element-76933a6 elementor-widget elementor-widget-heading\" data-id=\"76933a6\" data-element_type=\"widget\" data-settings=\"{&quot;ekit_we_effect_on&quot;:&quot;none&quot;}\" data-widget_type=\"heading.default\"><div class=\"elementor-widget-container\"><h3 class=\"elementor-heading-title elementor-size-default\"><span style=\"color: #000000;\">8. \u00c4nderungen der vorliegenden Bedingungen<\/span><\/h3><\/div><\/div><div class=\"elementor-element elementor-element-6e94707 elementor-widget elementor-widget-text-editor\" data-id=\"6e94707\" data-element_type=\"widget\" data-settings=\"{&quot;ekit_we_effect_on&quot;:&quot;none&quot;}\" data-widget_type=\"text-editor.default\"><div class=\"elementor-widget-container\"><span style=\"color: #000000;\">Wir k\u00f6nnen diese Nutzungsbedingungen von Zeit zu Zeit aktualisieren. Alle \u00c4nderungen werden auf dieser Seite ver\u00f6ffentlicht, und wir empfehlen Ihnen, die Bedingungen regelm\u00e4\u00dfig zu \u00fcberpr\u00fcfen. Durch die fortgesetzte Nutzung unserer Website nach \u00c4nderungen erkl\u00e4ren Sie sich mit den aktualisierten Bedingungen einverstanden.<\/span><\/div><\/div><div class=\"elementor-element elementor-element-6d0fa9e elementor-widget elementor-widget-heading\" data-id=\"6d0fa9e\" data-element_type=\"widget\" data-settings=\"{&quot;ekit_we_effect_on&quot;:&quot;none&quot;}\" data-widget_type=\"heading.default\"><div class=\"elementor-widget-container\"><h3 class=\"elementor-heading-title elementor-size-default\"><span style=\"color: #000000;\">9. Geltendes Recht<\/span><\/h3><\/div><\/div><div class=\"elementor-element elementor-element-a02ef79 elementor-widget elementor-widget-text-editor\" data-id=\"a02ef79\" data-element_type=\"widget\" data-settings=\"{&quot;ekit_we_effect_on&quot;:&quot;none&quot;}\" data-widget_type=\"text-editor.default\"><div class=\"elementor-widget-container\"><span style=\"color: #000000;\">Diese Servicebedingungen unterliegen den Gesetzen von [Gerichtsbarkeit\/Land]. Alle Streitigkeiten, die sich aus oder im Zusammenhang mit diesen Bedingungen ergeben, werden vor den zust\u00e4ndigen Gerichten in [Gerichtsstand\/Land] entschieden.<\/span><\/div><\/div><div class=\"elementor-element elementor-element-65a3a6a elementor-widget elementor-widget-heading\" data-id=\"65a3a6a\" data-element_type=\"widget\" data-settings=\"{&quot;ekit_we_effect_on&quot;:&quot;none&quot;}\" data-widget_type=\"heading.default\"><div class=\"elementor-widget-container\"><h3 class=\"elementor-heading-title elementor-size-default\"><span style=\"color: #000000;\">10. Kontakt<\/span><\/h3><\/div><\/div><div class=\"elementor-element elementor-element-b58bfae elementor-widget elementor-widget-text-editor\" data-id=\"b58bfae\" data-element_type=\"widget\" data-settings=\"{&quot;ekit_we_effect_on&quot;:&quot;none&quot;}\" data-widget_type=\"text-editor.default\"><div class=\"elementor-widget-container\"><span style=\"color: #000000;\">Wenn Sie Fragen zu dieser Datenschutzrichtlinie oder unseren Datenpraktiken haben, wenden Sie sich bitte an uns:<\/span><br \/><span style=\"color: #000000;\"><strong>Dongguan Xinyang Sporting Goods Co., Ltd.<\/strong><\/span><br \/><span style=\"color: #000000;\">Adresse:<strong>\u00a01319 Zhongzheng Building, No.82 Dongmen Middle Road, Changan Town, Dongguan City, Provinz Guangdong<\/strong><\/span><br \/><span style=\"color: #000000;\">E-Mail:\u00a0<strong>mxysports@gmail.com<\/strong><\/span><br \/><span style=\"color: #000000;\">Telefon:<strong>+86-13267261491<\/strong><\/span><\/div><\/div>\t\t\t\t\t\t\t\t<\/div>\n\t\t\t\t<\/div>\n\t\t\t\t\t<\/div>\n\t\t\t\t<\/div>\n\t\t\t\t<\/div>","protected":false},"excerpt":{"rendered":"<p>Home Lesen Sie unsere Nutzungsbedingungen, um die Regeln, Vorschriften und Verantwortlichkeiten bei der Nutzung unserer Plattform zu verstehen und eine sichere und reibungslose Nutzung f\u00fcr alle Benutzer zu gew\u00e4hrleisten. Nutzungsbedingungen Willkommen bei Dongguan Xinyang Sporting Goods Co., Ltd. (\"wir\", \"unser\" oder \"uns\"). Durch den Zugriff auf unsere Website und die Nutzung unserer Dienste erkl\u00e4ren Sie sich mit den [...]<\/p>","protected":false},"author":2,"featured_media":0,"parent":0,"menu_order":0,"comment_status":"closed","ping_status":"closed","template":"","meta":{"_acf_changed":false,"footnotes":""},"class_list":["post-2625","page","type-page","status-publish","hentry"],"acf":[],"_links":{"self":[{"href":"https:\/\/mxysport.com\/de\/wp-json\/wp\/v2\/pages\/2625","targetHints":{"allow":["GET"]}}],"collection":[{"href":"https:\/\/mxysport.com\/de\/wp-json\/wp\/v2\/pages"}],"about":[{"href":"https:\/\/mxysport.com\/de\/wp-json\/wp\/v2\/types\/page"}],"author":[{"embeddable":true,"href":"https:\/\/mxysport.com\/de\/wp-json\/wp\/v2\/users\/2"}],"replies":[{"embeddable":true,"href":"https:\/\/mxysport.com\/de\/wp-json\/wp\/v2\/comments?post=2625"}],"version-history":[{"count":22,"href":"https:\/\/mxysport.com\/de\/wp-json\/wp\/v2\/pages\/2625\/revisions"}],"predecessor-version":[{"id":3352,"href":"https:\/\/mxysport.com\/de\/wp-json\/wp\/v2\/pages\/2625\/revisions\/3352"}],"wp:attachment":[{"href":"https:\/\/mxysport.com\/de\/wp-json\/wp\/v2\/media?parent=2625"}],"curies":[{"name":"wp","href":"https:\/\/api.w.org\/{rel}","templated":true}]}}