{"id":2622,"date":"2025-05-10T19:23:31","date_gmt":"2025-05-10T19:23:31","guid":{"rendered":"https:\/\/mxysport.com\/?page_id=2622"},"modified":"2025-05-29T19:25:44","modified_gmt":"2025-05-29T19:25:44","slug":"politica-de-privacidad","status":"publish","type":"page","link":"https:\/\/mxysport.com\/es\/politica-de-privacidad\/","title":{"rendered":"Pol\u00edtica de privacidad"},"content":{"rendered":"<div data-elementor-type=\"wp-page\" data-elementor-id=\"2622\" class=\"elementor elementor-2622\" data-elementor-post-type=\"page\">\n\t\t\t\t<div class=\"elementor-element elementor-element-bb3e154 e-flex e-con-boxed e-con e-parent\" data-id=\"bb3e154\" data-element_type=\"container\" data-settings=\"{&quot;background_background&quot;:&quot;classic&quot;,&quot;ekit_has_onepagescroll_dot&quot;:&quot;yes&quot;}\">\n\t\t\t\t\t<div class=\"e-con-inner\">\n\t\t\t\t<div class=\"elementor-element elementor-element-c8343c6 elementor-widget elementor-widget-breadcrumbs\" data-id=\"c8343c6\" data-element_type=\"widget\" data-settings=\"{&quot;ekit_we_effect_on&quot;:&quot;none&quot;}\" data-widget_type=\"breadcrumbs.default\">\n\t\t\t\t<div class=\"elementor-widget-container\">\n\t\t\t\t\t<div><span class=\"last\">Inicio<\/span><\/div>\t\t\t\t<\/div>\n\t\t\t\t<\/div>\n\t\t\t\t<div class=\"elementor-element elementor-element-c924e3d elementor-widget elementor-widget-heading\" data-id=\"c924e3d\" data-element_type=\"widget\" data-settings=\"{&quot;ekit_we_effect_on&quot;:&quot;none&quot;}\" data-widget_type=\"heading.default\">\n\t\t\t\t<div class=\"elementor-widget-container\">\n\t\t\t\t\t<h1 class=\"elementor-heading-title elementor-size-default\">Pol\u00edtica de privacidad<\/h1>\t\t\t\t<\/div>\n\t\t\t\t<\/div>\n\t\t\t\t<div class=\"elementor-element elementor-element-86d497a elementor-widget elementor-widget-text-editor\" data-id=\"86d497a\" data-element_type=\"widget\" data-settings=\"{&quot;ekit_we_effect_on&quot;:&quot;none&quot;}\" data-widget_type=\"text-editor.default\">\n\t\t\t\t<div class=\"elementor-widget-container\">\n\t\t\t\t\t\t\t\t\tValoramos su privacidad. Nuestra pol\u00edtica describe c\u00f3mo recopilamos, utilizamos y protegemos su informaci\u00f3n personal para garantizarle una experiencia segura y transparente mientras utiliza nuestros servicios.\t\t\t\t\t\t\t\t<\/div>\n\t\t\t\t<\/div>\n\t\t<div class=\"elementor-element elementor-element-ebccec1 e-con-full e-flex e-con e-child\" data-id=\"ebccec1\" data-element_type=\"container\" data-settings=\"{&quot;ekit_has_onepagescroll_dot&quot;:&quot;yes&quot;}\">\n\t\t\t\t<div class=\"elementor-element elementor-element-e17064b elementor-widget elementor-widget-shortcode\" data-id=\"e17064b\" data-element_type=\"widget\" data-settings=\"{&quot;ekit_we_effect_on&quot;:&quot;none&quot;}\" data-widget_type=\"shortcode.default\">\n\t\t\t\t<div class=\"elementor-widget-container\">\n\t\t\t\t\t\t\t<div class=\"elementor-shortcode\">\t\t<div data-elementor-type=\"container\" data-elementor-id=\"3255\" class=\"elementor elementor-3255\" data-elementor-post-type=\"elementor_library\">\n\t\t\t\t<div class=\"elementor-element elementor-element-600a766 e-con-full e-flex e-con e-child\" data-id=\"600a766\" data-element_type=\"container\" data-settings=\"{&quot;ekit_has_onepagescroll_dot&quot;:&quot;yes&quot;}\">\n\t\t\t\t<div class=\"elementor-element elementor-element-ac0d404 elementor-widget elementor-widget-button\" data-id=\"ac0d404\" data-element_type=\"widget\" data-settings=\"{&quot;ekit_we_effect_on&quot;:&quot;none&quot;}\" data-widget_type=\"button.default\">\n\t\t\t\t<div class=\"elementor-widget-container\">\n\t\t\t\t\t\t\t\t\t<div class=\"elementor-button-wrapper\">\n\t\t\t\t\t<a class=\"elementor-button elementor-button-link elementor-size-sm\" href=\"#elementor-action%3Aaction%3Dpopup%3Aopen%26settings%3DeyJpZCI6IjMyNDYiLCJ0b2dnbGUiOmZhbHNlfQ%3D%3D\">\n\t\t\t\t\t\t<span class=\"elementor-button-content-wrapper\">\n\t\t\t\t\t\t\t\t\t<span class=\"elementor-button-text\">Obtenga un presupuesto instant\u00e1neo<\/span>\n\t\t\t\t\t<\/span>\n\t\t\t\t\t<\/a>\n\t\t\t\t<\/div>\n\t\t\t\t\t\t\t\t<\/div>\n\t\t\t\t<\/div>\n\t\t\t\t<div class=\"elementor-element elementor-element-b2bf82f elementor-icon-list--layout-traditional elementor-list-item-link-full_width elementor-widget elementor-widget-icon-list\" data-id=\"b2bf82f\" data-element_type=\"widget\" data-settings=\"{&quot;ekit_we_effect_on&quot;:&quot;none&quot;}\" data-widget_type=\"icon-list.default\">\n\t\t\t\t<div class=\"elementor-widget-container\">\n\t\t\t\t\t\t\t<ul class=\"elementor-icon-list-items\">\n\t\t\t\t\t\t\t<li class=\"elementor-icon-list-item\">\n\t\t\t\t\t\t\t\t\t\t\t<span class=\"elementor-icon-list-icon\">\n\t\t\t\t\t\t\t<svg aria-hidden=\"true\" class=\"e-font-icon-svg e-fas-lock\" viewbox=\"0 0 448 512\" xmlns=\"http:\/\/www.w3.org\/2000\/svg\"><path d=\"M400 224h-24v-72C376 68.2 307.8 0 224 0S72 68.2 72 152v72H48c-26.5 0-48 21.5-48 48v192c0 26.5 21.5 48 48 48h352c26.5 0 48-21.5 48-48V272c0-26.5-21.5-48-48-48zm-104 0H152v-72c0-39.7 32.3-72 72-72s72 32.3 72 72v72z\"><\/path><\/svg>\t\t\t\t\t\t<\/span>\n\t\t\t\t\t\t\t\t\t\t<span class=\"elementor-icon-list-text\">Todas las cargas son seguras y confidenciales<\/span>\n\t\t\t\t\t\t\t\t\t<\/li>\n\t\t\t\t\t\t<\/ul>\n\t\t\t\t\t\t<\/div>\n\t\t\t\t<\/div>\n\t\t\t\t<\/div>\n\t\t\t\t<\/div>\n\t\t<\/div>\n\t\t\t\t\t\t<\/div>\n\t\t\t\t<\/div>\n\t\t\t\t<\/div>\n\t\t\t\t\t<\/div>\n\t\t\t\t<\/div>\n\t\t<div class=\"elementor-element elementor-element-a0bd9e1 e-flex e-con-boxed e-con e-parent\" data-id=\"a0bd9e1\" data-element_type=\"container\" data-settings=\"{&quot;ekit_has_onepagescroll_dot&quot;:&quot;yes&quot;}\">\n\t\t\t\t\t<div class=\"e-con-inner\">\n\t\t\t\t<div class=\"elementor-element elementor-element-0defa53 elementor-widget elementor-widget-text-editor\" data-id=\"0defa53\" data-element_type=\"widget\" data-settings=\"{&quot;ekit_we_effect_on&quot;:&quot;none&quot;}\" data-widget_type=\"text-editor.default\">\n\t\t\t\t<div class=\"elementor-widget-container\">\n\t\t\t\t\t\t\t\t\t<div class=\"elementor-element elementor-element-92fceaf elementor-widget elementor-widget-heading\" data-id=\"92fceaf\" data-element_type=\"widget\" data-settings=\"{&quot;ekit_we_effect_on&quot;:&quot;none&quot;}\" data-widget_type=\"heading.default\"><div class=\"elementor-widget-container\"><h2 class=\"elementor-heading-title elementor-size-default\"><span style=\"color: #000000;\">Pol\u00edtica de privacidad<\/span><\/h2><\/div><\/div><div class=\"elementor-element elementor-element-028b6dd elementor-widget elementor-widget-text-editor\" data-id=\"028b6dd\" data-element_type=\"widget\" data-settings=\"{&quot;ekit_we_effect_on&quot;:&quot;none&quot;}\" data-widget_type=\"text-editor.default\"><div class=\"elementor-widget-container\"><span style=\"color: #000000;\">Dongguan Xinyang Sporting Goods Co. Ltd. (\"nosotros\", \"nuestro\" o \"nos\") valora su privacidad y se compromete a proteger su informaci\u00f3n personal. Esta pol\u00edtica de privacidad explica c\u00f3mo recopilamos, utilizamos, revelamos y protegemos su informaci\u00f3n cuando visita nuestro sitio web y utiliza nuestros servicios.<\/span><\/div><\/div><div class=\"elementor-element elementor-element-95ce025 elementor-widget elementor-widget-heading\" data-id=\"95ce025\" data-element_type=\"widget\" data-settings=\"{&quot;ekit_we_effect_on&quot;:&quot;none&quot;}\" data-widget_type=\"heading.default\"><div class=\"elementor-widget-container\"><h3 class=\"elementor-heading-title elementor-size-default\"><span style=\"color: #000000;\">1. Informaci\u00f3n que recopilamos<\/span><\/h3><\/div><\/div><div class=\"elementor-element elementor-element-d510fc6 elementor-widget elementor-widget-text-editor\" data-id=\"d510fc6\" data-element_type=\"widget\" data-settings=\"{&quot;ekit_we_effect_on&quot;:&quot;none&quot;}\" data-widget_type=\"text-editor.default\"><div class=\"elementor-widget-container\"><p><span style=\"color: #000000;\">Podemos recopilar los siguientes tipos de informaci\u00f3n personal:<\/span><\/p><ul><li><span style=\"color: #000000;\"><strong>Informaci\u00f3n de identificaci\u00f3n personal:<\/strong>\u00a0Nombre, direcci\u00f3n de correo electr\u00f3nico, n\u00famero de tel\u00e9fono y direcci\u00f3n postal.<\/span><\/li><li><span style=\"color: #000000;\"><strong>Informaci\u00f3n sobre pedidos:<\/strong>\u00a0Detalles del pedido, informaci\u00f3n de pago, direcci\u00f3n de facturaci\u00f3n y de env\u00edo.<\/span><\/li><li><span style=\"color: #000000;\"><strong>Informaci\u00f3n t\u00e9cnica:<\/strong>\u00a0Direcci\u00f3n IP, tipo de navegador, informaci\u00f3n del dispositivo y actividad de navegaci\u00f3n en nuestro sitio.<\/span><\/li><li><span style=\"color: #000000;\"><strong>Informaci\u00f3n adicional:<\/strong>\u00a0Cualquier informaci\u00f3n adicional que proporcione a trav\u00e9s de consultas de clientes, encuestas o formularios de comentarios.<\/span><\/li><\/ul><\/div><\/div><div class=\"elementor-element elementor-element-d344302 elementor-widget elementor-widget-heading\" data-id=\"d344302\" data-element_type=\"widget\" data-settings=\"{&quot;ekit_we_effect_on&quot;:&quot;none&quot;}\" data-widget_type=\"heading.default\"><div class=\"elementor-widget-container\"><h3 class=\"elementor-heading-title elementor-size-default\"><span style=\"color: #000000;\">2. C\u00f3mo utilizamos su informaci\u00f3n<\/span><\/h3><\/div><\/div><div class=\"elementor-element elementor-element-6ceea7b elementor-widget elementor-widget-text-editor\" data-id=\"6ceea7b\" data-element_type=\"widget\" data-settings=\"{&quot;ekit_we_effect_on&quot;:&quot;none&quot;}\" data-widget_type=\"text-editor.default\"><div class=\"elementor-widget-container\"><p><span style=\"color: #000000;\">Utilizamos la informaci\u00f3n recopilada para:<\/span><\/p><ul><li><span style=\"color: #000000;\">Tramitar pedidos y suministrar productos o servicios.<\/span><\/li><li><span style=\"color: #000000;\">Comunicarnos con usted en relaci\u00f3n con sus pedidos, consultas o necesidades de asistencia.<\/span><\/li><li><span style=\"color: #000000;\">Mejorar nuestro sitio web, productos y servicios bas\u00e1ndonos en los comentarios de los clientes.<\/span><\/li><li><span style=\"color: #000000;\">Realizar an\u00e1lisis de mercado para comprender mejor las preferencias de los clientes.<\/span><\/li><li><span style=\"color: #000000;\">Cumplir las obligaciones legales y protegerse contra posibles fraudes.<\/span><\/li><\/ul><\/div><\/div><div class=\"elementor-element elementor-element-6102571 elementor-widget elementor-widget-heading\" data-id=\"6102571\" data-element_type=\"widget\" data-settings=\"{&quot;ekit_we_effect_on&quot;:&quot;none&quot;}\" data-widget_type=\"heading.default\"><div class=\"elementor-widget-container\"><h3 class=\"elementor-heading-title elementor-size-default\"><span style=\"color: #000000;\">3. Intercambio y divulgaci\u00f3n de informaci\u00f3n<\/span><\/h3><\/div><\/div><div class=\"elementor-element elementor-element-88d72bb elementor-widget elementor-widget-text-editor\" data-id=\"88d72bb\" data-element_type=\"widget\" data-settings=\"{&quot;ekit_we_effect_on&quot;:&quot;none&quot;}\" data-widget_type=\"text-editor.default\"><div class=\"elementor-widget-container\"><p><span style=\"color: #000000;\">Podemos compartir su informaci\u00f3n en circunstancias limitadas, como:<\/span><\/p><ul><li><span style=\"color: #000000;\"><strong>Proveedores de servicios:<\/strong>\u00a0Con terceros proveedores de servicios de confianza que nos ayudan a gestionar nuestro sitio web, a tramitar pedidos y a realizar funciones comerciales en nuestro nombre.<\/span><\/li><li><span style=\"color: #000000;\"><strong>Requisitos legales:<\/strong>\u00a0Si as\u00ed lo exige la ley o para proteger los derechos, la seguridad y la propiedad de nuestra empresa, empleados o clientes.<\/span><\/li><\/ul><\/div><\/div><div class=\"elementor-element elementor-element-0bd784e elementor-widget elementor-widget-text-editor\" data-id=\"0bd784e\" data-element_type=\"widget\" data-settings=\"{&quot;ekit_we_effect_on&quot;:&quot;none&quot;}\" data-widget_type=\"text-editor.default\"><div class=\"elementor-widget-container\"><span style=\"color: #000000;\">No vendemos, comerciamos ni transferimos de ning\u00fan otro modo su informaci\u00f3n personal a terceros sin su consentimiento, excepto en los casos descritos en esta Pol\u00edtica de privacidad.<\/span><\/div><\/div><div class=\"elementor-element elementor-element-2c426f6 elementor-widget elementor-widget-heading\" data-id=\"2c426f6\" data-element_type=\"widget\" data-settings=\"{&quot;ekit_we_effect_on&quot;:&quot;none&quot;}\" data-widget_type=\"heading.default\"><div class=\"elementor-widget-container\"><h3 class=\"elementor-heading-title elementor-size-default\"><span style=\"color: #000000;\">4. 4. Seguridad de los datos<\/span><\/h3><\/div><\/div><div class=\"elementor-element elementor-element-0f9c7e1 elementor-widget elementor-widget-text-editor\" data-id=\"0f9c7e1\" data-element_type=\"widget\" data-settings=\"{&quot;ekit_we_effect_on&quot;:&quot;none&quot;}\" data-widget_type=\"text-editor.default\"><div class=\"elementor-widget-container\"><span style=\"color: #000000;\">Tomamos las medidas t\u00e9cnicas y organizativas adecuadas para proteger su informaci\u00f3n contra el acceso no autorizado, la p\u00e9rdida o el uso indebido. Sin embargo, tenga en cuenta que no se puede garantizar que ning\u00fan m\u00e9todo de transmisi\u00f3n o almacenamiento de datos sea 100% seguro.<\/span><\/div><\/div><div class=\"elementor-element elementor-element-7a381db elementor-widget elementor-widget-heading\" data-id=\"7a381db\" data-element_type=\"widget\" data-settings=\"{&quot;ekit_we_effect_on&quot;:&quot;none&quot;}\" data-widget_type=\"heading.default\"><div class=\"elementor-widget-container\"><h3 class=\"elementor-heading-title elementor-size-default\"><span style=\"color: #000000;\">5. Sus derechos<\/span><\/h3><\/div><\/div><div class=\"elementor-element elementor-element-abb9127 elementor-widget elementor-widget-text-editor\" data-id=\"abb9127\" data-element_type=\"widget\" data-settings=\"{&quot;ekit_we_effect_on&quot;:&quot;none&quot;}\" data-widget_type=\"text-editor.default\"><div class=\"elementor-widget-container\"><p><span style=\"color: #000000;\">Dependiendo de su ubicaci\u00f3n, usted puede tener derechos con respecto a su informaci\u00f3n personal, tales como:<\/span><\/p><ul><li><span style=\"color: #000000;\">Acceder a su informaci\u00f3n personal, actualizarla o eliminarla.<\/span><\/li><li><span style=\"color: #000000;\">Retirar el consentimiento para el tratamiento de datos, cuando proceda.<\/span><\/li><li><span style=\"color: #000000;\">No recibir comunicaciones comerciales.<\/span><\/li><\/ul><\/div><\/div><div class=\"elementor-element elementor-element-4b9089f elementor-widget elementor-widget-text-editor\" data-id=\"4b9089f\" data-element_type=\"widget\" data-settings=\"{&quot;ekit_we_effect_on&quot;:&quot;none&quot;}\" data-widget_type=\"text-editor.default\"><div class=\"elementor-widget-container\"><span style=\"color: #000000;\">Para ejercer estos derechos, p\u00f3ngase en contacto con nosotros utilizando los datos que figuran a continuaci\u00f3n.<\/span><\/div><\/div><div class=\"elementor-element elementor-element-a5baaa7 elementor-widget elementor-widget-heading\" data-id=\"a5baaa7\" data-element_type=\"widget\" data-settings=\"{&quot;ekit_we_effect_on&quot;:&quot;none&quot;}\" data-widget_type=\"heading.default\"><div class=\"elementor-widget-container\"><h3 class=\"elementor-heading-title elementor-size-default\"><span style=\"color: #000000;\">6. Cookies<\/span><\/h3><\/div><\/div><div class=\"elementor-element elementor-element-4e9e80c elementor-widget elementor-widget-text-editor\" data-id=\"4e9e80c\" data-element_type=\"widget\" data-settings=\"{&quot;ekit_we_effect_on&quot;:&quot;none&quot;}\" data-widget_type=\"text-editor.default\"><div class=\"elementor-widget-container\"><span style=\"color: #000000;\">Utilizamos cookies y tecnolog\u00edas similares para mejorar su experiencia en nuestro sitio web. Las cookies nos permiten comprender el comportamiento del usuario, mejorar el rendimiento del sitio web y personalizar el contenido. Puede gestionar sus preferencias de cookies a trav\u00e9s de la configuraci\u00f3n de su navegador.<\/span><\/div><\/div><div class=\"elementor-element elementor-element-56f8c27 elementor-widget elementor-widget-heading\" data-id=\"56f8c27\" data-element_type=\"widget\" data-settings=\"{&quot;ekit_we_effect_on&quot;:&quot;none&quot;}\" data-widget_type=\"heading.default\"><div class=\"elementor-widget-container\"><h3 class=\"elementor-heading-title elementor-size-default\"><span style=\"color: #000000;\">7. Cambios en esta pol\u00edtica de privacidad<\/span><\/h3><\/div><\/div><div class=\"elementor-element elementor-element-b7c0e54 elementor-widget elementor-widget-text-editor\" data-id=\"b7c0e54\" data-element_type=\"widget\" data-settings=\"{&quot;ekit_we_effect_on&quot;:&quot;none&quot;}\" data-widget_type=\"text-editor.default\"><div class=\"elementor-widget-container\"><span style=\"color: #000000;\">Podemos actualizar esta Pol\u00edtica de Privacidad de vez en cuando para reflejar cambios en nuestras pr\u00e1cticas o requisitos legales. Le notificaremos cualquier cambio significativo publicando la pol\u00edtica actualizada en nuestro sitio web.<\/span><\/div><\/div><div class=\"elementor-element elementor-element-821db01 elementor-widget elementor-widget-heading\" data-id=\"821db01\" data-element_type=\"widget\" data-settings=\"{&quot;ekit_we_effect_on&quot;:&quot;none&quot;}\" data-widget_type=\"heading.default\"><div class=\"elementor-widget-container\"><h3 class=\"elementor-heading-title elementor-size-default\"><span style=\"color: #000000;\">8. Contacto<\/span><\/h3><\/div><\/div><div class=\"elementor-element elementor-element-60b1056 elementor-widget elementor-widget-text-editor\" data-id=\"60b1056\" data-element_type=\"widget\" data-settings=\"{&quot;ekit_we_effect_on&quot;:&quot;none&quot;}\" data-widget_type=\"text-editor.default\"><div class=\"elementor-widget-container\"><span style=\"color: #000000;\">Si tiene alguna pregunta sobre esta Pol\u00edtica de privacidad o nuestras pr\u00e1cticas en materia de datos, p\u00f3ngase en contacto con nosotros en<\/span><br \/><span style=\"color: #000000;\"><strong>Dongguan Xinyang Sporting Goods Co.<\/strong><\/span><br \/><span style=\"color: #000000;\">Direcci\u00f3n:<strong>\u00a01319 Zhongzheng Building, No.82 Dongmen Middle Road, Changan Town, Ciudad de Dongguan, Provincia de Guangdong<\/strong><\/span><br \/><span style=\"color: #000000;\">Correo electr\u00f3nico:\u00a0<strong>mxysports@gmail.com<\/strong><\/span><br \/><span style=\"color: #000000;\">Tel\u00e9fono:<strong>+86-13267261491<\/strong><\/span><\/div><\/div>\t\t\t\t\t\t\t\t<\/div>\n\t\t\t\t<\/div>\n\t\t\t\t\t<\/div>\n\t\t\t\t<\/div>\n\t\t\t\t<\/div>","protected":false},"excerpt":{"rendered":"<p>Inicio Valoramos su privacidad. Nuestra pol\u00edtica describe c\u00f3mo recopilamos, utilizamos y protegemos su informaci\u00f3n personal para garantizarle una experiencia segura y transparente mientras utiliza nuestros servicios. Pol\u00edtica de privacidad Dongguan Xinyang Sporting Goods Co. Ltd. (\"nosotros\", \"nuestro\" o \"nos\") valora su privacidad y se compromete a proteger su informaci\u00f3n personal. Esta Pol\u00edtica de Privacidad explica [...]<\/p>","protected":false},"author":2,"featured_media":0,"parent":0,"menu_order":0,"comment_status":"closed","ping_status":"closed","template":"","meta":{"_acf_changed":false,"footnotes":""},"class_list":["post-2622","page","type-page","status-publish","hentry"],"acf":[],"_links":{"self":[{"href":"https:\/\/mxysport.com\/es\/wp-json\/wp\/v2\/pages\/2622","targetHints":{"allow":["GET"]}}],"collection":[{"href":"https:\/\/mxysport.com\/es\/wp-json\/wp\/v2\/pages"}],"about":[{"href":"https:\/\/mxysport.com\/es\/wp-json\/wp\/v2\/types\/page"}],"author":[{"embeddable":true,"href":"https:\/\/mxysport.com\/es\/wp-json\/wp\/v2\/users\/2"}],"replies":[{"embeddable":true,"href":"https:\/\/mxysport.com\/es\/wp-json\/wp\/v2\/comments?post=2622"}],"version-history":[{"count":34,"href":"https:\/\/mxysport.com\/es\/wp-json\/wp\/v2\/pages\/2622\/revisions"}],"predecessor-version":[{"id":3355,"href":"https:\/\/mxysport.com\/es\/wp-json\/wp\/v2\/pages\/2622\/revisions\/3355"}],"wp:attachment":[{"href":"https:\/\/mxysport.com\/es\/wp-json\/wp\/v2\/media?parent=2622"}],"curies":[{"name":"wp","href":"https:\/\/api.w.org\/{rel}","templated":true}]}}