{"id":2625,"date":"2025-05-10T19:24:26","date_gmt":"2025-05-10T19:24:26","guid":{"rendered":"https:\/\/mxysport.com\/?page_id=2625"},"modified":"2025-05-29T19:25:07","modified_gmt":"2025-05-29T19:25:07","slug":"condiciones-de-servicio","status":"publish","type":"page","link":"https:\/\/mxysport.com\/es\/condiciones-de-servicio\/","title":{"rendered":"Condiciones de servicio"},"content":{"rendered":"<div data-elementor-type=\"wp-page\" data-elementor-id=\"2625\" class=\"elementor elementor-2625\" data-elementor-post-type=\"page\">\n\t\t\t\t<div class=\"elementor-element elementor-element-75915f6 e-flex e-con-boxed e-con e-parent\" data-id=\"75915f6\" data-element_type=\"container\" data-settings=\"{&quot;background_background&quot;:&quot;classic&quot;,&quot;ekit_has_onepagescroll_dot&quot;:&quot;yes&quot;}\">\n\t\t\t\t\t<div class=\"e-con-inner\">\n\t\t\t\t<div class=\"elementor-element elementor-element-0a02605 elementor-widget elementor-widget-breadcrumbs\" data-id=\"0a02605\" data-element_type=\"widget\" data-settings=\"{&quot;ekit_we_effect_on&quot;:&quot;none&quot;}\" data-widget_type=\"breadcrumbs.default\">\n\t\t\t\t<div class=\"elementor-widget-container\">\n\t\t\t\t\t<div><span class=\"last\">Inicio<\/span><\/div>\t\t\t\t<\/div>\n\t\t\t\t<\/div>\n\t\t\t\t<div class=\"elementor-element elementor-element-aa6bf86 elementor-widget elementor-widget-heading\" data-id=\"aa6bf86\" data-element_type=\"widget\" data-settings=\"{&quot;ekit_we_effect_on&quot;:&quot;none&quot;}\" data-widget_type=\"heading.default\">\n\t\t\t\t<div class=\"elementor-widget-container\">\n\t\t\t\t\t<h1 class=\"elementor-heading-title elementor-size-default\">Condiciones de servicio<\/h1>\t\t\t\t<\/div>\n\t\t\t\t<\/div>\n\t\t\t\t<div class=\"elementor-element elementor-element-fe3de77 elementor-widget elementor-widget-text-editor\" data-id=\"fe3de77\" data-element_type=\"widget\" data-settings=\"{&quot;ekit_we_effect_on&quot;:&quot;none&quot;}\" data-widget_type=\"text-editor.default\">\n\t\t\t\t<div class=\"elementor-widget-container\">\n\t\t\t\t\t\t\t\t\tRevise nuestras Condiciones del servicio para comprender las normas, reglamentos y responsabilidades al utilizar nuestra plataforma, garantizando una experiencia segura y sin problemas para todos los usuarios.\t\t\t\t\t\t\t\t<\/div>\n\t\t\t\t<\/div>\n\t\t<div class=\"elementor-element elementor-element-7e75141 e-con-full e-flex e-con e-child\" data-id=\"7e75141\" data-element_type=\"container\" data-settings=\"{&quot;ekit_has_onepagescroll_dot&quot;:&quot;yes&quot;}\">\n\t\t\t\t<div class=\"elementor-element elementor-element-1be6e55 elementor-widget elementor-widget-shortcode\" data-id=\"1be6e55\" data-element_type=\"widget\" data-settings=\"{&quot;ekit_we_effect_on&quot;:&quot;none&quot;}\" data-widget_type=\"shortcode.default\">\n\t\t\t\t<div class=\"elementor-widget-container\">\n\t\t\t\t\t\t\t<div class=\"elementor-shortcode\">\t\t<div data-elementor-type=\"container\" data-elementor-id=\"3255\" class=\"elementor elementor-3255\" data-elementor-post-type=\"elementor_library\">\n\t\t\t\t<div class=\"elementor-element elementor-element-600a766 e-con-full e-flex e-con e-child\" data-id=\"600a766\" data-element_type=\"container\" data-settings=\"{&quot;ekit_has_onepagescroll_dot&quot;:&quot;yes&quot;}\">\n\t\t\t\t<div class=\"elementor-element elementor-element-ac0d404 elementor-widget elementor-widget-button\" data-id=\"ac0d404\" data-element_type=\"widget\" data-settings=\"{&quot;ekit_we_effect_on&quot;:&quot;none&quot;}\" data-widget_type=\"button.default\">\n\t\t\t\t<div class=\"elementor-widget-container\">\n\t\t\t\t\t\t\t\t\t<div class=\"elementor-button-wrapper\">\n\t\t\t\t\t<a class=\"elementor-button elementor-button-link elementor-size-sm\" href=\"#elementor-action%3Aaction%3Dpopup%3Aopen%26settings%3DeyJpZCI6IjMyNDYiLCJ0b2dnbGUiOmZhbHNlfQ%3D%3D\">\n\t\t\t\t\t\t<span class=\"elementor-button-content-wrapper\">\n\t\t\t\t\t\t\t\t\t<span class=\"elementor-button-text\">Obtenga un presupuesto instant\u00e1neo<\/span>\n\t\t\t\t\t<\/span>\n\t\t\t\t\t<\/a>\n\t\t\t\t<\/div>\n\t\t\t\t\t\t\t\t<\/div>\n\t\t\t\t<\/div>\n\t\t\t\t<div class=\"elementor-element elementor-element-b2bf82f elementor-icon-list--layout-traditional elementor-list-item-link-full_width elementor-widget elementor-widget-icon-list\" data-id=\"b2bf82f\" data-element_type=\"widget\" data-settings=\"{&quot;ekit_we_effect_on&quot;:&quot;none&quot;}\" data-widget_type=\"icon-list.default\">\n\t\t\t\t<div class=\"elementor-widget-container\">\n\t\t\t\t\t\t\t<ul class=\"elementor-icon-list-items\">\n\t\t\t\t\t\t\t<li class=\"elementor-icon-list-item\">\n\t\t\t\t\t\t\t\t\t\t\t<span class=\"elementor-icon-list-icon\">\n\t\t\t\t\t\t\t<svg aria-hidden=\"true\" class=\"e-font-icon-svg e-fas-lock\" viewbox=\"0 0 448 512\" xmlns=\"http:\/\/www.w3.org\/2000\/svg\"><path d=\"M400 224h-24v-72C376 68.2 307.8 0 224 0S72 68.2 72 152v72H48c-26.5 0-48 21.5-48 48v192c0 26.5 21.5 48 48 48h352c26.5 0 48-21.5 48-48V272c0-26.5-21.5-48-48-48zm-104 0H152v-72c0-39.7 32.3-72 72-72s72 32.3 72 72v72z\"><\/path><\/svg>\t\t\t\t\t\t<\/span>\n\t\t\t\t\t\t\t\t\t\t<span class=\"elementor-icon-list-text\">Todas las cargas son seguras y confidenciales<\/span>\n\t\t\t\t\t\t\t\t\t<\/li>\n\t\t\t\t\t\t<\/ul>\n\t\t\t\t\t\t<\/div>\n\t\t\t\t<\/div>\n\t\t\t\t<\/div>\n\t\t\t\t<\/div>\n\t\t<\/div>\n\t\t\t\t\t\t<\/div>\n\t\t\t\t<\/div>\n\t\t\t\t<\/div>\n\t\t\t\t\t<\/div>\n\t\t\t\t<\/div>\n\t\t<div class=\"elementor-element elementor-element-a17f8d2 e-flex e-con-boxed e-con e-parent\" data-id=\"a17f8d2\" data-element_type=\"container\" data-settings=\"{&quot;ekit_has_onepagescroll_dot&quot;:&quot;yes&quot;}\">\n\t\t\t\t\t<div class=\"e-con-inner\">\n\t\t\t\t<div class=\"elementor-element elementor-element-c3d47e4 elementor-widget elementor-widget-text-editor\" data-id=\"c3d47e4\" data-element_type=\"widget\" data-settings=\"{&quot;ekit_we_effect_on&quot;:&quot;none&quot;}\" data-widget_type=\"text-editor.default\">\n\t\t\t\t<div class=\"elementor-widget-container\">\n\t\t\t\t\t\t\t\t\t<div class=\"elementor-element elementor-element-cde08bc elementor-widget elementor-widget-heading\" data-id=\"cde08bc\" data-element_type=\"widget\" data-settings=\"{&quot;ekit_we_effect_on&quot;:&quot;none&quot;}\" data-widget_type=\"heading.default\"><div class=\"elementor-widget-container\"><h2 class=\"elementor-heading-title elementor-size-default\"><span style=\"color: #000000;\">Condiciones de servicio<\/span><\/h2><\/div><\/div><div class=\"elementor-element elementor-element-72d0de1 elementor-widget elementor-widget-text-editor\" data-id=\"72d0de1\" data-element_type=\"widget\" data-settings=\"{&quot;ekit_we_effect_on&quot;:&quot;none&quot;}\" data-widget_type=\"text-editor.default\"><div class=\"elementor-widget-container\"><span style=\"color: #000000;\">Bienvenido a Dongguan Xinyang Sporting Goods Co. Ltd. (\"nosotros\", \"nuestro\" o \"nos\"). Al acceder o utilizar nuestro sitio web y nuestros servicios, acepta quedar vinculado por las presentes Condiciones de servicio (\"Condiciones\"). Si no est\u00e1 de acuerdo con estas Condiciones, no utilice nuestros servicios.<\/span><\/div><\/div><div class=\"elementor-element elementor-element-566fd5d elementor-widget elementor-widget-heading\" data-id=\"566fd5d\" data-element_type=\"widget\" data-settings=\"{&quot;ekit_we_effect_on&quot;:&quot;none&quot;}\" data-widget_type=\"heading.default\"><div class=\"elementor-widget-container\"><h3 class=\"elementor-heading-title elementor-size-default\"><span style=\"color: #000000;\">1. Uso de nuestro sitio web<\/span><\/h3><\/div><\/div><div class=\"elementor-element elementor-element-527730e elementor-widget elementor-widget-text-editor\" data-id=\"527730e\" data-element_type=\"widget\" data-settings=\"{&quot;ekit_we_effect_on&quot;:&quot;none&quot;}\" data-widget_type=\"text-editor.default\"><div class=\"elementor-widget-container\"><p><span style=\"color: #000000;\">Nuestro sitio web ofrece informaci\u00f3n sobre nuestros productos y servicios, incluida la posibilidad de realizar compras, acceder al servicio de atenci\u00f3n al cliente y obtener m\u00e1s informaci\u00f3n sobre Dongguan Xinyang Sporting Goods Co.<\/span><\/p><ul><li><span style=\"color: #000000;\"><strong>Elegibilidad:<\/strong>\u00a0Debe tener al menos 18 a\u00f1os o contar con el consentimiento legal de sus padres o tutores para utilizar nuestros servicios.<\/span><\/li><li><span style=\"color: #000000;\"><strong>Creaci\u00f3n de cuenta:<\/strong>\u00a0Es posible que tenga que crear una cuenta para acceder a determinadas funciones. Usted es responsable de mantener la confidencialidad de la informaci\u00f3n de su cuenta y de todas las actividades que se realicen con ella.<\/span><\/li><\/ul><\/div><\/div><div class=\"elementor-element elementor-element-1071be2 elementor-widget elementor-widget-heading\" data-id=\"1071be2\" data-element_type=\"widget\" data-settings=\"{&quot;ekit_we_effect_on&quot;:&quot;none&quot;}\" data-widget_type=\"heading.default\"><div class=\"elementor-widget-container\"><h3 class=\"elementor-heading-title elementor-size-default\"><span style=\"color: #000000;\">2. Pedidos y compras<\/span><\/h3><\/div><\/div><div class=\"elementor-element elementor-element-368718e elementor-widget elementor-widget-text-editor\" data-id=\"368718e\" data-element_type=\"widget\" data-settings=\"{&quot;ekit_we_effect_on&quot;:&quot;none&quot;}\" data-widget_type=\"text-editor.default\"><div class=\"elementor-widget-container\"><p><span style=\"color: #000000;\">Cuando realiza un pedido a trav\u00e9s de nuestro sitio web, se compromete a facilitar informaci\u00f3n precisa y completa. Nos reservamos el derecho a rechazar o cancelar pedidos si hay alg\u00fan problema con el pago o si los productos no est\u00e1n disponibles.<\/span><\/p><ul><li><span style=\"color: #000000;\"><strong>Precios:<\/strong>\u00a0Los precios figuran en nuestro sitio web y pueden cambiar sin previo aviso.<\/span><\/li><li><span style=\"color: #000000;\"><strong>Condiciones de pago:<\/strong>\u00a0Todos los pagos vencen en el momento de la compra, y aceptamos los m\u00e9todos de pago especificados que figuran en nuestro sitio web.<\/span><\/li><li><span style=\"color: #000000;\"><strong>Anulaci\u00f3n de pedidos:<\/strong>\u00a0Nos reservamos el derecho a cancelar cualquier pedido si sospechamos que se ha producido un fraude, una actividad no autorizada u otros motivos que consideremos necesarios.<\/span><\/li><\/ul><\/div><\/div><div class=\"elementor-element elementor-element-84a7554 elementor-widget elementor-widget-heading\" data-id=\"84a7554\" data-element_type=\"widget\" data-settings=\"{&quot;ekit_we_effect_on&quot;:&quot;none&quot;}\" data-widget_type=\"heading.default\"><div class=\"elementor-widget-container\"><h3 class=\"elementor-heading-title elementor-size-default\"><span style=\"color: #000000;\">3. Env\u00edo y entrega<\/span><\/h3><\/div><\/div><div class=\"elementor-element elementor-element-d40c8ec elementor-widget elementor-widget-text-editor\" data-id=\"d40c8ec\" data-element_type=\"widget\" data-settings=\"{&quot;ekit_we_effect_on&quot;:&quot;none&quot;}\" data-widget_type=\"text-editor.default\"><div class=\"elementor-widget-container\"><p><span style=\"color: #000000;\">Nos esforzamos por procesar y enviar los pedidos con prontitud. Los plazos de entrega pueden variar en funci\u00f3n de la ubicaci\u00f3n y est\u00e1n sujetos a los proveedores de env\u00edo de terceros.<\/span><\/p><ul><li><span style=\"color: #000000;\"><strong>Gastos de env\u00edo:<\/strong>\u00a0Los gastos de env\u00edo se calculan en el momento de pagar y pueden variar en funci\u00f3n del tama\u00f1o y la ubicaci\u00f3n del pedido.<\/span><\/li><li><span style=\"color: #000000;\"><strong>Aduanas y tasas de importaci\u00f3n:<\/strong>\u00a0Los pedidos internacionales pueden estar sujetos a derechos de aduana, impuestos y tasas, que son responsabilidad del cliente.<\/span><\/li><\/ul><\/div><\/div><div class=\"elementor-element elementor-element-c5cd1a1 elementor-widget elementor-widget-heading\" data-id=\"c5cd1a1\" data-element_type=\"widget\" data-settings=\"{&quot;ekit_we_effect_on&quot;:&quot;none&quot;}\" data-widget_type=\"heading.default\"><div class=\"elementor-widget-container\"><h3 class=\"elementor-heading-title elementor-size-default\"><span style=\"color: #000000;\">4. 4. Devoluciones y reembolsos<\/span><\/h3><\/div><\/div><div class=\"elementor-element elementor-element-542f591 elementor-widget elementor-widget-text-editor\" data-id=\"542f591\" data-element_type=\"widget\" data-settings=\"{&quot;ekit_we_effect_on&quot;:&quot;none&quot;}\" data-widget_type=\"text-editor.default\"><div class=\"elementor-widget-container\"><p><span style=\"color: #000000;\">Nuestra pol\u00edtica de devoluciones permite a los clientes solicitar una devoluci\u00f3n o reembolso en determinadas condiciones. Para m\u00e1s detalles, consulte nuestra p\u00e1gina Pol\u00edtica de devoluciones.<\/span><\/p><ul><li><span style=\"color: #000000;\"><strong>Elegibilidad:<\/strong>\u00a0S\u00f3lo se admiten devoluciones de productos en su estado original y sin usar.<\/span><\/li><li><span style=\"color: #000000;\"><strong>Proceso de reembolso:<\/strong>\u00a0Los reembolsos se tramitar\u00e1n en un plazo determinado una vez que el producto devuelto haya sido inspeccionado y aprobado.<\/span><\/li><\/ul><h3>\u00a0<\/h3><\/div><\/div><div class=\"elementor-element elementor-element-fe1a46d elementor-widget elementor-widget-heading\" data-id=\"fe1a46d\" data-element_type=\"widget\" data-settings=\"{&quot;ekit_we_effect_on&quot;:&quot;none&quot;}\" data-widget_type=\"heading.default\"><div class=\"elementor-widget-container\"><h3 class=\"elementor-heading-title elementor-size-default\"><span style=\"color: #000000;\">5. 5. Propiedad intelectual<\/span><\/h3><\/div><\/div><div class=\"elementor-element elementor-element-af157a0 elementor-widget elementor-widget-text-editor\" data-id=\"af157a0\" data-element_type=\"widget\" data-settings=\"{&quot;ekit_we_effect_on&quot;:&quot;none&quot;}\" data-widget_type=\"text-editor.default\"><div class=\"elementor-widget-container\"><span style=\"color: #000000;\">Todo el contenido de nuestro sitio web, incluidos textos, im\u00e1genes, logotipos y dise\u00f1os, es propiedad de Dongguan Xinyang Sporting Goods Co., Ltd. o de sus proveedores de contenido y est\u00e1 protegido por derechos de autor, marcas comerciales y otras leyes de propiedad intelectual. Queda prohibida la reproducci\u00f3n, distribuci\u00f3n o utilizaci\u00f3n de cualquier contenido sin nuestro permiso por escrito.<\/span><\/div><\/div><div class=\"elementor-element elementor-element-2222092 elementor-widget elementor-widget-heading\" data-id=\"2222092\" data-element_type=\"widget\" data-settings=\"{&quot;ekit_we_effect_on&quot;:&quot;none&quot;}\" data-widget_type=\"heading.default\"><div class=\"elementor-widget-container\"><h3 class=\"elementor-heading-title elementor-size-default\"><span style=\"color: #000000;\">6. Limitaci\u00f3n de responsabilidad<\/span><\/h3><\/div><\/div><div class=\"elementor-element elementor-element-99303b4 elementor-widget elementor-widget-text-editor\" data-id=\"99303b4\" data-element_type=\"widget\" data-settings=\"{&quot;ekit_we_effect_on&quot;:&quot;none&quot;}\" data-widget_type=\"text-editor.default\"><div class=\"elementor-widget-container\"><span style=\"color: #000000;\">En la medida m\u00e1xima permitida por la ley, Dongguan Xinyang Sporting Goods Co., Ltd. no ser\u00e1 responsable de ning\u00fan da\u00f1o directo, indirecto, incidental, especial o consecuente derivado del uso de nuestro sitio web o servicios. Esto incluye, pero no se limita a, cualquier error u omisi\u00f3n en el contenido o cualquier p\u00e9rdida o da\u00f1o incurrido como resultado del uso de nuestros productos.<\/span><\/div><\/div><div class=\"elementor-element elementor-element-637c9fb elementor-widget elementor-widget-heading\" data-id=\"637c9fb\" data-element_type=\"widget\" data-settings=\"{&quot;ekit_we_effect_on&quot;:&quot;none&quot;}\" data-widget_type=\"heading.default\"><div class=\"elementor-widget-container\"><h3 class=\"elementor-heading-title elementor-size-default\"><span style=\"color: #000000;\">7. Indemnizaci\u00f3n<\/span><\/h3><\/div><\/div><div class=\"elementor-element elementor-element-26363fb elementor-widget elementor-widget-text-editor\" data-id=\"26363fb\" data-element_type=\"widget\" data-settings=\"{&quot;ekit_we_effect_on&quot;:&quot;none&quot;}\" data-widget_type=\"text-editor.default\"><div class=\"elementor-widget-container\"><span style=\"color: #000000;\">Usted acepta indemnizar y eximir a Dongguan Xinyang Sporting Goods Co., Ltd., sus empleados, afiliados y socios de cualquier reclamaci\u00f3n, da\u00f1o, responsabilidad o gasto (incluidos los honorarios de abogados) derivados del uso que usted haga de nuestro sitio web, de la infracci\u00f3n por su parte de estas Condiciones o de la vulneraci\u00f3n por su parte de cualquier derecho de terceros.<\/span><\/div><\/div><div class=\"elementor-element elementor-element-76933a6 elementor-widget elementor-widget-heading\" data-id=\"76933a6\" data-element_type=\"widget\" data-settings=\"{&quot;ekit_we_effect_on&quot;:&quot;none&quot;}\" data-widget_type=\"heading.default\"><div class=\"elementor-widget-container\"><h3 class=\"elementor-heading-title elementor-size-default\"><span style=\"color: #000000;\">8. Modificaciones de las presentes condiciones<\/span><\/h3><\/div><\/div><div class=\"elementor-element elementor-element-6e94707 elementor-widget elementor-widget-text-editor\" data-id=\"6e94707\" data-element_type=\"widget\" data-settings=\"{&quot;ekit_we_effect_on&quot;:&quot;none&quot;}\" data-widget_type=\"text-editor.default\"><div class=\"elementor-widget-container\"><span style=\"color: #000000;\">Podemos actualizar estas Condiciones del servicio peri\u00f3dicamente. Cualquier cambio ser\u00e1 publicado en esta p\u00e1gina, y le animamos a revisar los T\u00e9rminos regularmente. El uso continuado de nuestro sitio web despu\u00e9s de los cambios constituye su aceptaci\u00f3n de los T\u00e9rminos actualizados.<\/span><\/div><\/div><div class=\"elementor-element elementor-element-6d0fa9e elementor-widget elementor-widget-heading\" data-id=\"6d0fa9e\" data-element_type=\"widget\" data-settings=\"{&quot;ekit_we_effect_on&quot;:&quot;none&quot;}\" data-widget_type=\"heading.default\"><div class=\"elementor-widget-container\"><h3 class=\"elementor-heading-title elementor-size-default\"><span style=\"color: #000000;\">9. Derecho aplicable<\/span><\/h3><\/div><\/div><div class=\"elementor-element elementor-element-a02ef79 elementor-widget elementor-widget-text-editor\" data-id=\"a02ef79\" data-element_type=\"widget\" data-settings=\"{&quot;ekit_we_effect_on&quot;:&quot;none&quot;}\" data-widget_type=\"text-editor.default\"><div class=\"elementor-widget-container\"><span style=\"color: #000000;\">Estas Condiciones del servicio se rigen por las leyes de [Jurisdicci\u00f3n\/Pa\u00eds]. Cualquier disputa que surja de o est\u00e9 relacionada con estos T\u00e9rminos ser\u00e1 resuelta en los tribunales correspondientes ubicados en [Jurisdicci\u00f3n\/Pa\u00eds].<\/span><\/div><\/div><div class=\"elementor-element elementor-element-65a3a6a elementor-widget elementor-widget-heading\" data-id=\"65a3a6a\" data-element_type=\"widget\" data-settings=\"{&quot;ekit_we_effect_on&quot;:&quot;none&quot;}\" data-widget_type=\"heading.default\"><div class=\"elementor-widget-container\"><h3 class=\"elementor-heading-title elementor-size-default\"><span style=\"color: #000000;\">10. Contacto<\/span><\/h3><\/div><\/div><div class=\"elementor-element elementor-element-b58bfae elementor-widget elementor-widget-text-editor\" data-id=\"b58bfae\" data-element_type=\"widget\" data-settings=\"{&quot;ekit_we_effect_on&quot;:&quot;none&quot;}\" data-widget_type=\"text-editor.default\"><div class=\"elementor-widget-container\"><span style=\"color: #000000;\">Si tiene alguna pregunta sobre esta Pol\u00edtica de privacidad o nuestras pr\u00e1cticas en materia de datos, p\u00f3ngase en contacto con nosotros en<\/span><br \/><span style=\"color: #000000;\"><strong>Dongguan Xinyang Sporting Goods Co.<\/strong><\/span><br \/><span style=\"color: #000000;\">Direcci\u00f3n:<strong>\u00a01319 Zhongzheng Building, No.82 Dongmen Middle Road, Changan Town, Ciudad de Dongguan, Provincia de Guangdong<\/strong><\/span><br \/><span style=\"color: #000000;\">Correo electr\u00f3nico:\u00a0<strong>mxysports@gmail.com<\/strong><\/span><br \/><span style=\"color: #000000;\">Tel\u00e9fono:<strong>+86-13267261491<\/strong><\/span><\/div><\/div>\t\t\t\t\t\t\t\t<\/div>\n\t\t\t\t<\/div>\n\t\t\t\t\t<\/div>\n\t\t\t\t<\/div>\n\t\t\t\t<\/div>","protected":false},"excerpt":{"rendered":"<p>Inicio Revise nuestros T\u00e9rminos de Servicio para entender las reglas, regulaciones y responsabilidades al usar nuestra plataforma, asegurando una experiencia segura y sin problemas para todos los usuarios. Condiciones de servicio Bienvenido a Dongguan Xinyang Sporting Goods Co. Ltd. (\"nosotros\", \"nuestro\" o \"nos\"). Al acceder o utilizar nuestro sitio web y nuestros servicios, acepta quedar vinculado por [...]<\/p>","protected":false},"author":2,"featured_media":0,"parent":0,"menu_order":0,"comment_status":"closed","ping_status":"closed","template":"","meta":{"_acf_changed":false,"footnotes":""},"class_list":["post-2625","page","type-page","status-publish","hentry"],"acf":[],"_links":{"self":[{"href":"https:\/\/mxysport.com\/es\/wp-json\/wp\/v2\/pages\/2625","targetHints":{"allow":["GET"]}}],"collection":[{"href":"https:\/\/mxysport.com\/es\/wp-json\/wp\/v2\/pages"}],"about":[{"href":"https:\/\/mxysport.com\/es\/wp-json\/wp\/v2\/types\/page"}],"author":[{"embeddable":true,"href":"https:\/\/mxysport.com\/es\/wp-json\/wp\/v2\/users\/2"}],"replies":[{"embeddable":true,"href":"https:\/\/mxysport.com\/es\/wp-json\/wp\/v2\/comments?post=2625"}],"version-history":[{"count":22,"href":"https:\/\/mxysport.com\/es\/wp-json\/wp\/v2\/pages\/2625\/revisions"}],"predecessor-version":[{"id":3352,"href":"https:\/\/mxysport.com\/es\/wp-json\/wp\/v2\/pages\/2625\/revisions\/3352"}],"wp:attachment":[{"href":"https:\/\/mxysport.com\/es\/wp-json\/wp\/v2\/media?parent=2625"}],"curies":[{"name":"wp","href":"https:\/\/api.w.org\/{rel}","templated":true}]}}