{"id":2622,"date":"2025-05-10T19:23:31","date_gmt":"2025-05-10T19:23:31","guid":{"rendered":"https:\/\/mxysport.com\/?page_id=2622"},"modified":"2025-05-29T19:25:44","modified_gmt":"2025-05-29T19:25:44","slug":"politique-de-confidentialite-2","status":"publish","type":"page","link":"https:\/\/mxysport.com\/fr\/politique-de-confidentialite-2\/","title":{"rendered":"Politique de confidentialit\u00e9"},"content":{"rendered":"<div data-elementor-type=\"wp-page\" data-elementor-id=\"2622\" class=\"elementor elementor-2622\" data-elementor-post-type=\"page\">\n\t\t\t\t<div class=\"elementor-element elementor-element-bb3e154 e-flex e-con-boxed e-con e-parent\" data-id=\"bb3e154\" data-element_type=\"container\" data-e-type=\"container\" data-settings=\"{&quot;background_background&quot;:&quot;classic&quot;,&quot;ekit_has_onepagescroll_dot&quot;:&quot;yes&quot;}\">\n\t\t\t\t\t<div class=\"e-con-inner\">\n\t\t\t\t<div class=\"elementor-element elementor-element-c8343c6 elementor-widget elementor-widget-breadcrumbs\" data-id=\"c8343c6\" data-element_type=\"widget\" data-e-type=\"widget\" data-settings=\"{&quot;ekit_we_effect_on&quot;:&quot;none&quot;}\" data-widget_type=\"breadcrumbs.default\">\n\t\t\t\t<div class=\"elementor-widget-container\">\n\t\t\t\t\t<div><span class=\"last\">Accueil<\/span><\/div>\t\t\t\t<\/div>\n\t\t\t\t<\/div>\n\t\t\t\t<div class=\"elementor-element elementor-element-c924e3d elementor-widget elementor-widget-heading\" data-id=\"c924e3d\" data-element_type=\"widget\" data-e-type=\"widget\" data-settings=\"{&quot;ekit_we_effect_on&quot;:&quot;none&quot;}\" data-widget_type=\"heading.default\">\n\t\t\t\t<div class=\"elementor-widget-container\">\n\t\t\t\t\t<h1 class=\"elementor-heading-title elementor-size-default\">Politique de confidentialit\u00e9<\/h1>\t\t\t\t<\/div>\n\t\t\t\t<\/div>\n\t\t\t\t<div class=\"elementor-element elementor-element-86d497a elementor-widget elementor-widget-text-editor\" data-id=\"86d497a\" data-element_type=\"widget\" data-e-type=\"widget\" data-settings=\"{&quot;ekit_we_effect_on&quot;:&quot;none&quot;}\" data-widget_type=\"text-editor.default\">\n\t\t\t\t<div class=\"elementor-widget-container\">\n\t\t\t\t\t\t\t\t\tNous accordons de l'importance \u00e0 votre vie priv\u00e9e. Notre politique d\u00e9crit la mani\u00e8re dont nous recueillons, utilisons et prot\u00e9geons vos informations personnelles afin de vous garantir une exp\u00e9rience s\u00fbre et transparente lors de l'utilisation de nos services.\t\t\t\t\t\t\t\t<\/div>\n\t\t\t\t<\/div>\n\t\t<div class=\"elementor-element elementor-element-ebccec1 e-con-full e-flex e-con e-child\" data-id=\"ebccec1\" data-element_type=\"container\" data-e-type=\"container\" data-settings=\"{&quot;ekit_has_onepagescroll_dot&quot;:&quot;yes&quot;}\">\n\t\t\t\t<div class=\"elementor-element elementor-element-e17064b elementor-widget elementor-widget-shortcode\" data-id=\"e17064b\" data-element_type=\"widget\" data-e-type=\"widget\" data-settings=\"{&quot;ekit_we_effect_on&quot;:&quot;none&quot;}\" data-widget_type=\"shortcode.default\">\n\t\t\t\t<div class=\"elementor-widget-container\">\n\t\t\t\t\t\t\t<div class=\"elementor-shortcode\">\t\t<div data-elementor-type=\"container\" data-elementor-id=\"3255\" class=\"elementor elementor-3255\" data-elementor-post-type=\"elementor_library\">\n\t\t\t\t<div class=\"elementor-element elementor-element-600a766 e-con-full e-flex e-con e-child\" data-id=\"600a766\" data-element_type=\"container\" data-e-type=\"container\" data-settings=\"{&quot;ekit_has_onepagescroll_dot&quot;:&quot;yes&quot;}\">\n\t\t\t\t<div class=\"elementor-element elementor-element-ac0d404 elementor-widget elementor-widget-button\" data-id=\"ac0d404\" data-element_type=\"widget\" data-e-type=\"widget\" data-settings=\"{&quot;ekit_we_effect_on&quot;:&quot;none&quot;}\" data-widget_type=\"button.default\">\n\t\t\t\t<div class=\"elementor-widget-container\">\n\t\t\t\t\t\t\t\t\t<div class=\"elementor-button-wrapper\">\n\t\t\t\t\t<a class=\"elementor-button elementor-button-link elementor-size-sm\" href=\"#elementor-action%3Aaction%3Dpopup%3Aopen%26settings%3DeyJpZCI6IjMyNDYiLCJ0b2dnbGUiOmZhbHNlfQ%3D%3D\">\n\t\t\t\t\t\t<span class=\"elementor-button-content-wrapper\">\n\t\t\t\t\t\t\t\t\t<span class=\"elementor-button-text\">Obtenir un devis imm\u00e9diat<\/span>\n\t\t\t\t\t<\/span>\n\t\t\t\t\t<\/a>\n\t\t\t\t<\/div>\n\t\t\t\t\t\t\t\t<\/div>\n\t\t\t\t<\/div>\n\t\t\t\t<div class=\"elementor-element elementor-element-b2bf82f elementor-icon-list--layout-traditional elementor-list-item-link-full_width elementor-widget elementor-widget-icon-list\" data-id=\"b2bf82f\" data-element_type=\"widget\" data-e-type=\"widget\" data-settings=\"{&quot;ekit_we_effect_on&quot;:&quot;none&quot;}\" data-widget_type=\"icon-list.default\">\n\t\t\t\t<div class=\"elementor-widget-container\">\n\t\t\t\t\t\t\t<ul class=\"elementor-icon-list-items\">\n\t\t\t\t\t\t\t<li class=\"elementor-icon-list-item\">\n\t\t\t\t\t\t\t\t\t\t\t<span class=\"elementor-icon-list-icon\">\n\t\t\t\t\t\t\t<svg aria-hidden=\"true\" class=\"e-font-icon-svg e-fas-lock\" viewbox=\"0 0 448 512\" xmlns=\"http:\/\/www.w3.org\/2000\/svg\"><path d=\"M400 224h-24v-72C376 68.2 307.8 0 224 0S72 68.2 72 152v72H48c-26.5 0-48 21.5-48 48v192c0 26.5 21.5 48 48 48h352c26.5 0 48-21.5 48-48V272c0-26.5-21.5-48-48-48zm-104 0H152v-72c0-39.7 32.3-72 72-72s72 32.3 72 72v72z\"><\/path><\/svg>\t\t\t\t\t\t<\/span>\n\t\t\t\t\t\t\t\t\t\t<span class=\"elementor-icon-list-text\">Tous les t\u00e9l\u00e9chargements sont s\u00e9curis\u00e9s et confidentiels<\/span>\n\t\t\t\t\t\t\t\t\t<\/li>\n\t\t\t\t\t\t<\/ul>\n\t\t\t\t\t\t<\/div>\n\t\t\t\t<\/div>\n\t\t\t\t<\/div>\n\t\t\t\t<\/div>\n\t\t<\/div>\n\t\t\t\t\t\t<\/div>\n\t\t\t\t<\/div>\n\t\t\t\t<\/div>\n\t\t\t\t\t<\/div>\n\t\t\t\t<\/div>\n\t\t<div class=\"elementor-element elementor-element-a0bd9e1 e-flex e-con-boxed e-con e-parent\" data-id=\"a0bd9e1\" data-element_type=\"container\" data-e-type=\"container\" data-settings=\"{&quot;ekit_has_onepagescroll_dot&quot;:&quot;yes&quot;}\">\n\t\t\t\t\t<div class=\"e-con-inner\">\n\t\t\t\t<div class=\"elementor-element elementor-element-0defa53 elementor-widget elementor-widget-text-editor\" data-id=\"0defa53\" data-element_type=\"widget\" data-e-type=\"widget\" data-settings=\"{&quot;ekit_we_effect_on&quot;:&quot;none&quot;}\" data-widget_type=\"text-editor.default\">\n\t\t\t\t<div class=\"elementor-widget-container\">\n\t\t\t\t\t\t\t\t\t<div class=\"elementor-element elementor-element-92fceaf elementor-widget elementor-widget-heading\" data-id=\"92fceaf\" data-element_type=\"widget\" data-settings=\"{&quot;ekit_we_effect_on&quot;:&quot;none&quot;}\" data-widget_type=\"heading.default\"><div class=\"elementor-widget-container\"><h2 class=\"elementor-heading-title elementor-size-default\"><span style=\"color: #000000;\">Politique de confidentialit\u00e9<\/span><\/h2><\/div><\/div><div class=\"elementor-element elementor-element-028b6dd elementor-widget elementor-widget-text-editor\" data-id=\"028b6dd\" data-element_type=\"widget\" data-settings=\"{&quot;ekit_we_effect_on&quot;:&quot;none&quot;}\" data-widget_type=\"text-editor.default\"><div class=\"elementor-widget-container\"><span style=\"color: #000000;\">Dongguan Xinyang Sporting Goods Co, Ltd (\"nous\", \"notre\" ou \"nos\") accorde une grande importance \u00e0 la protection de votre vie priv\u00e9e. (\"nous\", \"notre\" ou \"nos\") attache une grande importance \u00e0 votre vie priv\u00e9e et s'engage \u00e0 prot\u00e9ger vos informations personnelles. La pr\u00e9sente politique de confidentialit\u00e9 explique comment nous recueillons, utilisons, divulguons et prot\u00e9geons vos informations lorsque vous visitez notre site web et utilisez nos services.<\/span><\/div><\/div><div class=\"elementor-element elementor-element-95ce025 elementor-widget elementor-widget-heading\" data-id=\"95ce025\" data-element_type=\"widget\" data-settings=\"{&quot;ekit_we_effect_on&quot;:&quot;none&quot;}\" data-widget_type=\"heading.default\"><div class=\"elementor-widget-container\"><h3 class=\"elementor-heading-title elementor-size-default\"><span style=\"color: #000000;\">1. Les informations que nous collectons<\/span><\/h3><\/div><\/div><div class=\"elementor-element elementor-element-d510fc6 elementor-widget elementor-widget-text-editor\" data-id=\"d510fc6\" data-element_type=\"widget\" data-settings=\"{&quot;ekit_we_effect_on&quot;:&quot;none&quot;}\" data-widget_type=\"text-editor.default\"><div class=\"elementor-widget-container\"><p><span style=\"color: #000000;\">Nous pouvons collecter les types d'informations personnelles suivants :<\/span><\/p><ul><li><span style=\"color: #000000;\"><strong>Informations d'identification personnelle :<\/strong>\u00a0Nom, adresse \u00e9lectronique, num\u00e9ro de t\u00e9l\u00e9phone, adresse postale.<\/span><\/li><li><span style=\"color: #000000;\"><strong>Informations sur la commande :<\/strong>\u00a0D\u00e9tails de la commande, informations sur le paiement, adresse de facturation et d'exp\u00e9dition.<\/span><\/li><li><span style=\"color: #000000;\"><strong>Informations techniques :<\/strong>\u00a0Adresse IP, type de navigateur, informations sur l'appareil et activit\u00e9 de navigation sur notre site.<\/span><\/li><li><span style=\"color: #000000;\"><strong>Autres informations :<\/strong>\u00a0toute information suppl\u00e9mentaire que vous fournissez dans le cadre de demandes de renseignements, d'enqu\u00eates ou de formulaires de retour d'information.<\/span><\/li><\/ul><\/div><\/div><div class=\"elementor-element elementor-element-d344302 elementor-widget elementor-widget-heading\" data-id=\"d344302\" data-element_type=\"widget\" data-settings=\"{&quot;ekit_we_effect_on&quot;:&quot;none&quot;}\" data-widget_type=\"heading.default\"><div class=\"elementor-widget-container\"><h3 class=\"elementor-heading-title elementor-size-default\"><span style=\"color: #000000;\">2. Comment nous utilisons vos informations<\/span><\/h3><\/div><\/div><div class=\"elementor-element elementor-element-6ceea7b elementor-widget elementor-widget-text-editor\" data-id=\"6ceea7b\" data-element_type=\"widget\" data-settings=\"{&quot;ekit_we_effect_on&quot;:&quot;none&quot;}\" data-widget_type=\"text-editor.default\"><div class=\"elementor-widget-container\"><p><span style=\"color: #000000;\">Nous utilisons les informations collect\u00e9es pour :<\/span><\/p><ul><li><span style=\"color: #000000;\">Traiter les commandes et fournir des produits ou des services.<\/span><\/li><li><span style=\"color: #000000;\">Communiquer avec vous au sujet de vos commandes, de vos demandes de renseignements ou de vos besoins d'assistance.<\/span><\/li><li><span style=\"color: #000000;\">Am\u00e9liorer notre site web, nos produits et nos services sur la base des commentaires de nos clients.<\/span><\/li><li><span style=\"color: #000000;\">R\u00e9aliser des analyses de march\u00e9 pour mieux comprendre les pr\u00e9f\u00e9rences des clients.<\/span><\/li><li><span style=\"color: #000000;\">Respecter les obligations l\u00e9gales et se prot\u00e9ger contre les fraudes potentielles.<\/span><\/li><\/ul><\/div><\/div><div class=\"elementor-element elementor-element-6102571 elementor-widget elementor-widget-heading\" data-id=\"6102571\" data-element_type=\"widget\" data-settings=\"{&quot;ekit_we_effect_on&quot;:&quot;none&quot;}\" data-widget_type=\"heading.default\"><div class=\"elementor-widget-container\"><h3 class=\"elementor-heading-title elementor-size-default\"><span style=\"color: #000000;\">3. Partage et divulgation d'informations<\/span><\/h3><\/div><\/div><div class=\"elementor-element elementor-element-88d72bb elementor-widget elementor-widget-text-editor\" data-id=\"88d72bb\" data-element_type=\"widget\" data-settings=\"{&quot;ekit_we_effect_on&quot;:&quot;none&quot;}\" data-widget_type=\"text-editor.default\"><div class=\"elementor-widget-container\"><p><span style=\"color: #000000;\">Nous pouvons partager vos informations dans des circonstances limit\u00e9es, telles que<\/span><\/p><ul><li><span style=\"color: #000000;\"><strong>Fournisseurs de services :<\/strong>\u00a0Avec des prestataires de services tiers de confiance qui nous aident \u00e0 exploiter notre site web, \u00e0 ex\u00e9cuter les commandes et \u00e0 mener des activit\u00e9s commerciales en notre nom.<\/span><\/li><li><span style=\"color: #000000;\"><strong>Exigences l\u00e9gales :<\/strong>\u00a0Si la loi l'exige ou pour prot\u00e9ger les droits, la s\u00e9curit\u00e9 et la propri\u00e9t\u00e9 de notre entreprise, de nos employ\u00e9s ou de nos clients.<\/span><\/li><\/ul><\/div><\/div><div class=\"elementor-element elementor-element-0bd784e elementor-widget elementor-widget-text-editor\" data-id=\"0bd784e\" data-element_type=\"widget\" data-settings=\"{&quot;ekit_we_effect_on&quot;:&quot;none&quot;}\" data-widget_type=\"text-editor.default\"><div class=\"elementor-widget-container\"><span style=\"color: #000000;\">Nous ne vendons pas, n'\u00e9changeons pas et ne transf\u00e9rons pas vos informations personnelles \u00e0 des tiers sans votre consentement, sauf dans les cas d\u00e9crits dans la pr\u00e9sente politique de protection de la vie priv\u00e9e.<\/span><\/div><\/div><div class=\"elementor-element elementor-element-2c426f6 elementor-widget elementor-widget-heading\" data-id=\"2c426f6\" data-element_type=\"widget\" data-settings=\"{&quot;ekit_we_effect_on&quot;:&quot;none&quot;}\" data-widget_type=\"heading.default\"><div class=\"elementor-widget-container\"><h3 class=\"elementor-heading-title elementor-size-default\"><span style=\"color: #000000;\">4. S\u00e9curit\u00e9 des donn\u00e9es<\/span><\/h3><\/div><\/div><div class=\"elementor-element elementor-element-0f9c7e1 elementor-widget elementor-widget-text-editor\" data-id=\"0f9c7e1\" data-element_type=\"widget\" data-settings=\"{&quot;ekit_we_effect_on&quot;:&quot;none&quot;}\" data-widget_type=\"text-editor.default\"><div class=\"elementor-widget-container\"><span style=\"color: #000000;\">Nous prenons des mesures techniques et organisationnelles appropri\u00e9es pour prot\u00e9ger vos informations contre l'acc\u00e8s non autoris\u00e9, la perte ou l'utilisation abusive. Toutefois, veuillez noter qu'aucune m\u00e9thode de transmission ou de stockage des donn\u00e9es ne peut \u00eatre garantie comme \u00e9tant 100% s\u00fbre.<\/span><\/div><\/div><div class=\"elementor-element elementor-element-7a381db elementor-widget elementor-widget-heading\" data-id=\"7a381db\" data-element_type=\"widget\" data-settings=\"{&quot;ekit_we_effect_on&quot;:&quot;none&quot;}\" data-widget_type=\"heading.default\"><div class=\"elementor-widget-container\"><h3 class=\"elementor-heading-title elementor-size-default\"><span style=\"color: #000000;\">5. Vos droits<\/span><\/h3><\/div><\/div><div class=\"elementor-element elementor-element-abb9127 elementor-widget elementor-widget-text-editor\" data-id=\"abb9127\" data-element_type=\"widget\" data-settings=\"{&quot;ekit_we_effect_on&quot;:&quot;none&quot;}\" data-widget_type=\"text-editor.default\"><div class=\"elementor-widget-container\"><p><span style=\"color: #000000;\">Selon l'endroit o\u00f9 vous vous trouvez, vous pouvez avoir des droits concernant vos informations personnelles, comme par exemple<\/span><\/p><ul><li><span style=\"color: #000000;\">L'acc\u00e8s, la mise \u00e0 jour ou la suppression de vos informations personnelles.<\/span><\/li><li><span style=\"color: #000000;\">Le retrait du consentement au traitement des donn\u00e9es, le cas \u00e9ch\u00e9ant.<\/span><\/li><li><span style=\"color: #000000;\">Refus de recevoir des communications marketing.<\/span><\/li><\/ul><\/div><\/div><div class=\"elementor-element elementor-element-4b9089f elementor-widget elementor-widget-text-editor\" data-id=\"4b9089f\" data-element_type=\"widget\" data-settings=\"{&quot;ekit_we_effect_on&quot;:&quot;none&quot;}\" data-widget_type=\"text-editor.default\"><div class=\"elementor-widget-container\"><span style=\"color: #000000;\">Pour exercer ces droits, veuillez nous contacter en utilisant les coordonn\u00e9es ci-dessous.<\/span><\/div><\/div><div class=\"elementor-element elementor-element-a5baaa7 elementor-widget elementor-widget-heading\" data-id=\"a5baaa7\" data-element_type=\"widget\" data-settings=\"{&quot;ekit_we_effect_on&quot;:&quot;none&quot;}\" data-widget_type=\"heading.default\"><div class=\"elementor-widget-container\"><h3 class=\"elementor-heading-title elementor-size-default\"><span style=\"color: #000000;\">6. Cookies<\/span><\/h3><\/div><\/div><div class=\"elementor-element elementor-element-4e9e80c elementor-widget elementor-widget-text-editor\" data-id=\"4e9e80c\" data-element_type=\"widget\" data-settings=\"{&quot;ekit_we_effect_on&quot;:&quot;none&quot;}\" data-widget_type=\"text-editor.default\"><div class=\"elementor-widget-container\"><span style=\"color: #000000;\">Nous utilisons des cookies et des technologies similaires pour am\u00e9liorer votre exp\u00e9rience sur notre site web. Les cookies nous permettent de comprendre le comportement des utilisateurs, d'am\u00e9liorer les performances du site web et de personnaliser le contenu. Vous pouvez g\u00e9rer vos pr\u00e9f\u00e9rences en mati\u00e8re de cookies par le biais des param\u00e8tres de votre navigateur.<\/span><\/div><\/div><div class=\"elementor-element elementor-element-56f8c27 elementor-widget elementor-widget-heading\" data-id=\"56f8c27\" data-element_type=\"widget\" data-settings=\"{&quot;ekit_we_effect_on&quot;:&quot;none&quot;}\" data-widget_type=\"heading.default\"><div class=\"elementor-widget-container\"><h3 class=\"elementor-heading-title elementor-size-default\"><span style=\"color: #000000;\">7. Modifications de la pr\u00e9sente politique de protection de la vie priv\u00e9e<\/span><\/h3><\/div><\/div><div class=\"elementor-element elementor-element-b7c0e54 elementor-widget elementor-widget-text-editor\" data-id=\"b7c0e54\" data-element_type=\"widget\" data-settings=\"{&quot;ekit_we_effect_on&quot;:&quot;none&quot;}\" data-widget_type=\"text-editor.default\"><div class=\"elementor-widget-container\"><span style=\"color: #000000;\">Nous pouvons mettre \u00e0 jour cette politique de confidentialit\u00e9 de temps \u00e0 autre pour refl\u00e9ter les changements dans nos pratiques ou les exigences l\u00e9gales. Nous vous informerons de toute modification importante en publiant la politique mise \u00e0 jour sur notre site web.<\/span><\/div><\/div><div class=\"elementor-element elementor-element-821db01 elementor-widget elementor-widget-heading\" data-id=\"821db01\" data-element_type=\"widget\" data-settings=\"{&quot;ekit_we_effect_on&quot;:&quot;none&quot;}\" data-widget_type=\"heading.default\"><div class=\"elementor-widget-container\"><h3 class=\"elementor-heading-title elementor-size-default\"><span style=\"color: #000000;\">8. Nous contacter<\/span><\/h3><\/div><\/div><div class=\"elementor-element elementor-element-60b1056 elementor-widget elementor-widget-text-editor\" data-id=\"60b1056\" data-element_type=\"widget\" data-settings=\"{&quot;ekit_we_effect_on&quot;:&quot;none&quot;}\" data-widget_type=\"text-editor.default\"><div class=\"elementor-widget-container\"><span style=\"color: #000000;\">Si vous avez des questions sur la pr\u00e9sente politique de confidentialit\u00e9 ou sur nos pratiques en mati\u00e8re de donn\u00e9es, veuillez nous contacter \u00e0 l'adresse suivante :<\/span><br \/><span style=\"color: #000000;\"><strong>Dongguan Xinyang Sporting Goods Co, Ltd.<\/strong><\/span><br \/><span style=\"color: #000000;\">Adresse :<strong>\u00a01319 Zhongzheng Building, No.82 Dongmen Middle Road, Changan Town, Dongguan City, Guangdong Province<\/strong><\/span><br \/><span style=\"color: #000000;\">Courriel :\u00a0<strong>mxysports@gmail.com<\/strong><\/span><br \/><span style=\"color: #000000;\">T\u00e9l\u00e9phone :<strong>+86-13267261491<\/strong><\/span><\/div><\/div>\t\t\t\t\t\t\t\t<\/div>\n\t\t\t\t<\/div>\n\t\t\t\t\t<\/div>\n\t\t\t\t<\/div>\n\t\t\t\t<\/div>","protected":false},"excerpt":{"rendered":"<p>Accueil Nous accordons de l'importance \u00e0 votre vie priv\u00e9e. Notre politique d\u00e9crit la mani\u00e8re dont nous recueillons, utilisons et prot\u00e9geons vos informations personnelles afin de vous garantir une exp\u00e9rience s\u00fbre et transparente lors de l'utilisation de nos services. Politique de confidentialit\u00e9 Dongguan Xinyang Sporting Goods Co, Ltd. (\"nous\", \"notre\" ou \"nos\") respecte votre vie priv\u00e9e et s'engage \u00e0 prot\u00e9ger vos informations personnelles. Cette politique de confidentialit\u00e9 explique [...]<\/p>","protected":false},"author":2,"featured_media":0,"parent":0,"menu_order":0,"comment_status":"closed","ping_status":"closed","template":"","meta":{"_acf_changed":false,"footnotes":""},"class_list":["post-2622","page","type-page","status-publish","hentry"],"acf":[],"_links":{"self":[{"href":"https:\/\/mxysport.com\/fr\/wp-json\/wp\/v2\/pages\/2622","targetHints":{"allow":["GET"]}}],"collection":[{"href":"https:\/\/mxysport.com\/fr\/wp-json\/wp\/v2\/pages"}],"about":[{"href":"https:\/\/mxysport.com\/fr\/wp-json\/wp\/v2\/types\/page"}],"author":[{"embeddable":true,"href":"https:\/\/mxysport.com\/fr\/wp-json\/wp\/v2\/users\/2"}],"replies":[{"embeddable":true,"href":"https:\/\/mxysport.com\/fr\/wp-json\/wp\/v2\/comments?post=2622"}],"version-history":[{"count":34,"href":"https:\/\/mxysport.com\/fr\/wp-json\/wp\/v2\/pages\/2622\/revisions"}],"predecessor-version":[{"id":3355,"href":"https:\/\/mxysport.com\/fr\/wp-json\/wp\/v2\/pages\/2622\/revisions\/3355"}],"wp:attachment":[{"href":"https:\/\/mxysport.com\/fr\/wp-json\/wp\/v2\/media?parent=2622"}],"curies":[{"name":"wp","href":"https:\/\/api.w.org\/{rel}","templated":true}]}}