{"id":2624,"date":"2025-05-10T19:24:06","date_gmt":"2025-05-10T19:24:06","guid":{"rendered":"https:\/\/mxysport.com\/?page_id=2624"},"modified":"2025-05-29T19:25:00","modified_gmt":"2025-05-29T19:25:00","slug":"retours-remboursements","status":"publish","type":"page","link":"https:\/\/mxysport.com\/fr\/retours-remboursements\/","title":{"rendered":"Retours et remboursements"},"content":{"rendered":"<div data-elementor-type=\"wp-page\" data-elementor-id=\"2624\" class=\"elementor elementor-2624\" data-elementor-post-type=\"page\">\n\t\t\t\t<div class=\"elementor-element elementor-element-120376f e-flex e-con-boxed e-con e-parent\" data-id=\"120376f\" data-element_type=\"container\" data-settings=\"{&quot;background_background&quot;:&quot;classic&quot;,&quot;ekit_has_onepagescroll_dot&quot;:&quot;yes&quot;}\">\n\t\t\t\t\t<div class=\"e-con-inner\">\n\t\t\t\t<div class=\"elementor-element elementor-element-d2b4052 elementor-widget elementor-widget-breadcrumbs\" data-id=\"d2b4052\" data-element_type=\"widget\" data-settings=\"{&quot;ekit_we_effect_on&quot;:&quot;none&quot;}\" data-widget_type=\"breadcrumbs.default\">\n\t\t\t\t<div class=\"elementor-widget-container\">\n\t\t\t\t\t<div><span class=\"last\">Accueil<\/span><\/div>\t\t\t\t<\/div>\n\t\t\t\t<\/div>\n\t\t\t\t<div class=\"elementor-element elementor-element-e5cfec2 elementor-widget elementor-widget-heading\" data-id=\"e5cfec2\" data-element_type=\"widget\" data-settings=\"{&quot;ekit_we_effect_on&quot;:&quot;none&quot;}\" data-widget_type=\"heading.default\">\n\t\t\t\t<div class=\"elementor-widget-container\">\n\t\t\t\t\t<h1 class=\"elementor-heading-title elementor-size-default\">Retours et remboursements<\/h1>\t\t\t\t<\/div>\n\t\t\t\t<\/div>\n\t\t\t\t<div class=\"elementor-element elementor-element-e2c407c elementor-widget elementor-widget-text-editor\" data-id=\"e2c407c\" data-element_type=\"widget\" data-settings=\"{&quot;ekit_we_effect_on&quot;:&quot;none&quot;}\" data-widget_type=\"text-editor.default\">\n\t\t\t\t<div class=\"elementor-widget-container\">\n\t\t\t\t\t\t\t\t\tNotre politique de retour et de remboursement garantit une proc\u00e9dure sans probl\u00e8me pour les articles \u00e9ligibles. Consultez nos lignes directrices pour comprendre les d\u00e9lais, les conditions et les \u00e9tapes de retour des produits ou de demande de remboursement.\t\t\t\t\t\t\t\t<\/div>\n\t\t\t\t<\/div>\n\t\t<div class=\"elementor-element elementor-element-760593a e-con-full e-flex e-con e-child\" data-id=\"760593a\" data-element_type=\"container\" data-settings=\"{&quot;ekit_has_onepagescroll_dot&quot;:&quot;yes&quot;}\">\n\t\t\t\t<div class=\"elementor-element elementor-element-15ec568 elementor-widget elementor-widget-shortcode\" data-id=\"15ec568\" data-element_type=\"widget\" data-settings=\"{&quot;ekit_we_effect_on&quot;:&quot;none&quot;}\" data-widget_type=\"shortcode.default\">\n\t\t\t\t<div class=\"elementor-widget-container\">\n\t\t\t\t\t\t\t<div class=\"elementor-shortcode\">\t\t<div data-elementor-type=\"container\" data-elementor-id=\"3255\" class=\"elementor elementor-3255\" data-elementor-post-type=\"elementor_library\">\n\t\t\t\t<div class=\"elementor-element elementor-element-600a766 e-con-full e-flex e-con e-child\" data-id=\"600a766\" data-element_type=\"container\" data-settings=\"{&quot;ekit_has_onepagescroll_dot&quot;:&quot;yes&quot;}\">\n\t\t\t\t<div class=\"elementor-element elementor-element-ac0d404 elementor-widget elementor-widget-button\" data-id=\"ac0d404\" data-element_type=\"widget\" data-settings=\"{&quot;ekit_we_effect_on&quot;:&quot;none&quot;}\" data-widget_type=\"button.default\">\n\t\t\t\t<div class=\"elementor-widget-container\">\n\t\t\t\t\t\t\t\t\t<div class=\"elementor-button-wrapper\">\n\t\t\t\t\t<a class=\"elementor-button elementor-button-link elementor-size-sm\" href=\"#elementor-action%3Aaction%3Dpopup%3Aopen%26settings%3DeyJpZCI6IjMyNDYiLCJ0b2dnbGUiOmZhbHNlfQ%3D%3D\">\n\t\t\t\t\t\t<span class=\"elementor-button-content-wrapper\">\n\t\t\t\t\t\t\t\t\t<span class=\"elementor-button-text\">Obtenir un devis imm\u00e9diat<\/span>\n\t\t\t\t\t<\/span>\n\t\t\t\t\t<\/a>\n\t\t\t\t<\/div>\n\t\t\t\t\t\t\t\t<\/div>\n\t\t\t\t<\/div>\n\t\t\t\t<div class=\"elementor-element elementor-element-b2bf82f elementor-icon-list--layout-traditional elementor-list-item-link-full_width elementor-widget elementor-widget-icon-list\" data-id=\"b2bf82f\" data-element_type=\"widget\" data-settings=\"{&quot;ekit_we_effect_on&quot;:&quot;none&quot;}\" data-widget_type=\"icon-list.default\">\n\t\t\t\t<div class=\"elementor-widget-container\">\n\t\t\t\t\t\t\t<ul class=\"elementor-icon-list-items\">\n\t\t\t\t\t\t\t<li class=\"elementor-icon-list-item\">\n\t\t\t\t\t\t\t\t\t\t\t<span class=\"elementor-icon-list-icon\">\n\t\t\t\t\t\t\t<svg aria-hidden=\"true\" class=\"e-font-icon-svg e-fas-lock\" viewbox=\"0 0 448 512\" xmlns=\"http:\/\/www.w3.org\/2000\/svg\"><path d=\"M400 224h-24v-72C376 68.2 307.8 0 224 0S72 68.2 72 152v72H48c-26.5 0-48 21.5-48 48v192c0 26.5 21.5 48 48 48h352c26.5 0 48-21.5 48-48V272c0-26.5-21.5-48-48-48zm-104 0H152v-72c0-39.7 32.3-72 72-72s72 32.3 72 72v72z\"><\/path><\/svg>\t\t\t\t\t\t<\/span>\n\t\t\t\t\t\t\t\t\t\t<span class=\"elementor-icon-list-text\">Tous les t\u00e9l\u00e9chargements sont s\u00e9curis\u00e9s et confidentiels<\/span>\n\t\t\t\t\t\t\t\t\t<\/li>\n\t\t\t\t\t\t<\/ul>\n\t\t\t\t\t\t<\/div>\n\t\t\t\t<\/div>\n\t\t\t\t<\/div>\n\t\t\t\t<\/div>\n\t\t<\/div>\n\t\t\t\t\t\t<\/div>\n\t\t\t\t<\/div>\n\t\t\t\t<\/div>\n\t\t\t\t\t<\/div>\n\t\t\t\t<\/div>\n\t\t<div class=\"elementor-element elementor-element-34d3542 e-flex e-con-boxed e-con e-parent\" data-id=\"34d3542\" data-element_type=\"container\" data-settings=\"{&quot;ekit_has_onepagescroll_dot&quot;:&quot;yes&quot;}\">\n\t\t\t\t\t<div class=\"e-con-inner\">\n\t\t\t\t<div class=\"elementor-element elementor-element-1668b85 elementor-widget elementor-widget-text-editor\" data-id=\"1668b85\" data-element_type=\"widget\" data-settings=\"{&quot;ekit_we_effect_on&quot;:&quot;none&quot;}\" data-widget_type=\"text-editor.default\">\n\t\t\t\t<div class=\"elementor-widget-container\">\n\t\t\t\t\t\t\t\t\t<div class=\"elementor-element elementor-element-73668eb elementor-widget elementor-widget-heading\" data-id=\"73668eb\" data-element_type=\"widget\" data-settings=\"{&quot;ekit_we_effect_on&quot;:&quot;none&quot;}\" data-widget_type=\"heading.default\"><div class=\"elementor-widget-container\"><h2 class=\"elementor-heading-title elementor-size-default\"><span style=\"color: #000000;\">Retours et remboursements<\/span><\/h2><\/div><\/div><div class=\"elementor-element elementor-element-a2f183c elementor-widget elementor-widget-text-editor\" data-id=\"a2f183c\" data-element_type=\"widget\" data-settings=\"{&quot;ekit_we_effect_on&quot;:&quot;none&quot;}\" data-widget_type=\"text-editor.default\"><div class=\"elementor-widget-container\"><span style=\"color: #000000;\">\u00c0 Dongguan Xinyang Sporting Goods Co, Ltd, nous nous engageons \u00e0 faire en sorte que nos clients soient satisfaits de leurs achats. Si vous n'\u00eates pas enti\u00e8rement satisfait de votre produit, veuillez consulter notre politique de retour et de remboursement ci-dessous.<\/span><\/div><\/div><div class=\"elementor-element elementor-element-50e9cd0 elementor-widget elementor-widget-heading\" data-id=\"50e9cd0\" data-element_type=\"widget\" data-settings=\"{&quot;ekit_we_effect_on&quot;:&quot;none&quot;}\" data-widget_type=\"heading.default\"><div class=\"elementor-widget-container\"><h3 class=\"elementor-heading-title elementor-size-default\"><span style=\"color: #000000;\">1. Admissibilit\u00e9 des retours<\/span><\/h3><\/div><\/div><div class=\"elementor-element elementor-element-02c409e elementor-widget elementor-widget-text-editor\" data-id=\"02c409e\" data-element_type=\"widget\" data-settings=\"{&quot;ekit_we_effect_on&quot;:&quot;none&quot;}\" data-widget_type=\"text-editor.default\"><div class=\"elementor-widget-container\"><p><span style=\"color: #000000;\">Pour pouvoir \u00eatre retourn\u00e9, l'article doit remplir les conditions suivantes :<\/span><\/p><ul><li><span style=\"color: #000000;\"><strong>\u00c9tat :<\/strong>\u00a0Les articles doivent \u00eatre inutilis\u00e9s, dans leur \u00e9tat d'origine et dans leur emballage d'origine.<\/span><\/li><li><span style=\"color: #000000;\"><strong>P\u00e9riode de temps :<\/strong>\u00a0Les retours doivent \u00eatre effectu\u00e9s dans les [ins\u00e9rer le nombre] jours suivant la r\u00e9ception du produit.<\/span><\/li><li><span style=\"color: #000000;\"><strong>Preuve d'achat :<\/strong>\u00a0Un re\u00e7u valide ou une preuve d'achat est n\u00e9cessaire pour tous les retours.<\/span><\/li><\/ul><p><span style=\"color: #000000;\">Certains articles, y compris les commandes sur mesure ou personnalis\u00e9es, peuvent ne pas \u00eatre repris. Veuillez contacter notre service client\u00e8le si vous avez des questions sur des produits sp\u00e9cifiques.<\/span><\/p><\/div><\/div><div class=\"elementor-element elementor-element-c217c72 elementor-widget elementor-widget-heading\" data-id=\"c217c72\" data-element_type=\"widget\" data-settings=\"{&quot;ekit_we_effect_on&quot;:&quot;none&quot;}\" data-widget_type=\"heading.default\"><div class=\"elementor-widget-container\"><h3 class=\"elementor-heading-title elementor-size-default\"><span style=\"color: #000000;\">2. Articles non retournables<\/span><\/h3><\/div><\/div><div class=\"elementor-element elementor-element-9a99a4b elementor-widget elementor-widget-text-editor\" data-id=\"9a99a4b\" data-element_type=\"widget\" data-settings=\"{&quot;ekit_we_effect_on&quot;:&quot;none&quot;}\" data-widget_type=\"text-editor.default\"><div class=\"elementor-widget-container\"><p><span style=\"color: #000000;\">Nous n'acceptons pas les retours pour certains articles, y compris mais sans s'y limiter :<\/span><\/p><ul><li><span style=\"color: #000000;\">Produits sur mesure ou personnalis\u00e9s<\/span><\/li><li><span style=\"color: #000000;\">Articles \u00e0 prix r\u00e9duit ou en vente finale<\/span><\/li><li><span style=\"color: #000000;\">Articles qui ont \u00e9t\u00e9 utilis\u00e9s ou endommag\u00e9s par le client<\/span><\/li><\/ul><\/div><\/div><div class=\"elementor-element elementor-element-39f3a6c elementor-widget elementor-widget-heading\" data-id=\"39f3a6c\" data-element_type=\"widget\" data-settings=\"{&quot;ekit_we_effect_on&quot;:&quot;none&quot;}\" data-widget_type=\"heading.default\"><div class=\"elementor-widget-container\"><h3 class=\"elementor-heading-title elementor-size-default\"><span style=\"color: #000000;\">3. Processus de retour<\/span><\/h3><\/div><\/div><div class=\"elementor-element elementor-element-0349f74 elementor-widget elementor-widget-text-editor\" data-id=\"0349f74\" data-element_type=\"widget\" data-settings=\"{&quot;ekit_we_effect_on&quot;:&quot;none&quot;}\" data-widget_type=\"text-editor.default\"><div class=\"elementor-widget-container\"><p><span style=\"color: #000000;\">Pour effectuer un retour, veuillez suivre les \u00e9tapes suivantes :<\/span><\/p><ol><li><span style=\"color: #000000;\"><strong>Contacter le service client\u00e8le :<\/strong>\u00a0Envoyez-nous un e-mail \u00e0 [l'e-mail du service client\u00e8le] ou appelez-nous \u00e0 [le num\u00e9ro de t\u00e9l\u00e9phone du service client\u00e8le] pour demander une autorisation de retour.<\/span><\/li><li><span style=\"color: #000000;\"><strong>Emballer votre article :<\/strong>\u00a0Emballez soigneusement l'article dans son emballage d'origine, y compris tous les accessoires et la documentation.<\/span><\/li><li><span style=\"color: #000000;\"><strong>Exp\u00e9dition en retour :<\/strong>\u00a0Les frais de retour sont \u00e0 votre charge, sauf si l'article a \u00e9t\u00e9 re\u00e7u endommag\u00e9 ou d\u00e9fectueux. Nous vous recommandons d'utiliser une m\u00e9thode d'exp\u00e9dition avec suivi pour vous assurer que l'article nous est renvoy\u00e9 en toute s\u00e9curit\u00e9.<\/span><\/li><\/ol><\/div><\/div><div class=\"elementor-element elementor-element-1578885 elementor-widget elementor-widget-heading\" data-id=\"1578885\" data-element_type=\"widget\" data-settings=\"{&quot;ekit_we_effect_on&quot;:&quot;none&quot;}\" data-widget_type=\"heading.default\"><div class=\"elementor-widget-container\"><h3 class=\"elementor-heading-title elementor-size-default\"><span style=\"color: #000000;\">4. Remboursements<\/span><\/h3><\/div><\/div><div class=\"elementor-element elementor-element-d0de458 elementor-widget elementor-widget-text-editor\" data-id=\"d0de458\" data-element_type=\"widget\" data-settings=\"{&quot;ekit_we_effect_on&quot;:&quot;none&quot;}\" data-widget_type=\"text-editor.default\"><div class=\"elementor-widget-container\"><p><span style=\"color: #000000;\">Une fois que nous aurons re\u00e7u et inspect\u00e9 votre retour, nous vous informerons de l'approbation ou du rejet de votre remboursement :<\/span><\/p><ul><li><span style=\"color: #000000;\"><strong>Remboursements approuv\u00e9s :<\/strong>\u00a0Les remboursements pour les retours approuv\u00e9s seront trait\u00e9s dans un d\u00e9lai de [ins\u00e9rer le nombre] jours ouvrables selon votre m\u00e9thode de paiement initiale. Les d\u00e9lais de traitement peuvent varier en fonction de votre banque ou de votre fournisseur de paiement.<\/span><\/li><li><span style=\"color: #000000;\"><strong>Remboursements partiels :<\/strong>\u00a0Dans certains cas, seuls des remboursements partiels peuvent \u00eatre effectu\u00e9s pour des articles pr\u00e9sentant des signes d'utilisation ou de d\u00e9t\u00e9rioration par le client.<\/span><\/li><\/ul><\/div><\/div><div class=\"elementor-element elementor-element-27005fc elementor-widget elementor-widget-heading\" data-id=\"27005fc\" data-element_type=\"widget\" data-settings=\"{&quot;ekit_we_effect_on&quot;:&quot;none&quot;}\" data-widget_type=\"heading.default\"><div class=\"elementor-widget-container\"><h3 class=\"elementor-heading-title elementor-size-default\"><span style=\"color: #000000;\">5. Les \u00e9changes<\/span><\/h3><\/div><\/div><div class=\"elementor-element elementor-element-af1400b elementor-widget elementor-widget-text-editor\" data-id=\"af1400b\" data-element_type=\"widget\" data-settings=\"{&quot;ekit_we_effect_on&quot;:&quot;none&quot;}\" data-widget_type=\"text-editor.default\"><div class=\"elementor-widget-container\"><p><span style=\"color: #000000;\">Nous ne rempla\u00e7ons les articles que s'ils sont d\u00e9fectueux ou endommag\u00e9s. Si vous souhaitez \u00e9changer un article d\u00e9fectueux contre le m\u00eame produit, veuillez contacter notre service client\u00e8le.<\/span><\/p><\/div><\/div><div class=\"elementor-element elementor-element-7c745fe elementor-widget elementor-widget-heading\" data-id=\"7c745fe\" data-element_type=\"widget\" data-settings=\"{&quot;ekit_we_effect_on&quot;:&quot;none&quot;}\" data-widget_type=\"heading.default\"><div class=\"elementor-widget-container\"><h3 class=\"elementor-heading-title elementor-size-default\"><span style=\"color: #000000;\">6. Articles endommag\u00e9s ou d\u00e9fectueux<\/span><\/h3><\/div><\/div><div class=\"elementor-element elementor-element-4d92a53 elementor-widget elementor-widget-text-editor\" data-id=\"4d92a53\" data-element_type=\"widget\" data-settings=\"{&quot;ekit_we_effect_on&quot;:&quot;none&quot;}\" data-widget_type=\"text-editor.default\"><div class=\"elementor-widget-container\"><span style=\"color: #000000;\">Si vous recevez un article endommag\u00e9 ou d\u00e9fectueux, veuillez nous contacter dans les [ins\u00e9rer le nombre] jours suivant la r\u00e9ception de l'article. Nous vous indiquerons comment retourner l'article et obtenir un remplacement ou un remboursement.<\/span><\/div><\/div><div class=\"elementor-element elementor-element-f2644a0 elementor-widget elementor-widget-heading\" data-id=\"f2644a0\" data-element_type=\"widget\" data-settings=\"{&quot;ekit_we_effect_on&quot;:&quot;none&quot;}\" data-widget_type=\"heading.default\"><div class=\"elementor-widget-container\"><h3 class=\"elementor-heading-title elementor-size-default\"><span style=\"color: #000000;\">7. Nous contacter<\/span><\/h3><\/div><\/div><div class=\"elementor-element elementor-element-a24b5b3 elementor-widget elementor-widget-text-editor\" data-id=\"a24b5b3\" data-element_type=\"widget\" data-settings=\"{&quot;ekit_we_effect_on&quot;:&quot;none&quot;}\" data-widget_type=\"text-editor.default\"><div class=\"elementor-widget-container\"><span style=\"color: #000000;\">Si vous avez des questions sur la pr\u00e9sente politique de confidentialit\u00e9 ou sur nos pratiques en mati\u00e8re de donn\u00e9es, veuillez nous contacter \u00e0 l'adresse suivante :<\/span><br \/><span style=\"color: #000000;\"><strong>Dongguan Xinyang Sporting Goods Co, Ltd.<\/strong><\/span><br \/><span style=\"color: #000000;\">Adresse :<strong>\u00a01319 Zhongzheng Building, No.82 Dongmen Middle Road, Changan Town, Dongguan City, Guangdong Province<\/strong><\/span><br \/><span style=\"color: #000000;\">Courriel :\u00a0<strong>mxysports@gmail.com<\/strong><\/span><br \/><span style=\"color: #000000;\">T\u00e9l\u00e9phone :<strong>+86-13267261491<\/strong><\/span><\/div><\/div>\t\t\t\t\t\t\t\t<\/div>\n\t\t\t\t<\/div>\n\t\t\t\t\t<\/div>\n\t\t\t\t<\/div>\n\t\t\t\t<\/div>","protected":false},"excerpt":{"rendered":"<p>Accueil Notre politique de retour et de remboursement garantit une proc\u00e9dure sans probl\u00e8me pour les articles \u00e9ligibles. Consultez nos directives pour comprendre les d\u00e9lais, les conditions et les \u00e9tapes de retour des produits ou de demande de remboursement. Retours et remboursements Chez Dongguan Xinyang Sporting Goods Co, Ltd, nous nous engageons \u00e0 ce que nos clients soient satisfaits de leurs achats. Si vous n'\u00eates pas [...]<\/p>","protected":false},"author":2,"featured_media":0,"parent":0,"menu_order":0,"comment_status":"closed","ping_status":"closed","template":"","meta":{"_acf_changed":false,"footnotes":""},"class_list":["post-2624","page","type-page","status-publish","hentry"],"acf":[],"_links":{"self":[{"href":"https:\/\/mxysport.com\/fr\/wp-json\/wp\/v2\/pages\/2624","targetHints":{"allow":["GET"]}}],"collection":[{"href":"https:\/\/mxysport.com\/fr\/wp-json\/wp\/v2\/pages"}],"about":[{"href":"https:\/\/mxysport.com\/fr\/wp-json\/wp\/v2\/types\/page"}],"author":[{"embeddable":true,"href":"https:\/\/mxysport.com\/fr\/wp-json\/wp\/v2\/users\/2"}],"replies":[{"embeddable":true,"href":"https:\/\/mxysport.com\/fr\/wp-json\/wp\/v2\/comments?post=2624"}],"version-history":[{"count":22,"href":"https:\/\/mxysport.com\/fr\/wp-json\/wp\/v2\/pages\/2624\/revisions"}],"predecessor-version":[{"id":3349,"href":"https:\/\/mxysport.com\/fr\/wp-json\/wp\/v2\/pages\/2624\/revisions\/3349"}],"wp:attachment":[{"href":"https:\/\/mxysport.com\/fr\/wp-json\/wp\/v2\/media?parent=2624"}],"curies":[{"name":"wp","href":"https:\/\/api.w.org\/{rel}","templated":true}]}}