{"id":2625,"date":"2025-05-10T19:24:26","date_gmt":"2025-05-10T19:24:26","guid":{"rendered":"https:\/\/mxysport.com\/?page_id=2625"},"modified":"2025-05-29T19:25:07","modified_gmt":"2025-05-29T19:25:07","slug":"conditions-dutilisation-des-services","status":"publish","type":"page","link":"https:\/\/mxysport.com\/fr\/conditions-dutilisation-des-services\/","title":{"rendered":"Conditions d'utilisation"},"content":{"rendered":"<div data-elementor-type=\"wp-page\" data-elementor-id=\"2625\" class=\"elementor elementor-2625\" data-elementor-post-type=\"page\">\n\t\t\t\t<div class=\"elementor-element elementor-element-75915f6 e-flex e-con-boxed e-con e-parent\" data-id=\"75915f6\" data-element_type=\"container\" data-settings=\"{&quot;background_background&quot;:&quot;classic&quot;,&quot;ekit_has_onepagescroll_dot&quot;:&quot;yes&quot;}\">\n\t\t\t\t\t<div class=\"e-con-inner\">\n\t\t\t\t<div class=\"elementor-element elementor-element-0a02605 elementor-widget elementor-widget-breadcrumbs\" data-id=\"0a02605\" data-element_type=\"widget\" data-settings=\"{&quot;ekit_we_effect_on&quot;:&quot;none&quot;}\" data-widget_type=\"breadcrumbs.default\">\n\t\t\t\t<div class=\"elementor-widget-container\">\n\t\t\t\t\t<div><span class=\"last\">Accueil<\/span><\/div>\t\t\t\t<\/div>\n\t\t\t\t<\/div>\n\t\t\t\t<div class=\"elementor-element elementor-element-aa6bf86 elementor-widget elementor-widget-heading\" data-id=\"aa6bf86\" data-element_type=\"widget\" data-settings=\"{&quot;ekit_we_effect_on&quot;:&quot;none&quot;}\" data-widget_type=\"heading.default\">\n\t\t\t\t<div class=\"elementor-widget-container\">\n\t\t\t\t\t<h1 class=\"elementor-heading-title elementor-size-default\">Conditions d'utilisation<\/h1>\t\t\t\t<\/div>\n\t\t\t\t<\/div>\n\t\t\t\t<div class=\"elementor-element elementor-element-fe3de77 elementor-widget elementor-widget-text-editor\" data-id=\"fe3de77\" data-element_type=\"widget\" data-settings=\"{&quot;ekit_we_effect_on&quot;:&quot;none&quot;}\" data-widget_type=\"text-editor.default\">\n\t\t\t\t<div class=\"elementor-widget-container\">\n\t\t\t\t\t\t\t\t\tConsultez nos conditions d'utilisation pour comprendre les r\u00e8gles, les r\u00e8glements et les responsabilit\u00e9s lors de l'utilisation de notre plateforme, afin de garantir une exp\u00e9rience s\u00fbre et harmonieuse pour tous les utilisateurs.\t\t\t\t\t\t\t\t<\/div>\n\t\t\t\t<\/div>\n\t\t<div class=\"elementor-element elementor-element-7e75141 e-con-full e-flex e-con e-child\" data-id=\"7e75141\" data-element_type=\"container\" data-settings=\"{&quot;ekit_has_onepagescroll_dot&quot;:&quot;yes&quot;}\">\n\t\t\t\t<div class=\"elementor-element elementor-element-1be6e55 elementor-widget elementor-widget-shortcode\" data-id=\"1be6e55\" data-element_type=\"widget\" data-settings=\"{&quot;ekit_we_effect_on&quot;:&quot;none&quot;}\" data-widget_type=\"shortcode.default\">\n\t\t\t\t<div class=\"elementor-widget-container\">\n\t\t\t\t\t\t\t<div class=\"elementor-shortcode\">\t\t<div data-elementor-type=\"container\" data-elementor-id=\"3255\" class=\"elementor elementor-3255\" data-elementor-post-type=\"elementor_library\">\n\t\t\t\t<div class=\"elementor-element elementor-element-600a766 e-con-full e-flex e-con e-child\" data-id=\"600a766\" data-element_type=\"container\" data-settings=\"{&quot;ekit_has_onepagescroll_dot&quot;:&quot;yes&quot;}\">\n\t\t\t\t<div class=\"elementor-element elementor-element-ac0d404 elementor-widget elementor-widget-button\" data-id=\"ac0d404\" data-element_type=\"widget\" data-settings=\"{&quot;ekit_we_effect_on&quot;:&quot;none&quot;}\" data-widget_type=\"button.default\">\n\t\t\t\t<div class=\"elementor-widget-container\">\n\t\t\t\t\t\t\t\t\t<div class=\"elementor-button-wrapper\">\n\t\t\t\t\t<a class=\"elementor-button elementor-button-link elementor-size-sm\" href=\"#elementor-action%3Aaction%3Dpopup%3Aopen%26settings%3DeyJpZCI6IjMyNDYiLCJ0b2dnbGUiOmZhbHNlfQ%3D%3D\">\n\t\t\t\t\t\t<span class=\"elementor-button-content-wrapper\">\n\t\t\t\t\t\t\t\t\t<span class=\"elementor-button-text\">Obtenir un devis imm\u00e9diat<\/span>\n\t\t\t\t\t<\/span>\n\t\t\t\t\t<\/a>\n\t\t\t\t<\/div>\n\t\t\t\t\t\t\t\t<\/div>\n\t\t\t\t<\/div>\n\t\t\t\t<div class=\"elementor-element elementor-element-b2bf82f elementor-icon-list--layout-traditional elementor-list-item-link-full_width elementor-widget elementor-widget-icon-list\" data-id=\"b2bf82f\" data-element_type=\"widget\" data-settings=\"{&quot;ekit_we_effect_on&quot;:&quot;none&quot;}\" data-widget_type=\"icon-list.default\">\n\t\t\t\t<div class=\"elementor-widget-container\">\n\t\t\t\t\t\t\t<ul class=\"elementor-icon-list-items\">\n\t\t\t\t\t\t\t<li class=\"elementor-icon-list-item\">\n\t\t\t\t\t\t\t\t\t\t\t<span class=\"elementor-icon-list-icon\">\n\t\t\t\t\t\t\t<svg aria-hidden=\"true\" class=\"e-font-icon-svg e-fas-lock\" viewbox=\"0 0 448 512\" xmlns=\"http:\/\/www.w3.org\/2000\/svg\"><path d=\"M400 224h-24v-72C376 68.2 307.8 0 224 0S72 68.2 72 152v72H48c-26.5 0-48 21.5-48 48v192c0 26.5 21.5 48 48 48h352c26.5 0 48-21.5 48-48V272c0-26.5-21.5-48-48-48zm-104 0H152v-72c0-39.7 32.3-72 72-72s72 32.3 72 72v72z\"><\/path><\/svg>\t\t\t\t\t\t<\/span>\n\t\t\t\t\t\t\t\t\t\t<span class=\"elementor-icon-list-text\">Tous les t\u00e9l\u00e9chargements sont s\u00e9curis\u00e9s et confidentiels<\/span>\n\t\t\t\t\t\t\t\t\t<\/li>\n\t\t\t\t\t\t<\/ul>\n\t\t\t\t\t\t<\/div>\n\t\t\t\t<\/div>\n\t\t\t\t<\/div>\n\t\t\t\t<\/div>\n\t\t<\/div>\n\t\t\t\t\t\t<\/div>\n\t\t\t\t<\/div>\n\t\t\t\t<\/div>\n\t\t\t\t\t<\/div>\n\t\t\t\t<\/div>\n\t\t<div class=\"elementor-element elementor-element-a17f8d2 e-flex e-con-boxed e-con e-parent\" data-id=\"a17f8d2\" data-element_type=\"container\" data-settings=\"{&quot;ekit_has_onepagescroll_dot&quot;:&quot;yes&quot;}\">\n\t\t\t\t\t<div class=\"e-con-inner\">\n\t\t\t\t<div class=\"elementor-element elementor-element-c3d47e4 elementor-widget elementor-widget-text-editor\" data-id=\"c3d47e4\" data-element_type=\"widget\" data-settings=\"{&quot;ekit_we_effect_on&quot;:&quot;none&quot;}\" data-widget_type=\"text-editor.default\">\n\t\t\t\t<div class=\"elementor-widget-container\">\n\t\t\t\t\t\t\t\t\t<div class=\"elementor-element elementor-element-cde08bc elementor-widget elementor-widget-heading\" data-id=\"cde08bc\" data-element_type=\"widget\" data-settings=\"{&quot;ekit_we_effect_on&quot;:&quot;none&quot;}\" data-widget_type=\"heading.default\"><div class=\"elementor-widget-container\"><h2 class=\"elementor-heading-title elementor-size-default\"><span style=\"color: #000000;\">Conditions d'utilisation<\/span><\/h2><\/div><\/div><div class=\"elementor-element elementor-element-72d0de1 elementor-widget elementor-widget-text-editor\" data-id=\"72d0de1\" data-element_type=\"widget\" data-settings=\"{&quot;ekit_we_effect_on&quot;:&quot;none&quot;}\" data-widget_type=\"text-editor.default\"><div class=\"elementor-widget-container\"><span style=\"color: #000000;\">Bienvenue sur le site de Dongguan Xinyang Sporting Goods Co. (\"nous\", \"notre\" ou \"nos\"). En acc\u00e9dant \u00e0 notre site web et \u00e0 nos services ou en les utilisant, vous acceptez d'\u00eatre li\u00e9 par les pr\u00e9sentes conditions de service (\"conditions\"). Si vous n'acceptez pas ces conditions, veuillez ne pas utiliser nos services.<\/span><\/div><\/div><div class=\"elementor-element elementor-element-566fd5d elementor-widget elementor-widget-heading\" data-id=\"566fd5d\" data-element_type=\"widget\" data-settings=\"{&quot;ekit_we_effect_on&quot;:&quot;none&quot;}\" data-widget_type=\"heading.default\"><div class=\"elementor-widget-container\"><h3 class=\"elementor-heading-title elementor-size-default\"><span style=\"color: #000000;\">1. Utilisation de notre site web<\/span><\/h3><\/div><\/div><div class=\"elementor-element elementor-element-527730e elementor-widget elementor-widget-text-editor\" data-id=\"527730e\" data-element_type=\"widget\" data-settings=\"{&quot;ekit_we_effect_on&quot;:&quot;none&quot;}\" data-widget_type=\"text-editor.default\"><div class=\"elementor-widget-container\"><p><span style=\"color: #000000;\">Notre site web fournit des informations sur nos produits et services, y compris la possibilit\u00e9 d'effectuer des achats, d'acc\u00e9der \u00e0 l'assistance \u00e0 la client\u00e8le et d'en savoir plus sur Dongguan Xinyang Sporting Goods Co, Ltd.<\/span><\/p><ul><li><span style=\"color: #000000;\"><strong>L'\u00e9ligibilit\u00e9 :<\/strong>\u00a0Vous devez \u00eatre \u00e2g\u00e9 d'au moins 18 ans ou disposer d'un accord parental ou d'un tuteur l\u00e9gal pour utiliser nos services.<\/span><\/li><li><span style=\"color: #000000;\"><strong>Cr\u00e9ation de compte :<\/strong>\u00a0Il se peut que vous deviez cr\u00e9er un compte pour acc\u00e9der \u00e0 certaines fonctions. Vous \u00eates responsable du maintien de la confidentialit\u00e9 des informations relatives \u00e0 votre compte et de toutes les activit\u00e9s qui se d\u00e9roulent sous votre compte.<\/span><\/li><\/ul><\/div><\/div><div class=\"elementor-element elementor-element-1071be2 elementor-widget elementor-widget-heading\" data-id=\"1071be2\" data-element_type=\"widget\" data-settings=\"{&quot;ekit_we_effect_on&quot;:&quot;none&quot;}\" data-widget_type=\"heading.default\"><div class=\"elementor-widget-container\"><h3 class=\"elementor-heading-title elementor-size-default\"><span style=\"color: #000000;\">2. Commandes et achats<\/span><\/h3><\/div><\/div><div class=\"elementor-element elementor-element-368718e elementor-widget elementor-widget-text-editor\" data-id=\"368718e\" data-element_type=\"widget\" data-settings=\"{&quot;ekit_we_effect_on&quot;:&quot;none&quot;}\" data-widget_type=\"text-editor.default\"><div class=\"elementor-widget-container\"><p><span style=\"color: #000000;\">Lorsque vous passez une commande sur notre site web, vous acceptez de fournir des informations exactes et compl\u00e8tes. Nous nous r\u00e9servons le droit de refuser ou d'annuler des commandes en cas de probl\u00e8me de paiement ou d'indisponibilit\u00e9 des produits.<\/span><\/p><ul><li><span style=\"color: #000000;\"><strong>Prix :<\/strong>\u00a0Les prix sont indiqu\u00e9s sur notre site web et peuvent \u00eatre modifi\u00e9s sans pr\u00e9avis.<\/span><\/li><li><span style=\"color: #000000;\"><strong>Conditions de paiement :<\/strong>\u00a0Tous les paiements sont dus au moment de l'achat et nous acceptons les modes de paiement sp\u00e9cifi\u00e9s sur notre site web.<\/span><\/li><li><span style=\"color: #000000;\"><strong>Annulation de commande :<\/strong>\u00a0Nous nous r\u00e9servons le droit d'annuler toute commande si nous soup\u00e7onnons une fraude, une activit\u00e9 non autoris\u00e9e ou pour toute autre raison jug\u00e9e n\u00e9cessaire.<\/span><\/li><\/ul><\/div><\/div><div class=\"elementor-element elementor-element-84a7554 elementor-widget elementor-widget-heading\" data-id=\"84a7554\" data-element_type=\"widget\" data-settings=\"{&quot;ekit_we_effect_on&quot;:&quot;none&quot;}\" data-widget_type=\"heading.default\"><div class=\"elementor-widget-container\"><h3 class=\"elementor-heading-title elementor-size-default\"><span style=\"color: #000000;\">3. Exp\u00e9dition et livraison<\/span><\/h3><\/div><\/div><div class=\"elementor-element elementor-element-d40c8ec elementor-widget elementor-widget-text-editor\" data-id=\"d40c8ec\" data-element_type=\"widget\" data-settings=\"{&quot;ekit_we_effect_on&quot;:&quot;none&quot;}\" data-widget_type=\"text-editor.default\"><div class=\"elementor-widget-container\"><p><span style=\"color: #000000;\">Nous nous effor\u00e7ons de traiter et d'exp\u00e9dier les commandes rapidement. Les d\u00e9lais de livraison peuvent varier en fonction de la localisation et sont soumis aux fournisseurs de services d'exp\u00e9dition tiers.<\/span><\/p><ul><li><span style=\"color: #000000;\"><strong>Frais d'exp\u00e9dition :<\/strong>\u00a0Les frais d'exp\u00e9dition sont calcul\u00e9s au moment du paiement et peuvent varier en fonction de la taille de la commande et de la localisation.<\/span><\/li><li><span style=\"color: #000000;\"><strong>Frais de douane et d'importation :<\/strong>\u00a0Les commandes internationales peuvent \u00eatre soumises \u00e0 des droits de douane, des taxes et des frais, qui sont \u00e0 la charge du client.<\/span><\/li><\/ul><\/div><\/div><div class=\"elementor-element elementor-element-c5cd1a1 elementor-widget elementor-widget-heading\" data-id=\"c5cd1a1\" data-element_type=\"widget\" data-settings=\"{&quot;ekit_we_effect_on&quot;:&quot;none&quot;}\" data-widget_type=\"heading.default\"><div class=\"elementor-widget-container\"><h3 class=\"elementor-heading-title elementor-size-default\"><span style=\"color: #000000;\">4. Retours et remboursements<\/span><\/h3><\/div><\/div><div class=\"elementor-element elementor-element-542f591 elementor-widget elementor-widget-text-editor\" data-id=\"542f591\" data-element_type=\"widget\" data-settings=\"{&quot;ekit_we_effect_on&quot;:&quot;none&quot;}\" data-widget_type=\"text-editor.default\"><div class=\"elementor-widget-container\"><p><span style=\"color: #000000;\">Notre politique de retour permet aux clients de demander un retour ou un remboursement sous certaines conditions. Pour plus de d\u00e9tails, veuillez consulter notre page sur la politique de retour.<\/span><\/p><ul><li><span style=\"color: #000000;\"><strong>L'\u00e9ligibilit\u00e9 :<\/strong>\u00a0Seuls les produits dans leur \u00e9tat d'origine et non utilis\u00e9s peuvent \u00eatre retourn\u00e9s.<\/span><\/li><li><span style=\"color: #000000;\"><strong>Proc\u00e9dure de remboursement :<\/strong>\u00a0Les remboursements seront effectu\u00e9s dans un certain d\u00e9lai apr\u00e8s l'inspection et l'approbation du produit retourn\u00e9.<\/span><\/li><\/ul><h3>\u00a0<\/h3><\/div><\/div><div class=\"elementor-element elementor-element-fe1a46d elementor-widget elementor-widget-heading\" data-id=\"fe1a46d\" data-element_type=\"widget\" data-settings=\"{&quot;ekit_we_effect_on&quot;:&quot;none&quot;}\" data-widget_type=\"heading.default\"><div class=\"elementor-widget-container\"><h3 class=\"elementor-heading-title elementor-size-default\"><span style=\"color: #000000;\">5. Propri\u00e9t\u00e9 intellectuelle<\/span><\/h3><\/div><\/div><div class=\"elementor-element elementor-element-af157a0 elementor-widget elementor-widget-text-editor\" data-id=\"af157a0\" data-element_type=\"widget\" data-settings=\"{&quot;ekit_we_effect_on&quot;:&quot;none&quot;}\" data-widget_type=\"text-editor.default\"><div class=\"elementor-widget-container\"><span style=\"color: #000000;\">Tout le contenu de notre site web, y compris les textes, les images, les logos et les dessins, est la propri\u00e9t\u00e9 de Dongguan Xinyang Sporting Goods Co., Ltd. ou de ses fournisseurs de contenu et est prot\u00e9g\u00e9 par les droits d'auteur, les marques commerciales et d'autres lois sur la propri\u00e9t\u00e9 intellectuelle. Il est interdit de reproduire, de distribuer ou d'utiliser tout contenu sans notre autorisation \u00e9crite.<\/span><\/div><\/div><div class=\"elementor-element elementor-element-2222092 elementor-widget elementor-widget-heading\" data-id=\"2222092\" data-element_type=\"widget\" data-settings=\"{&quot;ekit_we_effect_on&quot;:&quot;none&quot;}\" data-widget_type=\"heading.default\"><div class=\"elementor-widget-container\"><h3 class=\"elementor-heading-title elementor-size-default\"><span style=\"color: #000000;\">6. Limitation de la responsabilit\u00e9<\/span><\/h3><\/div><\/div><div class=\"elementor-element elementor-element-99303b4 elementor-widget elementor-widget-text-editor\" data-id=\"99303b4\" data-element_type=\"widget\" data-settings=\"{&quot;ekit_we_effect_on&quot;:&quot;none&quot;}\" data-widget_type=\"text-editor.default\"><div class=\"elementor-widget-container\"><span style=\"color: #000000;\">Dans les limites autoris\u00e9es par la loi, Dongguan Xinyang Sporting Goods Co. ne sera pas responsable des dommages directs, indirects, accessoires, sp\u00e9ciaux ou cons\u00e9cutifs r\u00e9sultant de l'utilisation de notre site web ou de nos services. Cela inclut, sans s'y limiter, toute erreur ou omission dans le contenu ou toute perte ou dommage r\u00e9sultant de l'utilisation de nos produits.<\/span><\/div><\/div><div class=\"elementor-element elementor-element-637c9fb elementor-widget elementor-widget-heading\" data-id=\"637c9fb\" data-element_type=\"widget\" data-settings=\"{&quot;ekit_we_effect_on&quot;:&quot;none&quot;}\" data-widget_type=\"heading.default\"><div class=\"elementor-widget-container\"><h3 class=\"elementor-heading-title elementor-size-default\"><span style=\"color: #000000;\">7. Indemnisation<\/span><\/h3><\/div><\/div><div class=\"elementor-element elementor-element-26363fb elementor-widget elementor-widget-text-editor\" data-id=\"26363fb\" data-element_type=\"widget\" data-settings=\"{&quot;ekit_we_effect_on&quot;:&quot;none&quot;}\" data-widget_type=\"text-editor.default\"><div class=\"elementor-widget-container\"><span style=\"color: #000000;\">Vous acceptez d'indemniser et de tenir Dongguan Xinyang Sporting Goods Co., Ltd, ses employ\u00e9s, ses affili\u00e9s et ses partenaires \u00e0 l'\u00e9cart de toute r\u00e9clamation, de tout dommage, de toute responsabilit\u00e9 ou de toute d\u00e9pense (y compris les frais d'avocat) d\u00e9coulant de votre utilisation de notre site web, de votre violation des pr\u00e9sentes conditions ou de votre violation des droits d'une tierce partie.<\/span><\/div><\/div><div class=\"elementor-element elementor-element-76933a6 elementor-widget elementor-widget-heading\" data-id=\"76933a6\" data-element_type=\"widget\" data-settings=\"{&quot;ekit_we_effect_on&quot;:&quot;none&quot;}\" data-widget_type=\"heading.default\"><div class=\"elementor-widget-container\"><h3 class=\"elementor-heading-title elementor-size-default\"><span style=\"color: #000000;\">8. Modifications des pr\u00e9sentes conditions<\/span><\/h3><\/div><\/div><div class=\"elementor-element elementor-element-6e94707 elementor-widget elementor-widget-text-editor\" data-id=\"6e94707\" data-element_type=\"widget\" data-settings=\"{&quot;ekit_we_effect_on&quot;:&quot;none&quot;}\" data-widget_type=\"text-editor.default\"><div class=\"elementor-widget-container\"><span style=\"color: #000000;\">Nous pouvons mettre \u00e0 jour les pr\u00e9sentes conditions de service p\u00e9riodiquement. Toute modification sera publi\u00e9e sur cette page et nous vous encourageons \u00e0 consulter r\u00e9guli\u00e8rement les conditions. En continuant \u00e0 utiliser notre site web apr\u00e8s les modifications, vous acceptez les conditions mises \u00e0 jour.<\/span><\/div><\/div><div class=\"elementor-element elementor-element-6d0fa9e elementor-widget elementor-widget-heading\" data-id=\"6d0fa9e\" data-element_type=\"widget\" data-settings=\"{&quot;ekit_we_effect_on&quot;:&quot;none&quot;}\" data-widget_type=\"heading.default\"><div class=\"elementor-widget-container\"><h3 class=\"elementor-heading-title elementor-size-default\"><span style=\"color: #000000;\">9. Droit applicable<\/span><\/h3><\/div><\/div><div class=\"elementor-element elementor-element-a02ef79 elementor-widget elementor-widget-text-editor\" data-id=\"a02ef79\" data-element_type=\"widget\" data-settings=\"{&quot;ekit_we_effect_on&quot;:&quot;none&quot;}\" data-widget_type=\"text-editor.default\"><div class=\"elementor-widget-container\"><span style=\"color: #000000;\">Les pr\u00e9sentes conditions d'utilisation sont r\u00e9gies par les lois de [juridiction\/pays]. Tout litige d\u00e9coulant des pr\u00e9sentes conditions ou s'y rapportant sera r\u00e9solu par les tribunaux comp\u00e9tents de [juridiction\/pays].<\/span><\/div><\/div><div class=\"elementor-element elementor-element-65a3a6a elementor-widget elementor-widget-heading\" data-id=\"65a3a6a\" data-element_type=\"widget\" data-settings=\"{&quot;ekit_we_effect_on&quot;:&quot;none&quot;}\" data-widget_type=\"heading.default\"><div class=\"elementor-widget-container\"><h3 class=\"elementor-heading-title elementor-size-default\"><span style=\"color: #000000;\">10. Nous contacter<\/span><\/h3><\/div><\/div><div class=\"elementor-element elementor-element-b58bfae elementor-widget elementor-widget-text-editor\" data-id=\"b58bfae\" data-element_type=\"widget\" data-settings=\"{&quot;ekit_we_effect_on&quot;:&quot;none&quot;}\" data-widget_type=\"text-editor.default\"><div class=\"elementor-widget-container\"><span style=\"color: #000000;\">Si vous avez des questions sur la pr\u00e9sente politique de confidentialit\u00e9 ou sur nos pratiques en mati\u00e8re de donn\u00e9es, veuillez nous contacter \u00e0 l'adresse suivante :<\/span><br \/><span style=\"color: #000000;\"><strong>Dongguan Xinyang Sporting Goods Co, Ltd.<\/strong><\/span><br \/><span style=\"color: #000000;\">Adresse :<strong>\u00a01319 Zhongzheng Building, No.82 Dongmen Middle Road, Changan Town, Dongguan City, Guangdong Province<\/strong><\/span><br \/><span style=\"color: #000000;\">Courriel :\u00a0<strong>mxysports@gmail.com<\/strong><\/span><br \/><span style=\"color: #000000;\">T\u00e9l\u00e9phone :<strong>+86-13267261491<\/strong><\/span><\/div><\/div>\t\t\t\t\t\t\t\t<\/div>\n\t\t\t\t<\/div>\n\t\t\t\t\t<\/div>\n\t\t\t\t<\/div>\n\t\t\t\t<\/div>","protected":false},"excerpt":{"rendered":"<p>Accueil Consultez nos conditions de service pour comprendre les r\u00e8gles, les r\u00e9glementations et les responsabilit\u00e9s li\u00e9es \u00e0 l'utilisation de notre plateforme, afin de garantir une exp\u00e9rience s\u00fbre et harmonieuse \u00e0 tous les utilisateurs. Conditions d'utilisation Bienvenue sur le site de Dongguan Xinyang Sporting Goods Co, Ltd (\"nous\", \"notre\" ou \"nos\"). (\"nous\", \"notre\" ou \"nos\"). En acc\u00e9dant ou en utilisant notre site web et nos services, vous acceptez d'\u00eatre li\u00e9 par [...]<\/p>","protected":false},"author":2,"featured_media":0,"parent":0,"menu_order":0,"comment_status":"closed","ping_status":"closed","template":"","meta":{"_acf_changed":false,"footnotes":""},"class_list":["post-2625","page","type-page","status-publish","hentry"],"acf":[],"_links":{"self":[{"href":"https:\/\/mxysport.com\/fr\/wp-json\/wp\/v2\/pages\/2625","targetHints":{"allow":["GET"]}}],"collection":[{"href":"https:\/\/mxysport.com\/fr\/wp-json\/wp\/v2\/pages"}],"about":[{"href":"https:\/\/mxysport.com\/fr\/wp-json\/wp\/v2\/types\/page"}],"author":[{"embeddable":true,"href":"https:\/\/mxysport.com\/fr\/wp-json\/wp\/v2\/users\/2"}],"replies":[{"embeddable":true,"href":"https:\/\/mxysport.com\/fr\/wp-json\/wp\/v2\/comments?post=2625"}],"version-history":[{"count":22,"href":"https:\/\/mxysport.com\/fr\/wp-json\/wp\/v2\/pages\/2625\/revisions"}],"predecessor-version":[{"id":3352,"href":"https:\/\/mxysport.com\/fr\/wp-json\/wp\/v2\/pages\/2625\/revisions\/3352"}],"wp:attachment":[{"href":"https:\/\/mxysport.com\/fr\/wp-json\/wp\/v2\/media?parent=2625"}],"curies":[{"name":"wp","href":"https:\/\/api.w.org\/{rel}","templated":true}]}}