{"id":2622,"date":"2025-05-10T19:23:31","date_gmt":"2025-05-10T19:23:31","guid":{"rendered":"https:\/\/mxysport.com\/?page_id=2622"},"modified":"2025-05-29T19:25:44","modified_gmt":"2025-05-29T19:25:44","slug":"politica-de-privacidade-2","status":"publish","type":"page","link":"https:\/\/mxysport.com\/pt\/politica-de-privacidade-2\/","title":{"rendered":"Pol\u00edtica de privacidade"},"content":{"rendered":"<div data-elementor-type=\"wp-page\" data-elementor-id=\"2622\" class=\"elementor elementor-2622\" data-elementor-post-type=\"page\">\n\t\t\t\t<div class=\"elementor-element elementor-element-bb3e154 e-flex e-con-boxed e-con e-parent\" data-id=\"bb3e154\" data-element_type=\"container\" data-e-type=\"container\" data-settings=\"{&quot;background_background&quot;:&quot;classic&quot;,&quot;ekit_has_onepagescroll_dot&quot;:&quot;yes&quot;}\">\n\t\t\t\t\t<div class=\"e-con-inner\">\n\t\t\t\t<div class=\"elementor-element elementor-element-c8343c6 elementor-widget elementor-widget-breadcrumbs\" data-id=\"c8343c6\" data-element_type=\"widget\" data-e-type=\"widget\" data-settings=\"{&quot;ekit_we_effect_on&quot;:&quot;none&quot;}\" data-widget_type=\"breadcrumbs.default\">\n\t\t\t\t<div class=\"elementor-widget-container\">\n\t\t\t\t\t<div><span class=\"last\">In\u00edcio<\/span><\/div>\t\t\t\t<\/div>\n\t\t\t\t<\/div>\n\t\t\t\t<div class=\"elementor-element elementor-element-c924e3d elementor-widget elementor-widget-heading\" data-id=\"c924e3d\" data-element_type=\"widget\" data-e-type=\"widget\" data-settings=\"{&quot;ekit_we_effect_on&quot;:&quot;none&quot;}\" data-widget_type=\"heading.default\">\n\t\t\t\t<div class=\"elementor-widget-container\">\n\t\t\t\t\t<h1 class=\"elementor-heading-title elementor-size-default\">Pol\u00edtica de privacidade<\/h1>\t\t\t\t<\/div>\n\t\t\t\t<\/div>\n\t\t\t\t<div class=\"elementor-element elementor-element-86d497a elementor-widget elementor-widget-text-editor\" data-id=\"86d497a\" data-element_type=\"widget\" data-e-type=\"widget\" data-settings=\"{&quot;ekit_we_effect_on&quot;:&quot;none&quot;}\" data-widget_type=\"text-editor.default\">\n\t\t\t\t<div class=\"elementor-widget-container\">\n\t\t\t\t\t\t\t\t\tValorizamos a sua privacidade. A nossa pol\u00edtica descreve a forma como recolhemos, utilizamos e protegemos as suas informa\u00e7\u00f5es pessoais para garantir uma experi\u00eancia segura e transparente durante a utiliza\u00e7\u00e3o dos nossos servi\u00e7os.\t\t\t\t\t\t\t\t<\/div>\n\t\t\t\t<\/div>\n\t\t<div class=\"elementor-element elementor-element-ebccec1 e-con-full e-flex e-con e-child\" data-id=\"ebccec1\" data-element_type=\"container\" data-e-type=\"container\" data-settings=\"{&quot;ekit_has_onepagescroll_dot&quot;:&quot;yes&quot;}\">\n\t\t\t\t<div class=\"elementor-element elementor-element-e17064b elementor-widget elementor-widget-shortcode\" data-id=\"e17064b\" data-element_type=\"widget\" data-e-type=\"widget\" data-settings=\"{&quot;ekit_we_effect_on&quot;:&quot;none&quot;}\" data-widget_type=\"shortcode.default\">\n\t\t\t\t<div class=\"elementor-widget-container\">\n\t\t\t\t\t\t\t<div class=\"elementor-shortcode\">\t\t<div data-elementor-type=\"container\" data-elementor-id=\"3255\" class=\"elementor elementor-3255\" data-elementor-post-type=\"elementor_library\">\n\t\t\t\t<div class=\"elementor-element elementor-element-600a766 e-con-full e-flex e-con e-child\" data-id=\"600a766\" data-element_type=\"container\" data-e-type=\"container\" data-settings=\"{&quot;ekit_has_onepagescroll_dot&quot;:&quot;yes&quot;}\">\n\t\t\t\t<div class=\"elementor-element elementor-element-ac0d404 elementor-widget elementor-widget-button\" data-id=\"ac0d404\" data-element_type=\"widget\" data-e-type=\"widget\" data-settings=\"{&quot;ekit_we_effect_on&quot;:&quot;none&quot;}\" data-widget_type=\"button.default\">\n\t\t\t\t<div class=\"elementor-widget-container\">\n\t\t\t\t\t\t\t\t\t<div class=\"elementor-button-wrapper\">\n\t\t\t\t\t<a class=\"elementor-button elementor-button-link elementor-size-sm\" href=\"#elementor-action%3Aaction%3Dpopup%3Aopen%26settings%3DeyJpZCI6IjMyNDYiLCJ0b2dnbGUiOmZhbHNlfQ%3D%3D\">\n\t\t\t\t\t\t<span class=\"elementor-button-content-wrapper\">\n\t\t\t\t\t\t\t\t\t<span class=\"elementor-button-text\">Obter um or\u00e7amento imediato<\/span>\n\t\t\t\t\t<\/span>\n\t\t\t\t\t<\/a>\n\t\t\t\t<\/div>\n\t\t\t\t\t\t\t\t<\/div>\n\t\t\t\t<\/div>\n\t\t\t\t<div class=\"elementor-element elementor-element-b2bf82f elementor-icon-list--layout-traditional elementor-list-item-link-full_width elementor-widget elementor-widget-icon-list\" data-id=\"b2bf82f\" data-element_type=\"widget\" data-e-type=\"widget\" data-settings=\"{&quot;ekit_we_effect_on&quot;:&quot;none&quot;}\" data-widget_type=\"icon-list.default\">\n\t\t\t\t<div class=\"elementor-widget-container\">\n\t\t\t\t\t\t\t<ul class=\"elementor-icon-list-items\">\n\t\t\t\t\t\t\t<li class=\"elementor-icon-list-item\">\n\t\t\t\t\t\t\t\t\t\t\t<span class=\"elementor-icon-list-icon\">\n\t\t\t\t\t\t\t<svg aria-hidden=\"true\" class=\"e-font-icon-svg e-fas-lock\" viewbox=\"0 0 448 512\" xmlns=\"http:\/\/www.w3.org\/2000\/svg\"><path d=\"M400 224h-24v-72C376 68.2 307.8 0 224 0S72 68.2 72 152v72H48c-26.5 0-48 21.5-48 48v192c0 26.5 21.5 48 48 48h352c26.5 0 48-21.5 48-48V272c0-26.5-21.5-48-48-48zm-104 0H152v-72c0-39.7 32.3-72 72-72s72 32.3 72 72v72z\"><\/path><\/svg>\t\t\t\t\t\t<\/span>\n\t\t\t\t\t\t\t\t\t\t<span class=\"elementor-icon-list-text\">Todos os carregamentos s\u00e3o seguros e confidenciais<\/span>\n\t\t\t\t\t\t\t\t\t<\/li>\n\t\t\t\t\t\t<\/ul>\n\t\t\t\t\t\t<\/div>\n\t\t\t\t<\/div>\n\t\t\t\t<\/div>\n\t\t\t\t<\/div>\n\t\t<\/div>\n\t\t\t\t\t\t<\/div>\n\t\t\t\t<\/div>\n\t\t\t\t<\/div>\n\t\t\t\t\t<\/div>\n\t\t\t\t<\/div>\n\t\t<div class=\"elementor-element elementor-element-a0bd9e1 e-flex e-con-boxed e-con e-parent\" data-id=\"a0bd9e1\" data-element_type=\"container\" data-e-type=\"container\" data-settings=\"{&quot;ekit_has_onepagescroll_dot&quot;:&quot;yes&quot;}\">\n\t\t\t\t\t<div class=\"e-con-inner\">\n\t\t\t\t<div class=\"elementor-element elementor-element-0defa53 elementor-widget elementor-widget-text-editor\" data-id=\"0defa53\" data-element_type=\"widget\" data-e-type=\"widget\" data-settings=\"{&quot;ekit_we_effect_on&quot;:&quot;none&quot;}\" data-widget_type=\"text-editor.default\">\n\t\t\t\t<div class=\"elementor-widget-container\">\n\t\t\t\t\t\t\t\t\t<div class=\"elementor-element elementor-element-92fceaf elementor-widget elementor-widget-heading\" data-id=\"92fceaf\" data-element_type=\"widget\" data-settings=\"{&quot;ekit_we_effect_on&quot;:&quot;none&quot;}\" data-widget_type=\"heading.default\"><div class=\"elementor-widget-container\"><h2 class=\"elementor-heading-title elementor-size-default\"><span style=\"color: #000000;\">Pol\u00edtica de privacidade<\/span><\/h2><\/div><\/div><div class=\"elementor-element elementor-element-028b6dd elementor-widget elementor-widget-text-editor\" data-id=\"028b6dd\" data-element_type=\"widget\" data-settings=\"{&quot;ekit_we_effect_on&quot;:&quot;none&quot;}\" data-widget_type=\"text-editor.default\"><div class=\"elementor-widget-container\"><span style=\"color: #000000;\">A Dongguan Xinyang Sporting Goods Co., Ltd. (\"n\u00f3s\", \"nosso\" ou \"nos\") valoriza a sua privacidade e est\u00e1 empenhada em proteger as suas informa\u00e7\u00f5es pessoais. Esta Pol\u00edtica de Privacidade explica como recolhemos, utilizamos, divulgamos e protegemos as suas informa\u00e7\u00f5es quando visita o nosso s\u00edtio Web e se envolve com os nossos servi\u00e7os.<\/span><\/div><\/div><div class=\"elementor-element elementor-element-95ce025 elementor-widget elementor-widget-heading\" data-id=\"95ce025\" data-element_type=\"widget\" data-settings=\"{&quot;ekit_we_effect_on&quot;:&quot;none&quot;}\" data-widget_type=\"heading.default\"><div class=\"elementor-widget-container\"><h3 class=\"elementor-heading-title elementor-size-default\"><span style=\"color: #000000;\">1. Informa\u00e7\u00f5es que recolhemos<\/span><\/h3><\/div><\/div><div class=\"elementor-element elementor-element-d510fc6 elementor-widget elementor-widget-text-editor\" data-id=\"d510fc6\" data-element_type=\"widget\" data-settings=\"{&quot;ekit_we_effect_on&quot;:&quot;none&quot;}\" data-widget_type=\"text-editor.default\"><div class=\"elementor-widget-container\"><p><span style=\"color: #000000;\">Podemos recolher os seguintes tipos de informa\u00e7\u00f5es pessoais:<\/span><\/p><ul><li><span style=\"color: #000000;\"><strong>Informa\u00e7\u00f5es de identifica\u00e7\u00e3o pessoal:<\/strong>\u00a0Nome, endere\u00e7o eletr\u00f3nico, n\u00famero de telefone, endere\u00e7o postal.<\/span><\/li><li><span style=\"color: #000000;\"><strong>Informa\u00e7\u00f5es sobre a encomenda:<\/strong>\u00a0Detalhes da encomenda, informa\u00e7\u00f5es de pagamento, endere\u00e7o de fatura\u00e7\u00e3o e de envio.<\/span><\/li><li><span style=\"color: #000000;\"><strong>Informa\u00e7\u00f5es t\u00e9cnicas:<\/strong>\u00a0Endere\u00e7o IP, tipo de browser, informa\u00e7\u00f5es do dispositivo e atividade de navega\u00e7\u00e3o no nosso s\u00edtio.<\/span><\/li><li><span style=\"color: #000000;\"><strong>Outras informa\u00e7\u00f5es:<\/strong>\u00a0Quaisquer informa\u00e7\u00f5es adicionais que o utilizador forne\u00e7a atrav\u00e9s de pedidos de informa\u00e7\u00e3o de clientes, inqu\u00e9ritos ou formul\u00e1rios de feedback.<\/span><\/li><\/ul><\/div><\/div><div class=\"elementor-element elementor-element-d344302 elementor-widget elementor-widget-heading\" data-id=\"d344302\" data-element_type=\"widget\" data-settings=\"{&quot;ekit_we_effect_on&quot;:&quot;none&quot;}\" data-widget_type=\"heading.default\"><div class=\"elementor-widget-container\"><h3 class=\"elementor-heading-title elementor-size-default\"><span style=\"color: #000000;\">2. Como utilizamos as suas informa\u00e7\u00f5es<\/span><\/h3><\/div><\/div><div class=\"elementor-element elementor-element-6ceea7b elementor-widget elementor-widget-text-editor\" data-id=\"6ceea7b\" data-element_type=\"widget\" data-settings=\"{&quot;ekit_we_effect_on&quot;:&quot;none&quot;}\" data-widget_type=\"text-editor.default\"><div class=\"elementor-widget-container\"><p><span style=\"color: #000000;\">Utilizamos as informa\u00e7\u00f5es recolhidas para:<\/span><\/p><ul><li><span style=\"color: #000000;\">Processar encomendas e fornecer produtos ou servi\u00e7os.<\/span><\/li><li><span style=\"color: #000000;\">Comunicar com o utilizador relativamente \u00e0s suas encomendas, pedidos de informa\u00e7\u00e3o ou necessidades de apoio.<\/span><\/li><li><span style=\"color: #000000;\">Melhorar o nosso s\u00edtio Web, produtos e servi\u00e7os com base nos coment\u00e1rios dos clientes.<\/span><\/li><li><span style=\"color: #000000;\">Efetuar an\u00e1lises de mercado para compreender melhor as prefer\u00eancias dos clientes.<\/span><\/li><li><span style=\"color: #000000;\">Cumprir as obriga\u00e7\u00f5es legais e proteger-se contra potenciais fraudes.<\/span><\/li><\/ul><\/div><\/div><div class=\"elementor-element elementor-element-6102571 elementor-widget elementor-widget-heading\" data-id=\"6102571\" data-element_type=\"widget\" data-settings=\"{&quot;ekit_we_effect_on&quot;:&quot;none&quot;}\" data-widget_type=\"heading.default\"><div class=\"elementor-widget-container\"><h3 class=\"elementor-heading-title elementor-size-default\"><span style=\"color: #000000;\">3. Partilha e divulga\u00e7\u00e3o de informa\u00e7\u00f5es<\/span><\/h3><\/div><\/div><div class=\"elementor-element elementor-element-88d72bb elementor-widget elementor-widget-text-editor\" data-id=\"88d72bb\" data-element_type=\"widget\" data-settings=\"{&quot;ekit_we_effect_on&quot;:&quot;none&quot;}\" data-widget_type=\"text-editor.default\"><div class=\"elementor-widget-container\"><p><span style=\"color: #000000;\">Podemos partilhar as suas informa\u00e7\u00f5es em circunst\u00e2ncias limitadas, como por exemplo<\/span><\/p><ul><li><span style=\"color: #000000;\"><strong>Prestadores de servi\u00e7os:<\/strong>\u00a0Com fornecedores de servi\u00e7os terceiros de confian\u00e7a que ajudam a operar o nosso s\u00edtio Web, a satisfazer encomendas e a realizar fun\u00e7\u00f5es comerciais em nosso nome.<\/span><\/li><li><span style=\"color: #000000;\"><strong>Requisitos legais:<\/strong>\u00a0Se exigido por lei ou para proteger os direitos, a seguran\u00e7a e a propriedade da nossa empresa, funcion\u00e1rios ou clientes.<\/span><\/li><\/ul><\/div><\/div><div class=\"elementor-element elementor-element-0bd784e elementor-widget elementor-widget-text-editor\" data-id=\"0bd784e\" data-element_type=\"widget\" data-settings=\"{&quot;ekit_we_effect_on&quot;:&quot;none&quot;}\" data-widget_type=\"text-editor.default\"><div class=\"elementor-widget-container\"><span style=\"color: #000000;\">N\u00e3o vendemos, trocamos ou transferimos de outra forma as suas informa\u00e7\u00f5es pessoais para terceiros sem o seu consentimento, exceto conforme descrito nesta Pol\u00edtica de Privacidade.<\/span><\/div><\/div><div class=\"elementor-element elementor-element-2c426f6 elementor-widget elementor-widget-heading\" data-id=\"2c426f6\" data-element_type=\"widget\" data-settings=\"{&quot;ekit_we_effect_on&quot;:&quot;none&quot;}\" data-widget_type=\"heading.default\"><div class=\"elementor-widget-container\"><h3 class=\"elementor-heading-title elementor-size-default\"><span style=\"color: #000000;\">4. Seguran\u00e7a dos dados<\/span><\/h3><\/div><\/div><div class=\"elementor-element elementor-element-0f9c7e1 elementor-widget elementor-widget-text-editor\" data-id=\"0f9c7e1\" data-element_type=\"widget\" data-settings=\"{&quot;ekit_we_effect_on&quot;:&quot;none&quot;}\" data-widget_type=\"text-editor.default\"><div class=\"elementor-widget-container\"><span style=\"color: #000000;\">Tomamos medidas t\u00e9cnicas e organizacionais apropriadas para proteger as suas informa\u00e7\u00f5es contra acesso n\u00e3o autorizado, perda ou uso indevido. No entanto, note que nenhum m\u00e9todo de transmiss\u00e3o ou armazenamento de dados pode ser garantido como 100% seguro.<\/span><\/div><\/div><div class=\"elementor-element elementor-element-7a381db elementor-widget elementor-widget-heading\" data-id=\"7a381db\" data-element_type=\"widget\" data-settings=\"{&quot;ekit_we_effect_on&quot;:&quot;none&quot;}\" data-widget_type=\"heading.default\"><div class=\"elementor-widget-container\"><h3 class=\"elementor-heading-title elementor-size-default\"><span style=\"color: #000000;\">5. Os seus direitos<\/span><\/h3><\/div><\/div><div class=\"elementor-element elementor-element-abb9127 elementor-widget elementor-widget-text-editor\" data-id=\"abb9127\" data-element_type=\"widget\" data-settings=\"{&quot;ekit_we_effect_on&quot;:&quot;none&quot;}\" data-widget_type=\"text-editor.default\"><div class=\"elementor-widget-container\"><p><span style=\"color: #000000;\">Dependendo da sua localiza\u00e7\u00e3o, o utilizador pode ter direitos relativamente \u00e0s suas informa\u00e7\u00f5es pessoais, tais como:<\/span><\/p><ul><li><span style=\"color: #000000;\">Aceder, atualizar ou apagar as suas informa\u00e7\u00f5es pessoais.<\/span><\/li><li><span style=\"color: #000000;\">Retirar o consentimento para o tratamento de dados, se for caso disso.<\/span><\/li><li><span style=\"color: #000000;\">Optar por n\u00e3o receber comunica\u00e7\u00f5es de marketing.<\/span><\/li><\/ul><\/div><\/div><div class=\"elementor-element elementor-element-4b9089f elementor-widget elementor-widget-text-editor\" data-id=\"4b9089f\" data-element_type=\"widget\" data-settings=\"{&quot;ekit_we_effect_on&quot;:&quot;none&quot;}\" data-widget_type=\"text-editor.default\"><div class=\"elementor-widget-container\"><span style=\"color: #000000;\">Para exercer estes direitos, contacte-nos utilizando os dados de contacto abaixo indicados.<\/span><\/div><\/div><div class=\"elementor-element elementor-element-a5baaa7 elementor-widget elementor-widget-heading\" data-id=\"a5baaa7\" data-element_type=\"widget\" data-settings=\"{&quot;ekit_we_effect_on&quot;:&quot;none&quot;}\" data-widget_type=\"heading.default\"><div class=\"elementor-widget-container\"><h3 class=\"elementor-heading-title elementor-size-default\"><span style=\"color: #000000;\">6. Biscoitos<\/span><\/h3><\/div><\/div><div class=\"elementor-element elementor-element-4e9e80c elementor-widget elementor-widget-text-editor\" data-id=\"4e9e80c\" data-element_type=\"widget\" data-settings=\"{&quot;ekit_we_effect_on&quot;:&quot;none&quot;}\" data-widget_type=\"text-editor.default\"><div class=\"elementor-widget-container\"><span style=\"color: #000000;\">Utilizamos cookies e tecnologias semelhantes para melhorar a sua experi\u00eancia no nosso s\u00edtio Web. Os cookies permitem-nos compreender o comportamento do utilizador, melhorar o desempenho do Web site e personalizar o conte\u00fado. O utilizador pode gerir as suas prefer\u00eancias de cookies atrav\u00e9s das defini\u00e7\u00f5es do seu browser.<\/span><\/div><\/div><div class=\"elementor-element elementor-element-56f8c27 elementor-widget elementor-widget-heading\" data-id=\"56f8c27\" data-element_type=\"widget\" data-settings=\"{&quot;ekit_we_effect_on&quot;:&quot;none&quot;}\" data-widget_type=\"heading.default\"><div class=\"elementor-widget-container\"><h3 class=\"elementor-heading-title elementor-size-default\"><span style=\"color: #000000;\">7. Altera\u00e7\u00f5es \u00e0 presente pol\u00edtica de privacidade<\/span><\/h3><\/div><\/div><div class=\"elementor-element elementor-element-b7c0e54 elementor-widget elementor-widget-text-editor\" data-id=\"b7c0e54\" data-element_type=\"widget\" data-settings=\"{&quot;ekit_we_effect_on&quot;:&quot;none&quot;}\" data-widget_type=\"text-editor.default\"><div class=\"elementor-widget-container\"><span style=\"color: #000000;\">Podemos atualizar esta Pol\u00edtica de Privacidade periodicamente para refletir altera\u00e7\u00f5es nas nossas pr\u00e1ticas ou requisitos legais. Notific\u00e1-lo-emos de quaisquer altera\u00e7\u00f5es significativas, publicando a pol\u00edtica actualizada no nosso s\u00edtio Web.<\/span><\/div><\/div><div class=\"elementor-element elementor-element-821db01 elementor-widget elementor-widget-heading\" data-id=\"821db01\" data-element_type=\"widget\" data-settings=\"{&quot;ekit_we_effect_on&quot;:&quot;none&quot;}\" data-widget_type=\"heading.default\"><div class=\"elementor-widget-container\"><h3 class=\"elementor-heading-title elementor-size-default\"><span style=\"color: #000000;\">8. Contactar-nos<\/span><\/h3><\/div><\/div><div class=\"elementor-element elementor-element-60b1056 elementor-widget elementor-widget-text-editor\" data-id=\"60b1056\" data-element_type=\"widget\" data-settings=\"{&quot;ekit_we_effect_on&quot;:&quot;none&quot;}\" data-widget_type=\"text-editor.default\"><div class=\"elementor-widget-container\"><span style=\"color: #000000;\">Se tiver alguma d\u00favida sobre esta Pol\u00edtica de Privacidade ou sobre as nossas pr\u00e1ticas de dados, contacte-nos atrav\u00e9s de<\/span><br \/><span style=\"color: #000000;\"><strong>Dongguan Xinyang Sporting Goods Co., Ltd.<\/strong><\/span><br \/><span style=\"color: #000000;\">Endere\u00e7o:<strong>\u00a01319 Zhongzheng Building, No.82 Dongmen Middle Road, Changan Town, Dongguan City, Prov\u00edncia de Guangdong<\/strong><\/span><br \/><span style=\"color: #000000;\">Correio eletr\u00f3nico:\u00a0<strong>mxysports@gmail.com<\/strong><\/span><br \/><span style=\"color: #000000;\">Telefone:<strong>+86-13267261491<\/strong><\/span><\/div><\/div>\t\t\t\t\t\t\t\t<\/div>\n\t\t\t\t<\/div>\n\t\t\t\t\t<\/div>\n\t\t\t\t<\/div>\n\t\t\t\t<\/div>","protected":false},"excerpt":{"rendered":"<p>P\u00e1gina inicial Valorizamos a sua privacidade. A nossa pol\u00edtica descreve a forma como recolhemos, utilizamos e protegemos as suas informa\u00e7\u00f5es pessoais para garantir uma experi\u00eancia segura e transparente durante a utiliza\u00e7\u00e3o dos nossos servi\u00e7os. Pol\u00edtica de privacidade A Dongguan Xinyang Sporting Goods Co., Ltd. (\"n\u00f3s\", \"nosso\" ou \"nos\") valoriza a sua privacidade e est\u00e1 empenhada em proteger as suas informa\u00e7\u00f5es pessoais. Esta Pol\u00edtica de Privacidade explica [...]<\/p>","protected":false},"author":2,"featured_media":0,"parent":0,"menu_order":0,"comment_status":"closed","ping_status":"closed","template":"","meta":{"_acf_changed":false,"footnotes":""},"class_list":["post-2622","page","type-page","status-publish","hentry"],"acf":[],"_links":{"self":[{"href":"https:\/\/mxysport.com\/pt\/wp-json\/wp\/v2\/pages\/2622","targetHints":{"allow":["GET"]}}],"collection":[{"href":"https:\/\/mxysport.com\/pt\/wp-json\/wp\/v2\/pages"}],"about":[{"href":"https:\/\/mxysport.com\/pt\/wp-json\/wp\/v2\/types\/page"}],"author":[{"embeddable":true,"href":"https:\/\/mxysport.com\/pt\/wp-json\/wp\/v2\/users\/2"}],"replies":[{"embeddable":true,"href":"https:\/\/mxysport.com\/pt\/wp-json\/wp\/v2\/comments?post=2622"}],"version-history":[{"count":34,"href":"https:\/\/mxysport.com\/pt\/wp-json\/wp\/v2\/pages\/2622\/revisions"}],"predecessor-version":[{"id":3355,"href":"https:\/\/mxysport.com\/pt\/wp-json\/wp\/v2\/pages\/2622\/revisions\/3355"}],"wp:attachment":[{"href":"https:\/\/mxysport.com\/pt\/wp-json\/wp\/v2\/media?parent=2622"}],"curies":[{"name":"wp","href":"https:\/\/api.w.org\/{rel}","templated":true}]}}