{"id":2625,"date":"2025-05-10T19:24:26","date_gmt":"2025-05-10T19:24:26","guid":{"rendered":"https:\/\/mxysport.com\/?page_id=2625"},"modified":"2025-05-29T19:25:07","modified_gmt":"2025-05-29T19:25:07","slug":"termos-de-servicos","status":"publish","type":"page","link":"https:\/\/mxysport.com\/pt\/termos-de-servicos\/","title":{"rendered":"Termos de servi\u00e7o"},"content":{"rendered":"<div data-elementor-type=\"wp-page\" data-elementor-id=\"2625\" class=\"elementor elementor-2625\" data-elementor-post-type=\"page\">\n\t\t\t\t<div class=\"elementor-element elementor-element-75915f6 e-flex e-con-boxed e-con e-parent\" data-id=\"75915f6\" data-element_type=\"container\" data-settings=\"{&quot;background_background&quot;:&quot;classic&quot;,&quot;ekit_has_onepagescroll_dot&quot;:&quot;yes&quot;}\">\n\t\t\t\t\t<div class=\"e-con-inner\">\n\t\t\t\t<div class=\"elementor-element elementor-element-0a02605 elementor-widget elementor-widget-breadcrumbs\" data-id=\"0a02605\" data-element_type=\"widget\" data-settings=\"{&quot;ekit_we_effect_on&quot;:&quot;none&quot;}\" data-widget_type=\"breadcrumbs.default\">\n\t\t\t\t<div class=\"elementor-widget-container\">\n\t\t\t\t\t<div><span class=\"last\">In\u00edcio<\/span><\/div>\t\t\t\t<\/div>\n\t\t\t\t<\/div>\n\t\t\t\t<div class=\"elementor-element elementor-element-aa6bf86 elementor-widget elementor-widget-heading\" data-id=\"aa6bf86\" data-element_type=\"widget\" data-settings=\"{&quot;ekit_we_effect_on&quot;:&quot;none&quot;}\" data-widget_type=\"heading.default\">\n\t\t\t\t<div class=\"elementor-widget-container\">\n\t\t\t\t\t<h1 class=\"elementor-heading-title elementor-size-default\">Termos de servi\u00e7o<\/h1>\t\t\t\t<\/div>\n\t\t\t\t<\/div>\n\t\t\t\t<div class=\"elementor-element elementor-element-fe3de77 elementor-widget elementor-widget-text-editor\" data-id=\"fe3de77\" data-element_type=\"widget\" data-settings=\"{&quot;ekit_we_effect_on&quot;:&quot;none&quot;}\" data-widget_type=\"text-editor.default\">\n\t\t\t\t<div class=\"elementor-widget-container\">\n\t\t\t\t\t\t\t\t\tReveja os nossos Termos de Servi\u00e7o para compreender as regras, regulamentos e responsabilidades ao utilizar a nossa plataforma, garantindo uma experi\u00eancia segura e tranquila para todos os utilizadores.\t\t\t\t\t\t\t\t<\/div>\n\t\t\t\t<\/div>\n\t\t<div class=\"elementor-element elementor-element-7e75141 e-con-full e-flex e-con e-child\" data-id=\"7e75141\" data-element_type=\"container\" data-settings=\"{&quot;ekit_has_onepagescroll_dot&quot;:&quot;yes&quot;}\">\n\t\t\t\t<div class=\"elementor-element elementor-element-1be6e55 elementor-widget elementor-widget-shortcode\" data-id=\"1be6e55\" data-element_type=\"widget\" data-settings=\"{&quot;ekit_we_effect_on&quot;:&quot;none&quot;}\" data-widget_type=\"shortcode.default\">\n\t\t\t\t<div class=\"elementor-widget-container\">\n\t\t\t\t\t\t\t<div class=\"elementor-shortcode\">\t\t<div data-elementor-type=\"container\" data-elementor-id=\"3255\" class=\"elementor elementor-3255\" data-elementor-post-type=\"elementor_library\">\n\t\t\t\t<div class=\"elementor-element elementor-element-600a766 e-con-full e-flex e-con e-child\" data-id=\"600a766\" data-element_type=\"container\" data-settings=\"{&quot;ekit_has_onepagescroll_dot&quot;:&quot;yes&quot;}\">\n\t\t\t\t<div class=\"elementor-element elementor-element-ac0d404 elementor-widget elementor-widget-button\" data-id=\"ac0d404\" data-element_type=\"widget\" data-settings=\"{&quot;ekit_we_effect_on&quot;:&quot;none&quot;}\" data-widget_type=\"button.default\">\n\t\t\t\t<div class=\"elementor-widget-container\">\n\t\t\t\t\t\t\t\t\t<div class=\"elementor-button-wrapper\">\n\t\t\t\t\t<a class=\"elementor-button elementor-button-link elementor-size-sm\" href=\"#elementor-action%3Aaction%3Dpopup%3Aopen%26settings%3DeyJpZCI6IjMyNDYiLCJ0b2dnbGUiOmZhbHNlfQ%3D%3D\">\n\t\t\t\t\t\t<span class=\"elementor-button-content-wrapper\">\n\t\t\t\t\t\t\t\t\t<span class=\"elementor-button-text\">Obter um or\u00e7amento imediato<\/span>\n\t\t\t\t\t<\/span>\n\t\t\t\t\t<\/a>\n\t\t\t\t<\/div>\n\t\t\t\t\t\t\t\t<\/div>\n\t\t\t\t<\/div>\n\t\t\t\t<div class=\"elementor-element elementor-element-b2bf82f elementor-icon-list--layout-traditional elementor-list-item-link-full_width elementor-widget elementor-widget-icon-list\" data-id=\"b2bf82f\" data-element_type=\"widget\" data-settings=\"{&quot;ekit_we_effect_on&quot;:&quot;none&quot;}\" data-widget_type=\"icon-list.default\">\n\t\t\t\t<div class=\"elementor-widget-container\">\n\t\t\t\t\t\t\t<ul class=\"elementor-icon-list-items\">\n\t\t\t\t\t\t\t<li class=\"elementor-icon-list-item\">\n\t\t\t\t\t\t\t\t\t\t\t<span class=\"elementor-icon-list-icon\">\n\t\t\t\t\t\t\t<svg aria-hidden=\"true\" class=\"e-font-icon-svg e-fas-lock\" viewbox=\"0 0 448 512\" xmlns=\"http:\/\/www.w3.org\/2000\/svg\"><path d=\"M400 224h-24v-72C376 68.2 307.8 0 224 0S72 68.2 72 152v72H48c-26.5 0-48 21.5-48 48v192c0 26.5 21.5 48 48 48h352c26.5 0 48-21.5 48-48V272c0-26.5-21.5-48-48-48zm-104 0H152v-72c0-39.7 32.3-72 72-72s72 32.3 72 72v72z\"><\/path><\/svg>\t\t\t\t\t\t<\/span>\n\t\t\t\t\t\t\t\t\t\t<span class=\"elementor-icon-list-text\">Todos os carregamentos s\u00e3o seguros e confidenciais<\/span>\n\t\t\t\t\t\t\t\t\t<\/li>\n\t\t\t\t\t\t<\/ul>\n\t\t\t\t\t\t<\/div>\n\t\t\t\t<\/div>\n\t\t\t\t<\/div>\n\t\t\t\t<\/div>\n\t\t<\/div>\n\t\t\t\t\t\t<\/div>\n\t\t\t\t<\/div>\n\t\t\t\t<\/div>\n\t\t\t\t\t<\/div>\n\t\t\t\t<\/div>\n\t\t<div class=\"elementor-element elementor-element-a17f8d2 e-flex e-con-boxed e-con e-parent\" data-id=\"a17f8d2\" data-element_type=\"container\" data-settings=\"{&quot;ekit_has_onepagescroll_dot&quot;:&quot;yes&quot;}\">\n\t\t\t\t\t<div class=\"e-con-inner\">\n\t\t\t\t<div class=\"elementor-element elementor-element-c3d47e4 elementor-widget elementor-widget-text-editor\" data-id=\"c3d47e4\" data-element_type=\"widget\" data-settings=\"{&quot;ekit_we_effect_on&quot;:&quot;none&quot;}\" data-widget_type=\"text-editor.default\">\n\t\t\t\t<div class=\"elementor-widget-container\">\n\t\t\t\t\t\t\t\t\t<div class=\"elementor-element elementor-element-cde08bc elementor-widget elementor-widget-heading\" data-id=\"cde08bc\" data-element_type=\"widget\" data-settings=\"{&quot;ekit_we_effect_on&quot;:&quot;none&quot;}\" data-widget_type=\"heading.default\"><div class=\"elementor-widget-container\"><h2 class=\"elementor-heading-title elementor-size-default\"><span style=\"color: #000000;\">Termos de servi\u00e7o<\/span><\/h2><\/div><\/div><div class=\"elementor-element elementor-element-72d0de1 elementor-widget elementor-widget-text-editor\" data-id=\"72d0de1\" data-element_type=\"widget\" data-settings=\"{&quot;ekit_we_effect_on&quot;:&quot;none&quot;}\" data-widget_type=\"text-editor.default\"><div class=\"elementor-widget-container\"><span style=\"color: #000000;\">Bem-vindo \u00e0 Dongguan Xinyang Sporting Goods Co., Ltd. (\"n\u00f3s\", \"nosso\" ou \"nos\"). Ao aceder ou utilizar o nosso s\u00edtio Web e servi\u00e7os, o utilizador concorda em ficar vinculado aos presentes Termos de Servi\u00e7o (\"Termos\"). Se n\u00e3o concordar com estes Termos, por favor n\u00e3o utilize os nossos servi\u00e7os.<\/span><\/div><\/div><div class=\"elementor-element elementor-element-566fd5d elementor-widget elementor-widget-heading\" data-id=\"566fd5d\" data-element_type=\"widget\" data-settings=\"{&quot;ekit_we_effect_on&quot;:&quot;none&quot;}\" data-widget_type=\"heading.default\"><div class=\"elementor-widget-container\"><h3 class=\"elementor-heading-title elementor-size-default\"><span style=\"color: #000000;\">1. Utiliza\u00e7\u00e3o do nosso s\u00edtio Web<\/span><\/h3><\/div><\/div><div class=\"elementor-element elementor-element-527730e elementor-widget elementor-widget-text-editor\" data-id=\"527730e\" data-element_type=\"widget\" data-settings=\"{&quot;ekit_we_effect_on&quot;:&quot;none&quot;}\" data-widget_type=\"text-editor.default\"><div class=\"elementor-widget-container\"><p><span style=\"color: #000000;\">O nosso s\u00edtio Web fornece informa\u00e7\u00f5es sobre os nossos produtos e servi\u00e7os, incluindo a possibilidade de efetuar compras, aceder ao apoio ao cliente e saber mais sobre a Dongguan Xinyang Sporting Goods Co.<\/span><\/p><ul><li><span style=\"color: #000000;\"><strong>Elegibilidade:<\/strong>\u00a0O utilizador deve ter pelo menos 18 anos de idade ou ter autoriza\u00e7\u00e3o legal dos pais ou tutores para utilizar os nossos servi\u00e7os.<\/span><\/li><li><span style=\"color: #000000;\"><strong>Cria\u00e7\u00e3o de conta:<\/strong>\u00a0Poder\u00e1 ser necess\u00e1rio criar uma conta para aceder a determinadas funcionalidades. O utilizador \u00e9 respons\u00e1vel por manter a confidencialidade das informa\u00e7\u00f5es da sua conta e por todas as actividades que ocorram na sua conta.<\/span><\/li><\/ul><\/div><\/div><div class=\"elementor-element elementor-element-1071be2 elementor-widget elementor-widget-heading\" data-id=\"1071be2\" data-element_type=\"widget\" data-settings=\"{&quot;ekit_we_effect_on&quot;:&quot;none&quot;}\" data-widget_type=\"heading.default\"><div class=\"elementor-widget-container\"><h3 class=\"elementor-heading-title elementor-size-default\"><span style=\"color: #000000;\">2. Encomendas e compras<\/span><\/h3><\/div><\/div><div class=\"elementor-element elementor-element-368718e elementor-widget elementor-widget-text-editor\" data-id=\"368718e\" data-element_type=\"widget\" data-settings=\"{&quot;ekit_we_effect_on&quot;:&quot;none&quot;}\" data-widget_type=\"text-editor.default\"><div class=\"elementor-widget-container\"><p><span style=\"color: #000000;\">Ao efetuar uma encomenda atrav\u00e9s do nosso s\u00edtio Web, o utilizador concorda em fornecer informa\u00e7\u00f5es exactas e completas. Reservamo-nos o direito de recusar ou cancelar encomendas se houver um problema com o pagamento ou se os produtos n\u00e3o estiverem dispon\u00edveis.<\/span><\/p><ul><li><span style=\"color: #000000;\"><strong>Pre\u00e7os:<\/strong>\u00a0Os pre\u00e7os est\u00e3o indicados no nosso s\u00edtio Web e podem ser alterados sem aviso pr\u00e9vio.<\/span><\/li><li><span style=\"color: #000000;\"><strong>Condi\u00e7\u00f5es de pagamento:<\/strong>\u00a0Todos os pagamentos devem ser efectuados no momento da compra e aceitamos os m\u00e9todos de pagamento indicados no nosso s\u00edtio Web.<\/span><\/li><li><span style=\"color: #000000;\"><strong>Cancelamento de encomendas:<\/strong>\u00a0Reservamo-nos o direito de cancelar qualquer encomenda se suspeitarmos de fraude, atividade n\u00e3o autorizada ou outros motivos considerados necess\u00e1rios.<\/span><\/li><\/ul><\/div><\/div><div class=\"elementor-element elementor-element-84a7554 elementor-widget elementor-widget-heading\" data-id=\"84a7554\" data-element_type=\"widget\" data-settings=\"{&quot;ekit_we_effect_on&quot;:&quot;none&quot;}\" data-widget_type=\"heading.default\"><div class=\"elementor-widget-container\"><h3 class=\"elementor-heading-title elementor-size-default\"><span style=\"color: #000000;\">3. Expedi\u00e7\u00e3o e entrega<\/span><\/h3><\/div><\/div><div class=\"elementor-element elementor-element-d40c8ec elementor-widget elementor-widget-text-editor\" data-id=\"d40c8ec\" data-element_type=\"widget\" data-settings=\"{&quot;ekit_we_effect_on&quot;:&quot;none&quot;}\" data-widget_type=\"text-editor.default\"><div class=\"elementor-widget-container\"><p><span style=\"color: #000000;\">Esfor\u00e7amo-nos por processar e enviar as encomendas prontamente. Os prazos de entrega podem variar consoante a localiza\u00e7\u00e3o e est\u00e3o sujeitos a fornecedores de transporte terceiros.<\/span><\/p><ul><li><span style=\"color: #000000;\"><strong>Custos de envio:<\/strong>\u00a0As taxas de envio s\u00e3o calculadas no checkout e podem variar consoante o tamanho da encomenda e a localiza\u00e7\u00e3o.<\/span><\/li><li><span style=\"color: #000000;\"><strong>Taxas aduaneiras e de importa\u00e7\u00e3o:<\/strong>\u00a0As encomendas internacionais podem estar sujeitas a direitos aduaneiros, impostos e taxas, que s\u00e3o da responsabilidade do cliente.<\/span><\/li><\/ul><\/div><\/div><div class=\"elementor-element elementor-element-c5cd1a1 elementor-widget elementor-widget-heading\" data-id=\"c5cd1a1\" data-element_type=\"widget\" data-settings=\"{&quot;ekit_we_effect_on&quot;:&quot;none&quot;}\" data-widget_type=\"heading.default\"><div class=\"elementor-widget-container\"><h3 class=\"elementor-heading-title elementor-size-default\"><span style=\"color: #000000;\">4. Devolu\u00e7\u00f5es e reembolsos<\/span><\/h3><\/div><\/div><div class=\"elementor-element elementor-element-542f591 elementor-widget elementor-widget-text-editor\" data-id=\"542f591\" data-element_type=\"widget\" data-settings=\"{&quot;ekit_we_effect_on&quot;:&quot;none&quot;}\" data-widget_type=\"text-editor.default\"><div class=\"elementor-widget-container\"><p><span style=\"color: #000000;\">A nossa pol\u00edtica de devolu\u00e7\u00e3o permite que os clientes solicitem uma devolu\u00e7\u00e3o ou reembolso em condi\u00e7\u00f5es espec\u00edficas. Para mais informa\u00e7\u00f5es, consulte a nossa p\u00e1gina Pol\u00edtica de devolu\u00e7\u00e3o.<\/span><\/p><ul><li><span style=\"color: #000000;\"><strong>Elegibilidade:<\/strong>\u00a0Apenas os produtos nas suas condi\u00e7\u00f5es originais e n\u00e3o utilizados s\u00e3o eleg\u00edveis para devolu\u00e7\u00e3o.<\/span><\/li><li><span style=\"color: #000000;\"><strong>Processo de reembolso:<\/strong>\u00a0Os reembolsos ser\u00e3o processados dentro de um determinado per\u00edodo de tempo ap\u00f3s o produto devolvido ter sido inspeccionado e aprovado.<\/span><\/li><\/ul><h3>\u00a0<\/h3><\/div><\/div><div class=\"elementor-element elementor-element-fe1a46d elementor-widget elementor-widget-heading\" data-id=\"fe1a46d\" data-element_type=\"widget\" data-settings=\"{&quot;ekit_we_effect_on&quot;:&quot;none&quot;}\" data-widget_type=\"heading.default\"><div class=\"elementor-widget-container\"><h3 class=\"elementor-heading-title elementor-size-default\"><span style=\"color: #000000;\">5. Propriedade intelectual<\/span><\/h3><\/div><\/div><div class=\"elementor-element elementor-element-af157a0 elementor-widget elementor-widget-text-editor\" data-id=\"af157a0\" data-element_type=\"widget\" data-settings=\"{&quot;ekit_we_effect_on&quot;:&quot;none&quot;}\" data-widget_type=\"text-editor.default\"><div class=\"elementor-widget-container\"><span style=\"color: #000000;\">Todos os conte\u00fados do nosso s\u00edtio Web, incluindo texto, imagens, log\u00f3tipos e desenhos, s\u00e3o propriedade da Dongguan Xinyang Sporting Goods Co., Ltd. ou dos seus fornecedores de conte\u00fados e est\u00e3o protegidos por direitos de autor, marcas comerciais e outras leis de propriedade intelectual. O utilizador n\u00e3o pode reproduzir, distribuir ou utilizar qualquer conte\u00fado sem a nossa autoriza\u00e7\u00e3o por escrito.<\/span><\/div><\/div><div class=\"elementor-element elementor-element-2222092 elementor-widget elementor-widget-heading\" data-id=\"2222092\" data-element_type=\"widget\" data-settings=\"{&quot;ekit_we_effect_on&quot;:&quot;none&quot;}\" data-widget_type=\"heading.default\"><div class=\"elementor-widget-container\"><h3 class=\"elementor-heading-title elementor-size-default\"><span style=\"color: #000000;\">6. Limita\u00e7\u00e3o da responsabilidade<\/span><\/h3><\/div><\/div><div class=\"elementor-element elementor-element-99303b4 elementor-widget elementor-widget-text-editor\" data-id=\"99303b4\" data-element_type=\"widget\" data-settings=\"{&quot;ekit_we_effect_on&quot;:&quot;none&quot;}\" data-widget_type=\"text-editor.default\"><div class=\"elementor-widget-container\"><span style=\"color: #000000;\">Na medida m\u00e1xima permitida por lei, a Dongguan Xinyang Sporting Goods Co., Ltd. n\u00e3o ser\u00e1 respons\u00e1vel por quaisquer danos diretos, indirectos, incidentais, especiais ou consequentes resultantes da utiliza\u00e7\u00e3o do nosso s\u00edtio Web ou servi\u00e7os. Isto inclui, mas n\u00e3o est\u00e1 limitado a, quaisquer erros ou omiss\u00f5es no conte\u00fado ou qualquer perda ou dano incorrido como resultado da utiliza\u00e7\u00e3o dos nossos produtos.<\/span><\/div><\/div><div class=\"elementor-element elementor-element-637c9fb elementor-widget elementor-widget-heading\" data-id=\"637c9fb\" data-element_type=\"widget\" data-settings=\"{&quot;ekit_we_effect_on&quot;:&quot;none&quot;}\" data-widget_type=\"heading.default\"><div class=\"elementor-widget-container\"><h3 class=\"elementor-heading-title elementor-size-default\"><span style=\"color: #000000;\">7. Indemniza\u00e7\u00e3o<\/span><\/h3><\/div><\/div><div class=\"elementor-element elementor-element-26363fb elementor-widget elementor-widget-text-editor\" data-id=\"26363fb\" data-element_type=\"widget\" data-settings=\"{&quot;ekit_we_effect_on&quot;:&quot;none&quot;}\" data-widget_type=\"text-editor.default\"><div class=\"elementor-widget-container\"><span style=\"color: #000000;\">Concorda em indemnizar e isentar a Dongguan Xinyang Sporting Goods Co., Ltd., os seus funcion\u00e1rios, afiliados e parceiros de quaisquer reclama\u00e7\u00f5es, danos, responsabilidades ou despesas (incluindo honor\u00e1rios de advogados) decorrentes da sua utiliza\u00e7\u00e3o do nosso s\u00edtio Web, da viola\u00e7\u00e3o destes Termos ou da viola\u00e7\u00e3o de quaisquer direitos de terceiros.<\/span><\/div><\/div><div class=\"elementor-element elementor-element-76933a6 elementor-widget elementor-widget-heading\" data-id=\"76933a6\" data-element_type=\"widget\" data-settings=\"{&quot;ekit_we_effect_on&quot;:&quot;none&quot;}\" data-widget_type=\"heading.default\"><div class=\"elementor-widget-container\"><h3 class=\"elementor-heading-title elementor-size-default\"><span style=\"color: #000000;\">8. Altera\u00e7\u00f5es \u00e0s presentes Condi\u00e7\u00f5es<\/span><\/h3><\/div><\/div><div class=\"elementor-element elementor-element-6e94707 elementor-widget elementor-widget-text-editor\" data-id=\"6e94707\" data-element_type=\"widget\" data-settings=\"{&quot;ekit_we_effect_on&quot;:&quot;none&quot;}\" data-widget_type=\"text-editor.default\"><div class=\"elementor-widget-container\"><span style=\"color: #000000;\">Poderemos atualizar estes Termos de Servi\u00e7o periodicamente. Quaisquer altera\u00e7\u00f5es ser\u00e3o publicadas nesta p\u00e1gina e encorajamo-lo a rever os Termos regularmente. A utiliza\u00e7\u00e3o continuada do nosso s\u00edtio Web ap\u00f3s as altera\u00e7\u00f5es constitui a sua aceita\u00e7\u00e3o dos Termos actualizados.<\/span><\/div><\/div><div class=\"elementor-element elementor-element-6d0fa9e elementor-widget elementor-widget-heading\" data-id=\"6d0fa9e\" data-element_type=\"widget\" data-settings=\"{&quot;ekit_we_effect_on&quot;:&quot;none&quot;}\" data-widget_type=\"heading.default\"><div class=\"elementor-widget-container\"><h3 class=\"elementor-heading-title elementor-size-default\"><span style=\"color: #000000;\">9. Direito aplic\u00e1vel<\/span><\/h3><\/div><\/div><div class=\"elementor-element elementor-element-a02ef79 elementor-widget elementor-widget-text-editor\" data-id=\"a02ef79\" data-element_type=\"widget\" data-settings=\"{&quot;ekit_we_effect_on&quot;:&quot;none&quot;}\" data-widget_type=\"text-editor.default\"><div class=\"elementor-widget-container\"><span style=\"color: #000000;\">Estes Termos de Servi\u00e7o s\u00e3o regidos pelas leis de [Jurisdi\u00e7\u00e3o\/Pa\u00eds]. Quaisquer lit\u00edgios decorrentes ou relacionados com estes Termos ser\u00e3o resolvidos nos tribunais competentes localizados em [Jurisdi\u00e7\u00e3o\/Pa\u00eds].<\/span><\/div><\/div><div class=\"elementor-element elementor-element-65a3a6a elementor-widget elementor-widget-heading\" data-id=\"65a3a6a\" data-element_type=\"widget\" data-settings=\"{&quot;ekit_we_effect_on&quot;:&quot;none&quot;}\" data-widget_type=\"heading.default\"><div class=\"elementor-widget-container\"><h3 class=\"elementor-heading-title elementor-size-default\"><span style=\"color: #000000;\">10. Contactar-nos<\/span><\/h3><\/div><\/div><div class=\"elementor-element elementor-element-b58bfae elementor-widget elementor-widget-text-editor\" data-id=\"b58bfae\" data-element_type=\"widget\" data-settings=\"{&quot;ekit_we_effect_on&quot;:&quot;none&quot;}\" data-widget_type=\"text-editor.default\"><div class=\"elementor-widget-container\"><span style=\"color: #000000;\">Se tiver alguma d\u00favida sobre esta Pol\u00edtica de Privacidade ou sobre as nossas pr\u00e1ticas de dados, contacte-nos atrav\u00e9s de<\/span><br \/><span style=\"color: #000000;\"><strong>Dongguan Xinyang Sporting Goods Co., Ltd.<\/strong><\/span><br \/><span style=\"color: #000000;\">Endere\u00e7o:<strong>\u00a01319 Zhongzheng Building, No.82 Dongmen Middle Road, Changan Town, Dongguan City, Prov\u00edncia de Guangdong<\/strong><\/span><br \/><span style=\"color: #000000;\">Correio eletr\u00f3nico:\u00a0<strong>mxysports@gmail.com<\/strong><\/span><br \/><span style=\"color: #000000;\">Telefone:<strong>+86-13267261491<\/strong><\/span><\/div><\/div>\t\t\t\t\t\t\t\t<\/div>\n\t\t\t\t<\/div>\n\t\t\t\t\t<\/div>\n\t\t\t\t<\/div>\n\t\t\t\t<\/div>","protected":false},"excerpt":{"rendered":"<p>In\u00edcio Reveja os nossos Termos de Servi\u00e7o para compreender as regras, regulamentos e responsabilidades ao utilizar a nossa plataforma, garantindo uma experi\u00eancia segura e tranquila para todos os utilizadores. Termos de servi\u00e7o Bem-vindo a Dongguan Xinyang Sporting Goods Co., Ltd. (\"n\u00f3s\", \"nosso\" ou \"nos\"). Ao aceder ou utilizar o nosso website e servi\u00e7os, o utilizador concorda em ficar vinculado a [...]<\/p>","protected":false},"author":2,"featured_media":0,"parent":0,"menu_order":0,"comment_status":"closed","ping_status":"closed","template":"","meta":{"_acf_changed":false,"footnotes":""},"class_list":["post-2625","page","type-page","status-publish","hentry"],"acf":[],"_links":{"self":[{"href":"https:\/\/mxysport.com\/pt\/wp-json\/wp\/v2\/pages\/2625","targetHints":{"allow":["GET"]}}],"collection":[{"href":"https:\/\/mxysport.com\/pt\/wp-json\/wp\/v2\/pages"}],"about":[{"href":"https:\/\/mxysport.com\/pt\/wp-json\/wp\/v2\/types\/page"}],"author":[{"embeddable":true,"href":"https:\/\/mxysport.com\/pt\/wp-json\/wp\/v2\/users\/2"}],"replies":[{"embeddable":true,"href":"https:\/\/mxysport.com\/pt\/wp-json\/wp\/v2\/comments?post=2625"}],"version-history":[{"count":22,"href":"https:\/\/mxysport.com\/pt\/wp-json\/wp\/v2\/pages\/2625\/revisions"}],"predecessor-version":[{"id":3352,"href":"https:\/\/mxysport.com\/pt\/wp-json\/wp\/v2\/pages\/2625\/revisions\/3352"}],"wp:attachment":[{"href":"https:\/\/mxysport.com\/pt\/wp-json\/wp\/v2\/media?parent=2625"}],"curies":[{"name":"wp","href":"https:\/\/api.w.org\/{rel}","templated":true}]}}