{"id":2624,"date":"2025-05-10T19:24:06","date_gmt":"2025-05-10T19:24:06","guid":{"rendered":"https:\/\/mxysport.com\/?page_id=2624"},"modified":"2025-05-29T19:25:00","modified_gmt":"2025-05-29T19:25:00","slug":"iadeler-geri-odemeler","status":"publish","type":"page","link":"https:\/\/mxysport.com\/tr\/iadeler-geri-odemeler\/","title":{"rendered":"\u0130adeler &amp; Geri \u00d6demeler"},"content":{"rendered":"<div data-elementor-type=\"wp-page\" data-elementor-id=\"2624\" class=\"elementor elementor-2624\" data-elementor-post-type=\"page\">\n\t\t\t\t<div class=\"elementor-element elementor-element-120376f e-flex e-con-boxed e-con e-parent\" data-id=\"120376f\" data-element_type=\"container\" data-settings=\"{&quot;background_background&quot;:&quot;classic&quot;,&quot;ekit_has_onepagescroll_dot&quot;:&quot;yes&quot;}\">\n\t\t\t\t\t<div class=\"e-con-inner\">\n\t\t\t\t<div class=\"elementor-element elementor-element-d2b4052 elementor-widget elementor-widget-breadcrumbs\" data-id=\"d2b4052\" data-element_type=\"widget\" data-settings=\"{&quot;ekit_we_effect_on&quot;:&quot;none&quot;}\" data-widget_type=\"breadcrumbs.default\">\n\t\t\t\t<div class=\"elementor-widget-container\">\n\t\t\t\t\t<div><span class=\"last\">Ev<\/span><\/div>\t\t\t\t<\/div>\n\t\t\t\t<\/div>\n\t\t\t\t<div class=\"elementor-element elementor-element-e5cfec2 elementor-widget elementor-widget-heading\" data-id=\"e5cfec2\" data-element_type=\"widget\" data-settings=\"{&quot;ekit_we_effect_on&quot;:&quot;none&quot;}\" data-widget_type=\"heading.default\">\n\t\t\t\t<div class=\"elementor-widget-container\">\n\t\t\t\t\t<h1 class=\"elementor-heading-title elementor-size-default\">\u0130adeler &amp; Geri \u00d6demeler<\/h1>\t\t\t\t<\/div>\n\t\t\t\t<\/div>\n\t\t\t\t<div class=\"elementor-element elementor-element-e2c407c elementor-widget elementor-widget-text-editor\" data-id=\"e2c407c\" data-element_type=\"widget\" data-settings=\"{&quot;ekit_we_effect_on&quot;:&quot;none&quot;}\" data-widget_type=\"text-editor.default\">\n\t\t\t\t<div class=\"elementor-widget-container\">\n\t\t\t\t\t\t\t\t\t\u0130ade ve Para \u0130adesi politikam\u0131z, uygun \u00fcr\u00fcnler i\u00e7in sorunsuz bir s\u00fcre\u00e7 sa\u011flar. \u00dcr\u00fcnleri iade etme veya para iadesi talep etme s\u00fcrelerini, ko\u015fullar\u0131n\u0131 ve ad\u0131mlar\u0131n\u0131 anlamak i\u00e7in y\u00f6nergelerimizi inceleyin.\t\t\t\t\t\t\t\t<\/div>\n\t\t\t\t<\/div>\n\t\t<div class=\"elementor-element elementor-element-760593a e-con-full e-flex e-con e-child\" data-id=\"760593a\" data-element_type=\"container\" data-settings=\"{&quot;ekit_has_onepagescroll_dot&quot;:&quot;yes&quot;}\">\n\t\t\t\t<div class=\"elementor-element elementor-element-15ec568 elementor-widget elementor-widget-shortcode\" data-id=\"15ec568\" data-element_type=\"widget\" data-settings=\"{&quot;ekit_we_effect_on&quot;:&quot;none&quot;}\" data-widget_type=\"shortcode.default\">\n\t\t\t\t<div class=\"elementor-widget-container\">\n\t\t\t\t\t\t\t<div class=\"elementor-shortcode\">\t\t<div data-elementor-type=\"container\" data-elementor-id=\"3255\" class=\"elementor elementor-3255\" data-elementor-post-type=\"elementor_library\">\n\t\t\t\t<div class=\"elementor-element elementor-element-600a766 e-con-full e-flex e-con e-child\" data-id=\"600a766\" data-element_type=\"container\" data-settings=\"{&quot;ekit_has_onepagescroll_dot&quot;:&quot;yes&quot;}\">\n\t\t\t\t<div class=\"elementor-element elementor-element-ac0d404 elementor-widget elementor-widget-button\" data-id=\"ac0d404\" data-element_type=\"widget\" data-settings=\"{&quot;ekit_we_effect_on&quot;:&quot;none&quot;}\" data-widget_type=\"button.default\">\n\t\t\t\t<div class=\"elementor-widget-container\">\n\t\t\t\t\t\t\t\t\t<div class=\"elementor-button-wrapper\">\n\t\t\t\t\t<a class=\"elementor-button elementor-button-link elementor-size-sm\" href=\"#elementor-action%3Aaction%3Dpopup%3Aopen%26settings%3DeyJpZCI6IjMyNDYiLCJ0b2dnbGUiOmZhbHNlfQ%3D%3D\">\n\t\t\t\t\t\t<span class=\"elementor-button-content-wrapper\">\n\t\t\t\t\t\t\t\t\t<span class=\"elementor-button-text\">An\u0131nda Teklif Al\u0131n<\/span>\n\t\t\t\t\t<\/span>\n\t\t\t\t\t<\/a>\n\t\t\t\t<\/div>\n\t\t\t\t\t\t\t\t<\/div>\n\t\t\t\t<\/div>\n\t\t\t\t<div class=\"elementor-element elementor-element-b2bf82f elementor-icon-list--layout-traditional elementor-list-item-link-full_width elementor-widget elementor-widget-icon-list\" data-id=\"b2bf82f\" data-element_type=\"widget\" data-settings=\"{&quot;ekit_we_effect_on&quot;:&quot;none&quot;}\" data-widget_type=\"icon-list.default\">\n\t\t\t\t<div class=\"elementor-widget-container\">\n\t\t\t\t\t\t\t<ul class=\"elementor-icon-list-items\">\n\t\t\t\t\t\t\t<li class=\"elementor-icon-list-item\">\n\t\t\t\t\t\t\t\t\t\t\t<span class=\"elementor-icon-list-icon\">\n\t\t\t\t\t\t\t<svg aria-hidden=\"true\" class=\"e-font-icon-svg e-fas-lock\" viewbox=\"0 0 448 512\" xmlns=\"http:\/\/www.w3.org\/2000\/svg\"><path d=\"M400 224h-24v-72C376 68.2 307.8 0 224 0S72 68.2 72 152v72H48c-26.5 0-48 21.5-48 48v192c0 26.5 21.5 48 48 48h352c26.5 0 48-21.5 48-48V272c0-26.5-21.5-48-48-48zm-104 0H152v-72c0-39.7 32.3-72 72-72s72 32.3 72 72v72z\"><\/path><\/svg>\t\t\t\t\t\t<\/span>\n\t\t\t\t\t\t\t\t\t\t<span class=\"elementor-icon-list-text\">T\u00fcm y\u00fcklemeler g\u00fcvenli ve gizlidir<\/span>\n\t\t\t\t\t\t\t\t\t<\/li>\n\t\t\t\t\t\t<\/ul>\n\t\t\t\t\t\t<\/div>\n\t\t\t\t<\/div>\n\t\t\t\t<\/div>\n\t\t\t\t<\/div>\n\t\t<\/div>\n\t\t\t\t\t\t<\/div>\n\t\t\t\t<\/div>\n\t\t\t\t<\/div>\n\t\t\t\t\t<\/div>\n\t\t\t\t<\/div>\n\t\t<div class=\"elementor-element elementor-element-34d3542 e-flex e-con-boxed e-con e-parent\" data-id=\"34d3542\" data-element_type=\"container\" data-settings=\"{&quot;ekit_has_onepagescroll_dot&quot;:&quot;yes&quot;}\">\n\t\t\t\t\t<div class=\"e-con-inner\">\n\t\t\t\t<div class=\"elementor-element elementor-element-1668b85 elementor-widget elementor-widget-text-editor\" data-id=\"1668b85\" data-element_type=\"widget\" data-settings=\"{&quot;ekit_we_effect_on&quot;:&quot;none&quot;}\" data-widget_type=\"text-editor.default\">\n\t\t\t\t<div class=\"elementor-widget-container\">\n\t\t\t\t\t\t\t\t\t<div class=\"elementor-element elementor-element-73668eb elementor-widget elementor-widget-heading\" data-id=\"73668eb\" data-element_type=\"widget\" data-settings=\"{&quot;ekit_we_effect_on&quot;:&quot;none&quot;}\" data-widget_type=\"heading.default\"><div class=\"elementor-widget-container\"><h2 class=\"elementor-heading-title elementor-size-default\"><span style=\"color: #000000;\">\u0130adeler &amp; Geri \u00d6demeler<\/span><\/h2><\/div><\/div><div class=\"elementor-element elementor-element-a2f183c elementor-widget elementor-widget-text-editor\" data-id=\"a2f183c\" data-element_type=\"widget\" data-settings=\"{&quot;ekit_we_effect_on&quot;:&quot;none&quot;}\" data-widget_type=\"text-editor.default\"><div class=\"elementor-widget-container\"><span style=\"color: #000000;\">Dongguan Xinyang Sporting Goods Co, Ltd. olarak, m\u00fc\u015fterilerimizin sat\u0131n al\u0131mlar\u0131ndan memnun kalmalar\u0131n\u0131 sa\u011flamay\u0131 taahh\u00fct ediyoruz. \u00dcr\u00fcn\u00fcn\u00fczden tam olarak memnun kalmazsan\u0131z, l\u00fctfen a\u015fa\u011f\u0131daki iade ve geri \u00f6deme politikam\u0131z\u0131 inceleyin.<\/span><\/div><\/div><div class=\"elementor-element elementor-element-50e9cd0 elementor-widget elementor-widget-heading\" data-id=\"50e9cd0\" data-element_type=\"widget\" data-settings=\"{&quot;ekit_we_effect_on&quot;:&quot;none&quot;}\" data-widget_type=\"heading.default\"><div class=\"elementor-widget-container\"><h3 class=\"elementor-heading-title elementor-size-default\"><span style=\"color: #000000;\">1. \u0130adeler i\u00e7in Uygunluk<\/span><\/h3><\/div><\/div><div class=\"elementor-element elementor-element-02c409e elementor-widget elementor-widget-text-editor\" data-id=\"02c409e\" data-element_type=\"widget\" data-settings=\"{&quot;ekit_we_effect_on&quot;:&quot;none&quot;}\" data-widget_type=\"text-editor.default\"><div class=\"elementor-widget-container\"><p><span style=\"color: #000000;\">\u00dcr\u00fcn\u00fcn iadeye uygun olmas\u0131 i\u00e7in a\u015fa\u011f\u0131daki ko\u015fullar\u0131 kar\u015f\u0131lamas\u0131 gerekir:<\/span><\/p><ul><li><span style=\"color: #000000;\"><strong>Durum:<\/strong>\u00a0\u00dcr\u00fcnler kullan\u0131lmam\u0131\u015f, orijinal durumunda ve orijinal ambalaj\u0131nda olmal\u0131d\u0131r.<\/span><\/li><li><span style=\"color: #000000;\"><strong>Zaman dilimi:<\/strong>\u00a0\u0130adeler, \u00fcr\u00fcn\u00fc teslim ald\u0131ktan sonraki [Say\u0131 Girin] g\u00fcn i\u00e7inde ba\u015flat\u0131lmal\u0131d\u0131r.<\/span><\/li><li><span style=\"color: #000000;\"><strong>Sat\u0131n Alma Kan\u0131t\u0131:<\/strong>\u00a0T\u00fcm iadeler i\u00e7in ge\u00e7erli bir makbuz veya sat\u0131n alma belgesi gereklidir.<\/span><\/li><\/ul><p><span style=\"color: #000000;\">\u00d6zel veya ki\u015fiselle\u015ftirilmi\u015f sipari\u015fler de dahil olmak \u00fczere belirli \u00fcr\u00fcnler iade i\u00e7in uygun olmayabilir. Belirli \u00fcr\u00fcnler hakk\u0131nda sorular\u0131n\u0131z varsa l\u00fctfen m\u00fc\u015fteri hizmetleri ekibimize dan\u0131\u015f\u0131n.<\/span><\/p><\/div><\/div><div class=\"elementor-element elementor-element-c217c72 elementor-widget elementor-widget-heading\" data-id=\"c217c72\" data-element_type=\"widget\" data-settings=\"{&quot;ekit_we_effect_on&quot;:&quot;none&quot;}\" data-widget_type=\"heading.default\"><div class=\"elementor-widget-container\"><h3 class=\"elementor-heading-title elementor-size-default\"><span style=\"color: #000000;\">2. \u0130ade Edilemeyen \u00dcr\u00fcnler<\/span><\/h3><\/div><\/div><div class=\"elementor-element elementor-element-9a99a4b elementor-widget elementor-widget-text-editor\" data-id=\"9a99a4b\" data-element_type=\"widget\" data-settings=\"{&quot;ekit_we_effect_on&quot;:&quot;none&quot;}\" data-widget_type=\"text-editor.default\"><div class=\"elementor-widget-container\"><p><span style=\"color: #000000;\">A\u015fa\u011f\u0131dakiler dahil ancak bunlarla s\u0131n\u0131rl\u0131 olmamak \u00fczere belirli \u00fcr\u00fcnler i\u00e7in iade kabul etmiyoruz:<\/span><\/p><ul><li><span style=\"color: #000000;\">\u00d6zel yap\u0131m veya ki\u015fiselle\u015ftirilmi\u015f \u00fcr\u00fcnler<\/span><\/li><li><span style=\"color: #000000;\">\u0130ndirimli veya son sat\u0131\u015f \u00fcr\u00fcnleri<\/span><\/li><li><span style=\"color: #000000;\">M\u00fc\u015fteri taraf\u0131ndan kullan\u0131lm\u0131\u015f veya hasar g\u00f6rm\u00fc\u015f \u00fcr\u00fcnler<\/span><\/li><\/ul><\/div><\/div><div class=\"elementor-element elementor-element-39f3a6c elementor-widget elementor-widget-heading\" data-id=\"39f3a6c\" data-element_type=\"widget\" data-settings=\"{&quot;ekit_we_effect_on&quot;:&quot;none&quot;}\" data-widget_type=\"heading.default\"><div class=\"elementor-widget-container\"><h3 class=\"elementor-heading-title elementor-size-default\"><span style=\"color: #000000;\">3. \u0130ade S\u00fcreci<\/span><\/h3><\/div><\/div><div class=\"elementor-element elementor-element-0349f74 elementor-widget elementor-widget-text-editor\" data-id=\"0349f74\" data-element_type=\"widget\" data-settings=\"{&quot;ekit_we_effect_on&quot;:&quot;none&quot;}\" data-widget_type=\"text-editor.default\"><div class=\"elementor-widget-container\"><p><span style=\"color: #000000;\">\u0130ade i\u015flemini ba\u015flatmak i\u00e7in l\u00fctfen a\u015fa\u011f\u0131daki ad\u0131mlar\u0131 izleyin:<\/span><\/p><ol><li><span style=\"color: #000000;\"><strong>M\u00fc\u015fteri Hizmetleri ile ileti\u015fime ge\u00e7in:<\/strong>\u00a0\u0130ade izni istemek i\u00e7in [M\u00fc\u015fteri Hizmetleri E-posta] adresinden bize e-posta g\u00f6nderin veya [M\u00fc\u015fteri Hizmetleri Telefon Numaras\u0131] adresinden bizi aray\u0131n.<\/span><\/li><li><span style=\"color: #000000;\"><strong>\u00dcr\u00fcn\u00fcn\u00fcz\u00fc Paketleyin:<\/strong>\u00a0\u00dcr\u00fcn\u00fc, t\u00fcm aksesuarlar\u0131 ve belgeleri de dahil olmak \u00fczere orijinal ambalaj\u0131nda g\u00fcvenli bir \u015fekilde paketleyin.<\/span><\/li><li><span style=\"color: #000000;\"><strong>\u0130ade Kargo:<\/strong>\u00a0\u00dcr\u00fcn hasarl\u0131 veya kusurlu olarak teslim al\u0131nmad\u0131\u011f\u0131 s\u00fcrece iade nakliye masraflar\u0131n\u0131 kar\u015f\u0131lamaktan siz sorumlusunuz. \u00dcr\u00fcn\u00fcn g\u00fcvenli bir \u015fekilde bize iade edildi\u011finden emin olmak i\u00e7in izlenebilir bir nakliye y\u00f6ntemi kullanman\u0131z\u0131 \u00f6neririz.<\/span><\/li><\/ol><\/div><\/div><div class=\"elementor-element elementor-element-1578885 elementor-widget elementor-widget-heading\" data-id=\"1578885\" data-element_type=\"widget\" data-settings=\"{&quot;ekit_we_effect_on&quot;:&quot;none&quot;}\" data-widget_type=\"heading.default\"><div class=\"elementor-widget-container\"><h3 class=\"elementor-heading-title elementor-size-default\"><span style=\"color: #000000;\">4. Geri \u00f6demeler<\/span><\/h3><\/div><\/div><div class=\"elementor-element elementor-element-d0de458 elementor-widget elementor-widget-text-editor\" data-id=\"d0de458\" data-element_type=\"widget\" data-settings=\"{&quot;ekit_we_effect_on&quot;:&quot;none&quot;}\" data-widget_type=\"text-editor.default\"><div class=\"elementor-widget-container\"><p><span style=\"color: #000000;\">\u0130adenizi ald\u0131ktan ve inceledikten sonra, iadenizin onayland\u0131\u011f\u0131n\u0131 veya reddedildi\u011fini size bildirece\u011fiz:<\/span><\/p><ul><li><span style=\"color: #000000;\"><strong>Onaylanm\u0131\u015f Geri \u00d6demeler:<\/strong>\u00a0Onaylanan iadeler i\u00e7in geri \u00f6demeler, orijinal \u00f6deme y\u00f6nteminize [Say\u0131 Girin] i\u015f g\u00fcn\u00fc i\u00e7inde yap\u0131lacakt\u0131r. \u0130\u015flem s\u00fcreleri bankan\u0131za veya \u00f6deme sa\u011flay\u0131c\u0131n\u0131za ba\u011fl\u0131 olarak de\u011fi\u015febilir.<\/span><\/li><li><span style=\"color: #000000;\"><strong>K\u0131smi \u0130adeler:<\/strong>\u00a0Baz\u0131 durumlarda, m\u00fc\u015fteri taraf\u0131ndan kullan\u0131m veya hasar belirtileri g\u00f6steren \u00fcr\u00fcnler i\u00e7in yaln\u0131zca k\u0131smi geri \u00f6deme yap\u0131labilir.<\/span><\/li><\/ul><\/div><\/div><div class=\"elementor-element elementor-element-27005fc elementor-widget elementor-widget-heading\" data-id=\"27005fc\" data-element_type=\"widget\" data-settings=\"{&quot;ekit_we_effect_on&quot;:&quot;none&quot;}\" data-widget_type=\"heading.default\"><div class=\"elementor-widget-container\"><h3 class=\"elementor-heading-title elementor-size-default\"><span style=\"color: #000000;\">5. De\u011fi\u015fimler<\/span><\/h3><\/div><\/div><div class=\"elementor-element elementor-element-af1400b elementor-widget elementor-widget-text-editor\" data-id=\"af1400b\" data-element_type=\"widget\" data-settings=\"{&quot;ekit_we_effect_on&quot;:&quot;none&quot;}\" data-widget_type=\"text-editor.default\"><div class=\"elementor-widget-container\"><p><span style=\"color: #000000;\">\u00dcr\u00fcnleri yaln\u0131zca kusurlu veya hasarl\u0131 olmalar\u0131 durumunda de\u011fi\u015ftiriyoruz. Kusurlu bir \u00fcr\u00fcn\u00fc ayn\u0131 \u00fcr\u00fcnle de\u011fi\u015ftirmeniz gerekiyorsa, l\u00fctfen m\u00fc\u015fteri hizmetleri ekibimizle ileti\u015fime ge\u00e7in.<\/span><\/p><\/div><\/div><div class=\"elementor-element elementor-element-7c745fe elementor-widget elementor-widget-heading\" data-id=\"7c745fe\" data-element_type=\"widget\" data-settings=\"{&quot;ekit_we_effect_on&quot;:&quot;none&quot;}\" data-widget_type=\"heading.default\"><div class=\"elementor-widget-container\"><h3 class=\"elementor-heading-title elementor-size-default\"><span style=\"color: #000000;\">6. Hasarl\u0131 veya Kusurlu \u00dcr\u00fcnler<\/span><\/h3><\/div><\/div><div class=\"elementor-element elementor-element-4d92a53 elementor-widget elementor-widget-text-editor\" data-id=\"4d92a53\" data-element_type=\"widget\" data-settings=\"{&quot;ekit_we_effect_on&quot;:&quot;none&quot;}\" data-widget_type=\"text-editor.default\"><div class=\"elementor-widget-container\"><span style=\"color: #000000;\">Hasarl\u0131 veya kusurlu bir \u00fcr\u00fcn al\u0131rsan\u0131z, l\u00fctfen \u00fcr\u00fcn\u00fc ald\u0131ktan sonraki [Say\u0131 Girin] g\u00fcn i\u00e7inde bizimle ileti\u015fime ge\u00e7in. \u00dcr\u00fcn\u00fc nas\u0131l iade edece\u011finiz ve de\u011fi\u015ftirme veya para iadesi alaca\u011f\u0131n\u0131z konusunda talimatlar verece\u011fiz.<\/span><\/div><\/div><div class=\"elementor-element elementor-element-f2644a0 elementor-widget elementor-widget-heading\" data-id=\"f2644a0\" data-element_type=\"widget\" data-settings=\"{&quot;ekit_we_effect_on&quot;:&quot;none&quot;}\" data-widget_type=\"heading.default\"><div class=\"elementor-widget-container\"><h3 class=\"elementor-heading-title elementor-size-default\"><span style=\"color: #000000;\">7. Bize Ula\u015f\u0131n<\/span><\/h3><\/div><\/div><div class=\"elementor-element elementor-element-a24b5b3 elementor-widget elementor-widget-text-editor\" data-id=\"a24b5b3\" data-element_type=\"widget\" data-settings=\"{&quot;ekit_we_effect_on&quot;:&quot;none&quot;}\" data-widget_type=\"text-editor.default\"><div class=\"elementor-widget-container\"><span style=\"color: #000000;\">Bu Gizlilik Politikas\u0131 veya veri uygulamalar\u0131m\u0131z hakk\u0131nda herhangi bir sorunuz varsa, l\u00fctfen bizimle ileti\u015fime ge\u00e7in:<\/span><br \/><span style=\"color: #000000;\"><strong>Dongguan Xinyang Sporting Goods Co, Ltd.<\/strong><\/span><br \/><span style=\"color: #000000;\">Adres:<strong>\u00a01319 Zhongzheng Binas\u0131, No.82 Dongmen Orta Yolu, Changan Kasabas\u0131, Dongguan \u015eehri, Guangdong Eyaleti<\/strong><\/span><br \/><span style=\"color: #000000;\">E-posta:\u00a0<strong>mxysports@gmail.com<\/strong><\/span><br \/><span style=\"color: #000000;\">Telefon:<strong>+86-13267261491<\/strong><\/span><\/div><\/div>\t\t\t\t\t\t\t\t<\/div>\n\t\t\t\t<\/div>\n\t\t\t\t\t<\/div>\n\t\t\t\t<\/div>\n\t\t\t\t<\/div>","protected":false},"excerpt":{"rendered":"<p>Ana Sayfa \u0130ade ve Para \u0130adesi politikam\u0131z, uygun \u00fcr\u00fcnler i\u00e7in sorunsuz bir s\u00fcre\u00e7 sa\u011flar. \u00dcr\u00fcnleri iade etmek veya para iadesi talep etmek i\u00e7in zaman dilimlerini, ko\u015fullar\u0131 ve ad\u0131mlar\u0131 anlamak i\u00e7in y\u00f6nergelerimizi inceleyin. \u0130adeler ve Geri \u00d6demeler Dongguan Xinyang Sporting Goods Co, Ltd'de, m\u00fc\u015fterilerimizin sat\u0131n al\u0131mlar\u0131ndan memnun olmalar\u0131n\u0131 sa\u011flamay\u0131 taahh\u00fct ediyoruz. E\u011fer memnun de\u011filseniz [...]<\/p>","protected":false},"author":2,"featured_media":0,"parent":0,"menu_order":0,"comment_status":"closed","ping_status":"closed","template":"","meta":{"_acf_changed":false,"footnotes":""},"class_list":["post-2624","page","type-page","status-publish","hentry"],"acf":[],"_links":{"self":[{"href":"https:\/\/mxysport.com\/tr\/wp-json\/wp\/v2\/pages\/2624","targetHints":{"allow":["GET"]}}],"collection":[{"href":"https:\/\/mxysport.com\/tr\/wp-json\/wp\/v2\/pages"}],"about":[{"href":"https:\/\/mxysport.com\/tr\/wp-json\/wp\/v2\/types\/page"}],"author":[{"embeddable":true,"href":"https:\/\/mxysport.com\/tr\/wp-json\/wp\/v2\/users\/2"}],"replies":[{"embeddable":true,"href":"https:\/\/mxysport.com\/tr\/wp-json\/wp\/v2\/comments?post=2624"}],"version-history":[{"count":22,"href":"https:\/\/mxysport.com\/tr\/wp-json\/wp\/v2\/pages\/2624\/revisions"}],"predecessor-version":[{"id":3349,"href":"https:\/\/mxysport.com\/tr\/wp-json\/wp\/v2\/pages\/2624\/revisions\/3349"}],"wp:attachment":[{"href":"https:\/\/mxysport.com\/tr\/wp-json\/wp\/v2\/media?parent=2624"}],"curies":[{"name":"wp","href":"https:\/\/api.w.org\/{rel}","templated":true}]}}