{"id":2625,"date":"2025-05-10T19:24:26","date_gmt":"2025-05-10T19:24:26","guid":{"rendered":"https:\/\/mxysport.com\/?page_id=2625"},"modified":"2025-05-29T19:25:07","modified_gmt":"2025-05-29T19:25:07","slug":"hi%cc%87zmet-kosullari","status":"publish","type":"page","link":"https:\/\/mxysport.com\/tr\/hi%cc%87zmet-kosullari\/","title":{"rendered":"Hizmet Ko\u015fullar\u0131"},"content":{"rendered":"<div data-elementor-type=\"wp-page\" data-elementor-id=\"2625\" class=\"elementor elementor-2625\" data-elementor-post-type=\"page\">\n\t\t\t\t<div class=\"elementor-element elementor-element-75915f6 e-flex e-con-boxed e-con e-parent\" data-id=\"75915f6\" data-element_type=\"container\" data-settings=\"{&quot;background_background&quot;:&quot;classic&quot;,&quot;ekit_has_onepagescroll_dot&quot;:&quot;yes&quot;}\">\n\t\t\t\t\t<div class=\"e-con-inner\">\n\t\t\t\t<div class=\"elementor-element elementor-element-0a02605 elementor-widget elementor-widget-breadcrumbs\" data-id=\"0a02605\" data-element_type=\"widget\" data-settings=\"{&quot;ekit_we_effect_on&quot;:&quot;none&quot;}\" data-widget_type=\"breadcrumbs.default\">\n\t\t\t\t<div class=\"elementor-widget-container\">\n\t\t\t\t\t<div><span class=\"last\">Ev<\/span><\/div>\t\t\t\t<\/div>\n\t\t\t\t<\/div>\n\t\t\t\t<div class=\"elementor-element elementor-element-aa6bf86 elementor-widget elementor-widget-heading\" data-id=\"aa6bf86\" data-element_type=\"widget\" data-settings=\"{&quot;ekit_we_effect_on&quot;:&quot;none&quot;}\" data-widget_type=\"heading.default\">\n\t\t\t\t<div class=\"elementor-widget-container\">\n\t\t\t\t\t<h1 class=\"elementor-heading-title elementor-size-default\">Hizmet Ko\u015fullar\u0131<\/h1>\t\t\t\t<\/div>\n\t\t\t\t<\/div>\n\t\t\t\t<div class=\"elementor-element elementor-element-fe3de77 elementor-widget elementor-widget-text-editor\" data-id=\"fe3de77\" data-element_type=\"widget\" data-settings=\"{&quot;ekit_we_effect_on&quot;:&quot;none&quot;}\" data-widget_type=\"text-editor.default\">\n\t\t\t\t<div class=\"elementor-widget-container\">\n\t\t\t\t\t\t\t\t\tPlatformumuzu kullan\u0131rken t\u00fcm kullan\u0131c\u0131lar i\u00e7in g\u00fcvenli ve sorunsuz bir deneyim sa\u011flayan kurallar\u0131, d\u00fczenlemeleri ve sorumluluklar\u0131 anlamak i\u00e7in Hizmet \u015eartlar\u0131m\u0131z\u0131 inceleyin.\t\t\t\t\t\t\t\t<\/div>\n\t\t\t\t<\/div>\n\t\t<div class=\"elementor-element elementor-element-7e75141 e-con-full e-flex e-con e-child\" data-id=\"7e75141\" data-element_type=\"container\" data-settings=\"{&quot;ekit_has_onepagescroll_dot&quot;:&quot;yes&quot;}\">\n\t\t\t\t<div class=\"elementor-element elementor-element-1be6e55 elementor-widget elementor-widget-shortcode\" data-id=\"1be6e55\" data-element_type=\"widget\" data-settings=\"{&quot;ekit_we_effect_on&quot;:&quot;none&quot;}\" data-widget_type=\"shortcode.default\">\n\t\t\t\t<div class=\"elementor-widget-container\">\n\t\t\t\t\t\t\t<div class=\"elementor-shortcode\">\t\t<div data-elementor-type=\"container\" data-elementor-id=\"3255\" class=\"elementor elementor-3255\" data-elementor-post-type=\"elementor_library\">\n\t\t\t\t<div class=\"elementor-element elementor-element-600a766 e-con-full e-flex e-con e-child\" data-id=\"600a766\" data-element_type=\"container\" data-settings=\"{&quot;ekit_has_onepagescroll_dot&quot;:&quot;yes&quot;}\">\n\t\t\t\t<div class=\"elementor-element elementor-element-ac0d404 elementor-widget elementor-widget-button\" data-id=\"ac0d404\" data-element_type=\"widget\" data-settings=\"{&quot;ekit_we_effect_on&quot;:&quot;none&quot;}\" data-widget_type=\"button.default\">\n\t\t\t\t<div class=\"elementor-widget-container\">\n\t\t\t\t\t\t\t\t\t<div class=\"elementor-button-wrapper\">\n\t\t\t\t\t<a class=\"elementor-button elementor-button-link elementor-size-sm\" href=\"#elementor-action%3Aaction%3Dpopup%3Aopen%26settings%3DeyJpZCI6IjMyNDYiLCJ0b2dnbGUiOmZhbHNlfQ%3D%3D\">\n\t\t\t\t\t\t<span class=\"elementor-button-content-wrapper\">\n\t\t\t\t\t\t\t\t\t<span class=\"elementor-button-text\">An\u0131nda Teklif Al\u0131n<\/span>\n\t\t\t\t\t<\/span>\n\t\t\t\t\t<\/a>\n\t\t\t\t<\/div>\n\t\t\t\t\t\t\t\t<\/div>\n\t\t\t\t<\/div>\n\t\t\t\t<div class=\"elementor-element elementor-element-b2bf82f elementor-icon-list--layout-traditional elementor-list-item-link-full_width elementor-widget elementor-widget-icon-list\" data-id=\"b2bf82f\" data-element_type=\"widget\" data-settings=\"{&quot;ekit_we_effect_on&quot;:&quot;none&quot;}\" data-widget_type=\"icon-list.default\">\n\t\t\t\t<div class=\"elementor-widget-container\">\n\t\t\t\t\t\t\t<ul class=\"elementor-icon-list-items\">\n\t\t\t\t\t\t\t<li class=\"elementor-icon-list-item\">\n\t\t\t\t\t\t\t\t\t\t\t<span class=\"elementor-icon-list-icon\">\n\t\t\t\t\t\t\t<svg aria-hidden=\"true\" class=\"e-font-icon-svg e-fas-lock\" viewbox=\"0 0 448 512\" xmlns=\"http:\/\/www.w3.org\/2000\/svg\"><path d=\"M400 224h-24v-72C376 68.2 307.8 0 224 0S72 68.2 72 152v72H48c-26.5 0-48 21.5-48 48v192c0 26.5 21.5 48 48 48h352c26.5 0 48-21.5 48-48V272c0-26.5-21.5-48-48-48zm-104 0H152v-72c0-39.7 32.3-72 72-72s72 32.3 72 72v72z\"><\/path><\/svg>\t\t\t\t\t\t<\/span>\n\t\t\t\t\t\t\t\t\t\t<span class=\"elementor-icon-list-text\">T\u00fcm y\u00fcklemeler g\u00fcvenli ve gizlidir<\/span>\n\t\t\t\t\t\t\t\t\t<\/li>\n\t\t\t\t\t\t<\/ul>\n\t\t\t\t\t\t<\/div>\n\t\t\t\t<\/div>\n\t\t\t\t<\/div>\n\t\t\t\t<\/div>\n\t\t<\/div>\n\t\t\t\t\t\t<\/div>\n\t\t\t\t<\/div>\n\t\t\t\t<\/div>\n\t\t\t\t\t<\/div>\n\t\t\t\t<\/div>\n\t\t<div class=\"elementor-element elementor-element-a17f8d2 e-flex e-con-boxed e-con e-parent\" data-id=\"a17f8d2\" data-element_type=\"container\" data-settings=\"{&quot;ekit_has_onepagescroll_dot&quot;:&quot;yes&quot;}\">\n\t\t\t\t\t<div class=\"e-con-inner\">\n\t\t\t\t<div class=\"elementor-element elementor-element-c3d47e4 elementor-widget elementor-widget-text-editor\" data-id=\"c3d47e4\" data-element_type=\"widget\" data-settings=\"{&quot;ekit_we_effect_on&quot;:&quot;none&quot;}\" data-widget_type=\"text-editor.default\">\n\t\t\t\t<div class=\"elementor-widget-container\">\n\t\t\t\t\t\t\t\t\t<div class=\"elementor-element elementor-element-cde08bc elementor-widget elementor-widget-heading\" data-id=\"cde08bc\" data-element_type=\"widget\" data-settings=\"{&quot;ekit_we_effect_on&quot;:&quot;none&quot;}\" data-widget_type=\"heading.default\"><div class=\"elementor-widget-container\"><h2 class=\"elementor-heading-title elementor-size-default\"><span style=\"color: #000000;\">Hizmet Ko\u015fullar\u0131<\/span><\/h2><\/div><\/div><div class=\"elementor-element elementor-element-72d0de1 elementor-widget elementor-widget-text-editor\" data-id=\"72d0de1\" data-element_type=\"widget\" data-settings=\"{&quot;ekit_we_effect_on&quot;:&quot;none&quot;}\" data-widget_type=\"text-editor.default\"><div class=\"elementor-widget-container\"><span style=\"color: #000000;\">Dongguan Xinyang Sporting Goods Co, Ltd'ye ho\u015f geldiniz. 'ye (\"biz,\" \"bizim,\" veya \"bize\") ho\u015f geldiniz. Web sitemize ve hizmetlerimize eri\u015ferek veya bunlar\u0131 kullanarak, bu Hizmet \u015eartlar\u0131'na (\"\u015eartlar\") tabi olmay\u0131 kabul etmi\u015f olursunuz. Bu \u015eartlar\u0131 kabul etmiyorsan\u0131z, l\u00fctfen hizmetlerimizi kullanmay\u0131n.<\/span><\/div><\/div><div class=\"elementor-element elementor-element-566fd5d elementor-widget elementor-widget-heading\" data-id=\"566fd5d\" data-element_type=\"widget\" data-settings=\"{&quot;ekit_we_effect_on&quot;:&quot;none&quot;}\" data-widget_type=\"heading.default\"><div class=\"elementor-widget-container\"><h3 class=\"elementor-heading-title elementor-size-default\"><span style=\"color: #000000;\">1. Web Sitemizin Kullan\u0131m\u0131<\/span><\/h3><\/div><\/div><div class=\"elementor-element elementor-element-527730e elementor-widget elementor-widget-text-editor\" data-id=\"527730e\" data-element_type=\"widget\" data-settings=\"{&quot;ekit_we_effect_on&quot;:&quot;none&quot;}\" data-widget_type=\"text-editor.default\"><div class=\"elementor-widget-container\"><p><span style=\"color: #000000;\">Web sitemiz, sat\u0131n alma yapma, m\u00fc\u015fteri deste\u011fine eri\u015fme ve Dongguan Xinyang Sporting Goods Co., Ltd. hakk\u0131nda daha fazla bilgi edinme dahil olmak \u00fczere \u00fcr\u00fcnlerimiz ve hizmetlerimiz hakk\u0131nda bilgi sa\u011flar.<\/span><\/p><ul><li><span style=\"color: #000000;\"><strong>Uygunluk:<\/strong>\u00a0Hizmetlerimizi kullanmak i\u00e7in en az 18 ya\u015f\u0131nda olman\u0131z veya yasal ebeveyn veya vasi iznine sahip olman\u0131z gerekir.<\/span><\/li><li><span style=\"color: #000000;\"><strong>Hesap Olu\u015fturma:<\/strong>\u00a0Belirli \u00f6zelliklere eri\u015fmek i\u00e7in bir hesap olu\u015fturman\u0131z gerekebilir. Hesap bilgilerinizin gizlili\u011fini korumaktan ve hesab\u0131n\u0131z alt\u0131nda ger\u00e7ekle\u015fen t\u00fcm faaliyetlerden siz sorumlusunuz.<\/span><\/li><\/ul><\/div><\/div><div class=\"elementor-element elementor-element-1071be2 elementor-widget elementor-widget-heading\" data-id=\"1071be2\" data-element_type=\"widget\" data-settings=\"{&quot;ekit_we_effect_on&quot;:&quot;none&quot;}\" data-widget_type=\"heading.default\"><div class=\"elementor-widget-container\"><h3 class=\"elementor-heading-title elementor-size-default\"><span style=\"color: #000000;\">2. Sipari\u015fler ve Sat\u0131n Almalar<\/span><\/h3><\/div><\/div><div class=\"elementor-element elementor-element-368718e elementor-widget elementor-widget-text-editor\" data-id=\"368718e\" data-element_type=\"widget\" data-settings=\"{&quot;ekit_we_effect_on&quot;:&quot;none&quot;}\" data-widget_type=\"text-editor.default\"><div class=\"elementor-widget-container\"><p><span style=\"color: #000000;\">Web sitemiz \u00fczerinden bir sipari\u015f verdi\u011finizde, do\u011fru ve eksiksiz bilgi vermeyi kabul etmi\u015f olursunuz. \u00d6deme ile ilgili bir sorun varsa veya \u00fcr\u00fcnler mevcut de\u011filse sipari\u015fleri reddetme veya iptal etme hakk\u0131m\u0131z\u0131 sakl\u0131 tutar\u0131z.<\/span><\/p><ul><li><span style=\"color: #000000;\"><strong>Fiyatland\u0131rma:<\/strong>\u00a0Fiyatlar web sitemizde listelenmi\u015ftir ve \u00f6nceden haber verilmeksizin de\u011fi\u015ftirilebilir.<\/span><\/li><li><span style=\"color: #000000;\"><strong>\u00d6deme Ko\u015fullar\u0131:<\/strong>\u00a0T\u00fcm \u00f6demeler sat\u0131n alma s\u0131ras\u0131nda yap\u0131lmal\u0131d\u0131r ve web sitemizde listelenen belirtilen \u00f6deme y\u00f6ntemlerini kabul ediyoruz.<\/span><\/li><li><span style=\"color: #000000;\"><strong>Sipari\u015f \u0130ptalleri:<\/strong>\u00a0Doland\u0131r\u0131c\u0131l\u0131k, yetkisiz faaliyet veya gerekli g\u00f6r\u00fclen di\u011fer nedenlerden \u015f\u00fcphelenmemiz halinde herhangi bir sipari\u015fi iptal etme hakk\u0131m\u0131z\u0131 sakl\u0131 tutar\u0131z.<\/span><\/li><\/ul><\/div><\/div><div class=\"elementor-element elementor-element-84a7554 elementor-widget elementor-widget-heading\" data-id=\"84a7554\" data-element_type=\"widget\" data-settings=\"{&quot;ekit_we_effect_on&quot;:&quot;none&quot;}\" data-widget_type=\"heading.default\"><div class=\"elementor-widget-container\"><h3 class=\"elementor-heading-title elementor-size-default\"><span style=\"color: #000000;\">3. Nakliye ve Teslimat<\/span><\/h3><\/div><\/div><div class=\"elementor-element elementor-element-d40c8ec elementor-widget elementor-widget-text-editor\" data-id=\"d40c8ec\" data-element_type=\"widget\" data-settings=\"{&quot;ekit_we_effect_on&quot;:&quot;none&quot;}\" data-widget_type=\"text-editor.default\"><div class=\"elementor-widget-container\"><p><span style=\"color: #000000;\">Sipari\u015fleri derhal i\u015fleme koymaya ve g\u00f6ndermeye \u00e7al\u0131\u015f\u0131yoruz. Teslimat s\u00fcreleri konuma g\u00f6re de\u011fi\u015febilir ve \u00fc\u00e7\u00fcnc\u00fc taraf nakliye sa\u011flay\u0131c\u0131lar\u0131na tabidir.<\/span><\/p><ul><li><span style=\"color: #000000;\"><strong>Nakliye Masraflar\u0131:<\/strong>\u00a0Kargo \u00fccretleri \u00f6deme s\u0131ras\u0131nda hesaplan\u0131r ve sipari\u015f boyutuna ve konumuna ba\u011fl\u0131 olarak de\u011fi\u015febilir.<\/span><\/li><li><span style=\"color: #000000;\"><strong>G\u00fcmr\u00fck ve \u0130thalat \u00dccretleri:<\/strong>\u00a0Uluslararas\u0131 sipari\u015fler, m\u00fc\u015fterinin sorumlulu\u011funda olan g\u00fcmr\u00fck vergilerine, vergilere ve \u00fccretlere tabi olabilir.<\/span><\/li><\/ul><\/div><\/div><div class=\"elementor-element elementor-element-c5cd1a1 elementor-widget elementor-widget-heading\" data-id=\"c5cd1a1\" data-element_type=\"widget\" data-settings=\"{&quot;ekit_we_effect_on&quot;:&quot;none&quot;}\" data-widget_type=\"heading.default\"><div class=\"elementor-widget-container\"><h3 class=\"elementor-heading-title elementor-size-default\"><span style=\"color: #000000;\">4. \u0130adeler ve Geri \u00d6demeler<\/span><\/h3><\/div><\/div><div class=\"elementor-element elementor-element-542f591 elementor-widget elementor-widget-text-editor\" data-id=\"542f591\" data-element_type=\"widget\" data-settings=\"{&quot;ekit_we_effect_on&quot;:&quot;none&quot;}\" data-widget_type=\"text-editor.default\"><div class=\"elementor-widget-container\"><p><span style=\"color: #000000;\">\u0130ade politikam\u0131z, m\u00fc\u015fterilerin belirli ko\u015fullar alt\u0131nda iade veya para iadesi talep etmesine olanak tan\u0131r. Daha fazla ayr\u0131nt\u0131 i\u00e7in l\u00fctfen \u0130ade Politikas\u0131 sayfam\u0131za bak\u0131n.<\/span><\/p><ul><li><span style=\"color: #000000;\"><strong>Uygunluk:<\/strong>\u00a0Yaln\u0131zca orijinal, kullan\u0131lmam\u0131\u015f durumdaki \u00fcr\u00fcnler iade i\u00e7in uygundur.<\/span><\/li><li><span style=\"color: #000000;\"><strong>Geri \u00d6deme S\u00fcreci:<\/strong>\u00a0Para iadeleri, iade edilen \u00fcr\u00fcn incelendikten ve onayland\u0131ktan sonra belirli bir zaman dilimi i\u00e7inde i\u015fleme al\u0131nacakt\u0131r.<\/span><\/li><\/ul><h3>\u00a0<\/h3><\/div><\/div><div class=\"elementor-element elementor-element-fe1a46d elementor-widget elementor-widget-heading\" data-id=\"fe1a46d\" data-element_type=\"widget\" data-settings=\"{&quot;ekit_we_effect_on&quot;:&quot;none&quot;}\" data-widget_type=\"heading.default\"><div class=\"elementor-widget-container\"><h3 class=\"elementor-heading-title elementor-size-default\"><span style=\"color: #000000;\">5. Fikri M\u00fclkiyet<\/span><\/h3><\/div><\/div><div class=\"elementor-element elementor-element-af157a0 elementor-widget elementor-widget-text-editor\" data-id=\"af157a0\" data-element_type=\"widget\" data-settings=\"{&quot;ekit_we_effect_on&quot;:&quot;none&quot;}\" data-widget_type=\"text-editor.default\"><div class=\"elementor-widget-container\"><span style=\"color: #000000;\">Metin, resim, logo ve tasar\u0131mlar dahil olmak \u00fczere web sitemizdeki t\u00fcm i\u00e7erik, Dongguan Xinyang Sporting Goods Co, Ltd. veya i\u00e7erik tedarik\u00e7ilerinin m\u00fclkiyetindedir ve telif hakk\u0131, ticari marka ve di\u011fer fikri m\u00fclkiyet yasalar\u0131 ile korunmaktad\u0131r. Bizden yaz\u0131l\u0131 izin almadan hi\u00e7bir i\u00e7eri\u011fi \u00e7o\u011faltamaz, da\u011f\u0131tamaz veya kullanamazs\u0131n\u0131z.<\/span><\/div><\/div><div class=\"elementor-element elementor-element-2222092 elementor-widget elementor-widget-heading\" data-id=\"2222092\" data-element_type=\"widget\" data-settings=\"{&quot;ekit_we_effect_on&quot;:&quot;none&quot;}\" data-widget_type=\"heading.default\"><div class=\"elementor-widget-container\"><h3 class=\"elementor-heading-title elementor-size-default\"><span style=\"color: #000000;\">6. Sorumlulu\u011fun S\u0131n\u0131rland\u0131r\u0131lmas\u0131<\/span><\/h3><\/div><\/div><div class=\"elementor-element elementor-element-99303b4 elementor-widget elementor-widget-text-editor\" data-id=\"99303b4\" data-element_type=\"widget\" data-settings=\"{&quot;ekit_we_effect_on&quot;:&quot;none&quot;}\" data-widget_type=\"text-editor.default\"><div class=\"elementor-widget-container\"><span style=\"color: #000000;\">Yasalar\u0131n izin verdi\u011fi azami \u00f6l\u00e7\u00fcde, Dongguan Xinyang Sporting Goods Co, Ltd. web sitemizi veya hizmetlerimizi kullanman\u0131zdan kaynaklanan do\u011frudan, dolayl\u0131, ar\u0131zi, \u00f6zel veya sonu\u00e7 olarak ortaya \u00e7\u0131kan zararlardan sorumlu olmayacakt\u0131r. Bu, i\u00e7erikteki herhangi bir hata veya eksiklik veya \u00fcr\u00fcnlerimizi kullanman\u0131n bir sonucu olarak ortaya \u00e7\u0131kan herhangi bir kay\u0131p veya hasar\u0131 i\u00e7erir, ancak bunlarla s\u0131n\u0131rl\u0131 de\u011fildir.<\/span><\/div><\/div><div class=\"elementor-element elementor-element-637c9fb elementor-widget elementor-widget-heading\" data-id=\"637c9fb\" data-element_type=\"widget\" data-settings=\"{&quot;ekit_we_effect_on&quot;:&quot;none&quot;}\" data-widget_type=\"heading.default\"><div class=\"elementor-widget-container\"><h3 class=\"elementor-heading-title elementor-size-default\"><span style=\"color: #000000;\">7. Tazminat<\/span><\/h3><\/div><\/div><div class=\"elementor-element elementor-element-26363fb elementor-widget elementor-widget-text-editor\" data-id=\"26363fb\" data-element_type=\"widget\" data-settings=\"{&quot;ekit_we_effect_on&quot;:&quot;none&quot;}\" data-widget_type=\"text-editor.default\"><div class=\"elementor-widget-container\"><span style=\"color: #000000;\">Dongguan Xinyang Sporting Goods Co, Ltd, \u00e7al\u0131\u015fanlar\u0131, ba\u011fl\u0131 kurulu\u015flar\u0131 ve ortaklar\u0131n\u0131, web sitemizi kullan\u0131m\u0131n\u0131zdan, bu Ko\u015fullar\u0131 ihlal etmenizden veya herhangi bir \u00fc\u00e7\u00fcnc\u00fc taraf hakk\u0131n\u0131 ihlal etmenizden kaynaklanan her t\u00fcrl\u00fc talep, hasar, y\u00fck\u00fcml\u00fcl\u00fck veya masraftan (avukatl\u0131k \u00fccretleri dahil) tazmin etmeyi ve zarars\u0131z tutmay\u0131 kabul edersiniz.<\/span><\/div><\/div><div class=\"elementor-element elementor-element-76933a6 elementor-widget elementor-widget-heading\" data-id=\"76933a6\" data-element_type=\"widget\" data-settings=\"{&quot;ekit_we_effect_on&quot;:&quot;none&quot;}\" data-widget_type=\"heading.default\"><div class=\"elementor-widget-container\"><h3 class=\"elementor-heading-title elementor-size-default\"><span style=\"color: #000000;\">8. Bu \u015eartlarda Yap\u0131lan De\u011fi\u015fiklikler<\/span><\/h3><\/div><\/div><div class=\"elementor-element elementor-element-6e94707 elementor-widget elementor-widget-text-editor\" data-id=\"6e94707\" data-element_type=\"widget\" data-settings=\"{&quot;ekit_we_effect_on&quot;:&quot;none&quot;}\" data-widget_type=\"text-editor.default\"><div class=\"elementor-widget-container\"><span style=\"color: #000000;\">Bu Hizmet Ko\u015fullar\u0131n\u0131 periyodik olarak g\u00fcncelleyebiliriz. T\u00fcm de\u011fi\u015fiklikler bu sayfada yay\u0131nlanacakt\u0131r ve \u015eartlar\u0131 d\u00fczenli olarak g\u00f6zden ge\u00e7irmenizi \u00f6neririz. De\u011fi\u015fikliklerden sonra web sitemizi kullanmaya devam etmeniz, g\u00fcncellenmi\u015f \u015eartlar\u0131 kabul etti\u011finiz anlam\u0131na gelir.<\/span><\/div><\/div><div class=\"elementor-element elementor-element-6d0fa9e elementor-widget elementor-widget-heading\" data-id=\"6d0fa9e\" data-element_type=\"widget\" data-settings=\"{&quot;ekit_we_effect_on&quot;:&quot;none&quot;}\" data-widget_type=\"heading.default\"><div class=\"elementor-widget-container\"><h3 class=\"elementor-heading-title elementor-size-default\"><span style=\"color: #000000;\">9. Ge\u00e7erli Kanun<\/span><\/h3><\/div><\/div><div class=\"elementor-element elementor-element-a02ef79 elementor-widget elementor-widget-text-editor\" data-id=\"a02ef79\" data-element_type=\"widget\" data-settings=\"{&quot;ekit_we_effect_on&quot;:&quot;none&quot;}\" data-widget_type=\"text-editor.default\"><div class=\"elementor-widget-container\"><span style=\"color: #000000;\">Bu Hizmet Ko\u015fullar\u0131 [Yarg\u0131 Alan\u0131\/\u00dclke] yasalar\u0131na tabidir. Bu Ko\u015fullardan kaynaklanan veya bunlarla ilgili her t\u00fcrl\u00fc ihtilaf [Yarg\u0131 Alan\u0131\/\u00dclke]'de bulunan uygun mahkemelerde \u00e7\u00f6z\u00fclecektir.<\/span><\/div><\/div><div class=\"elementor-element elementor-element-65a3a6a elementor-widget elementor-widget-heading\" data-id=\"65a3a6a\" data-element_type=\"widget\" data-settings=\"{&quot;ekit_we_effect_on&quot;:&quot;none&quot;}\" data-widget_type=\"heading.default\"><div class=\"elementor-widget-container\"><h3 class=\"elementor-heading-title elementor-size-default\"><span style=\"color: #000000;\">10. Bize Ula\u015f\u0131n<\/span><\/h3><\/div><\/div><div class=\"elementor-element elementor-element-b58bfae elementor-widget elementor-widget-text-editor\" data-id=\"b58bfae\" data-element_type=\"widget\" data-settings=\"{&quot;ekit_we_effect_on&quot;:&quot;none&quot;}\" data-widget_type=\"text-editor.default\"><div class=\"elementor-widget-container\"><span style=\"color: #000000;\">Bu Gizlilik Politikas\u0131 veya veri uygulamalar\u0131m\u0131z hakk\u0131nda herhangi bir sorunuz varsa, l\u00fctfen bizimle ileti\u015fime ge\u00e7in:<\/span><br \/><span style=\"color: #000000;\"><strong>Dongguan Xinyang Sporting Goods Co, Ltd.<\/strong><\/span><br \/><span style=\"color: #000000;\">Adres:<strong>\u00a01319 Zhongzheng Binas\u0131, No.82 Dongmen Orta Yolu, Changan Kasabas\u0131, Dongguan \u015eehri, Guangdong Eyaleti<\/strong><\/span><br \/><span style=\"color: #000000;\">E-posta:\u00a0<strong>mxysports@gmail.com<\/strong><\/span><br \/><span style=\"color: #000000;\">Telefon:<strong>+86-13267261491<\/strong><\/span><\/div><\/div>\t\t\t\t\t\t\t\t<\/div>\n\t\t\t\t<\/div>\n\t\t\t\t\t<\/div>\n\t\t\t\t<\/div>\n\t\t\t\t<\/div>","protected":false},"excerpt":{"rendered":"<p>Ana Sayfa Platformumuzu kullan\u0131rken t\u00fcm kullan\u0131c\u0131lar i\u00e7in g\u00fcvenli ve sorunsuz bir deneyim sa\u011flayan kurallar\u0131, d\u00fczenlemeleri ve sorumluluklar\u0131 anlamak i\u00e7in Hizmet \u015eartlar\u0131m\u0131z\u0131 inceleyin. Hizmet Ko\u015fullar\u0131 Dongguan Xinyang Sporting Goods Co, Ltd'ye ho\u015f geldiniz. (\"biz,\" \"bizim,\" veya \"bize\"). Web sitemize ve hizmetlerimize eri\u015ferek veya bunlar\u0131 kullanarak, [...] taraf\u0131ndan ba\u011flanmay\u0131 kabul edersiniz.<\/p>","protected":false},"author":2,"featured_media":0,"parent":0,"menu_order":0,"comment_status":"closed","ping_status":"closed","template":"","meta":{"_acf_changed":false,"footnotes":""},"class_list":["post-2625","page","type-page","status-publish","hentry"],"acf":[],"_links":{"self":[{"href":"https:\/\/mxysport.com\/tr\/wp-json\/wp\/v2\/pages\/2625","targetHints":{"allow":["GET"]}}],"collection":[{"href":"https:\/\/mxysport.com\/tr\/wp-json\/wp\/v2\/pages"}],"about":[{"href":"https:\/\/mxysport.com\/tr\/wp-json\/wp\/v2\/types\/page"}],"author":[{"embeddable":true,"href":"https:\/\/mxysport.com\/tr\/wp-json\/wp\/v2\/users\/2"}],"replies":[{"embeddable":true,"href":"https:\/\/mxysport.com\/tr\/wp-json\/wp\/v2\/comments?post=2625"}],"version-history":[{"count":22,"href":"https:\/\/mxysport.com\/tr\/wp-json\/wp\/v2\/pages\/2625\/revisions"}],"predecessor-version":[{"id":3352,"href":"https:\/\/mxysport.com\/tr\/wp-json\/wp\/v2\/pages\/2625\/revisions\/3352"}],"wp:attachment":[{"href":"https:\/\/mxysport.com\/tr\/wp-json\/wp\/v2\/media?parent=2625"}],"curies":[{"name":"wp","href":"https:\/\/api.w.org\/{rel}","templated":true}]}}